{"id":6784,"date":"2026-01-21T17:57:30","date_gmt":"2026-01-21T17:57:30","guid":{"rendered":"https:\/\/www.anytherm.com\/sitemap\/"},"modified":"2026-01-21T17:58:48","modified_gmt":"2026-01-21T17:58:48","slug":"sitemap","status":"publish","type":"page","link":"https:\/\/www.anytherm.com\/de\/sitemap\/","title":{"rendered":"Sitemap"},"content":{"rendered":"<ul class=\"wp-block-page-list\"><li class=\"wp-block-pages-list__item\"><a class=\"wp-block-pages-list__item__link\" href=\"https:\/\/www.anytherm.com\/de\/bedingungen-und-konditionen\/\">Allgemeine Gesch\u00e4ftsbedingungen<\/a><\/li><li class=\"wp-block-pages-list__item has-child\"><a class=\"wp-block-pages-list__item__link\" href=\"https:\/\/www.anytherm.com\/de\/anwendungen\/\">Anwendungen<\/a><ul class=\"wp-block-navigation__submenu-container\"><li class=\"wp-block-pages-list__item \"><a class=\"wp-block-pages-list__item__link\" href=\"https:\/\/www.anytherm.com\/de\/anwendungen\/prozesslufttechnik-produktionsklimatisierung-industrielle-luftmanagementsysteme\/\">Prozesslufttechnik \/ Produktionsklimatisierung \/ Industrielle Luftmanagementsysteme<\/a><\/li><li class=\"wp-block-pages-list__item \"><a class=\"wp-block-pages-list__item__link\" href=\"https:\/\/www.anytherm.com\/de\/anwendungen\/industrielle-waermerueckgewinnungssysteme\/\">Industrielle W\u00e4rmer\u00fcckgewinnungssysteme<\/a><\/li><li class=\"wp-block-pages-list__item \"><a class=\"wp-block-pages-list__item__link\" href=\"https:\/\/www.anytherm.com\/de\/anwendungen\/spruehtrocknung\/\">Spr\u00fchtrocknung<\/a><\/li><li class=\"wp-block-pages-list__item \"><a class=\"wp-block-pages-list__item__link\" href=\"https:\/\/www.anytherm.com\/de\/anwendungen\/prozessindustrien\/\">Prozessindustrien<\/a><\/li><li class=\"wp-block-pages-list__item \"><a class=\"wp-block-pages-list__item__link\" href=\"https:\/\/www.anytherm.com\/de\/anwendungen\/lithium-batterie-verarbeitung\/\">Lithium-Batterie-Verarbeitung<\/a><\/li><li class=\"wp-block-pages-list__item \"><a class=\"wp-block-pages-list__item__link\" href=\"https:\/\/www.anytherm.com\/de\/anwendungen\/schleuder-blitz-trocknung\/\">Spin-Flash-Trocknung<\/a><\/li><li class=\"wp-block-pages-list__item \"><a class=\"wp-block-pages-list__item__link\" href=\"https:\/\/www.anytherm.com\/de\/anwendungen\/kuehlungsanwendungen\/\">K\u00fchlungsanwendungen<\/a><\/li><li class=\"wp-block-pages-list__item \"><a class=\"wp-block-pages-list__item__link\" href=\"https:\/\/www.anytherm.com\/de\/anwendungen\/massgeschneiderte-hvac-loesungen\/\">Ma\u00dfgeschneiderte HVAC-L\u00f6sungen<\/a><\/li><\/ul><\/li><li class=\"wp-block-pages-list__item\"><a class=\"wp-block-pages-list__item__link\" href=\"https:\/\/www.anytherm.com\/de\/datenschutzbestimmungen\/\">Datenschutzbestimmungen<\/a><\/li><li class=\"wp-block-pages-list__item has-child\"><a class=\"wp-block-pages-list__item__link\" href=\"https:\/\/www.anytherm.com\/de\/dienstleistungen\/\">Dienstleistungen<\/a><ul class=\"wp-block-navigation__submenu-container\"><li class=\"wp-block-pages-list__item \"><a class=\"wp-block-pages-list__item__link\" href=\"https:\/\/www.anytherm.com\/de\/dienstleistungen\/waermetauscher-beratung\/\">W\u00e4rmetauscher-Beratung<\/a><\/li><li class=\"wp-block-pages-list__item \"><a class=\"wp-block-pages-list__item__link\" href=\"https:\/\/www.anytherm.com\/de\/dienstleistungen\/ingenieurwesen\/\">Engineering-Dienstleistungen<\/a><\/li><li class=\"wp-block-pages-list__item \"><a class=\"wp-block-pages-list__item__link\" href=\"https:\/\/www.anytherm.com\/de\/dienstleistungen\/industrielle-prozessausruestung-auftragsfertigung-nach-kundenentwurf\/\">Industrielle Prozessausr\u00fcstung \/ Auftragsfertigung nach Kundenentwurf<\/a><\/li><li class=\"wp-block-pages-list__item \"><a class=\"wp-block-pages-list__item__link\" href=\"https:\/\/www.anytherm.com\/de\/dienstleistungen\/verpackung-und-transport\/\">Verpackung und Transport<\/a><\/li><li class=\"wp-block-pages-list__item \"><a class=\"wp-block-pages-list__item__link\" href=\"https:\/\/www.anytherm.com\/de\/dienstleistungen\/installation\/\">Installation und Inbetriebnahme<\/a><\/li><li class=\"wp-block-pages-list__item \"><a class=\"wp-block-pages-list__item__link\" href=\"https:\/\/www.anytherm.com\/de\/dienstleistungen\/kundendienst\/\">After Sales Service<\/a><\/li><\/ul><\/li><li class=\"wp-block-pages-list__item has-child\"><a class=\"wp-block-pages-list__item__link\" href=\"https:\/\/www.anytherm.com\/de\/energieberatung\/\">Energieberatung<\/a><ul class=\"wp-block-navigation__submenu-container\"><li class=\"wp-block-pages-list__item \"><a class=\"wp-block-pages-list__item__link\" href=\"https:\/\/www.anytherm.com\/de\/energieberatung\/waermerueckgewinnungs-analyse-pinch-analyse\/\">W\u00e4rmer\u00fcckgewinnungs-Analyse \/ Pinch-Analyse<\/a><\/li><li class=\"wp-block-pages-list__item \"><a class=\"wp-block-pages-list__item__link\" href=\"https:\/\/www.anytherm.com\/de\/energieberatung\/energieanalyse\/\">Energieanalyse<\/a><\/li><li class=\"wp-block-pages-list__item \"><a class=\"wp-block-pages-list__item__link\" href=\"https:\/\/www.anytherm.com\/de\/energieberatung\/fahrplan-zu-netto-null\/\">Netto-Null-Fahrplan<\/a><\/li><li class=\"wp-block-pages-list__item \"><a class=\"wp-block-pages-list__item__link\" href=\"https:\/\/www.anytherm.com\/de\/energieberatung\/energiemanagement\/\">Energiemanagement<\/a><\/li><\/ul><\/li><li class=\"wp-block-pages-list__item\"><a class=\"wp-block-pages-list__item__link\" href=\"https:\/\/www.anytherm.com\/de\/nachrichten\/\">News<\/a><\/li><li class=\"wp-block-pages-list__item\"><a class=\"wp-block-pages-list__item__link\" href=\"https:\/\/www.anytherm.com\/de\/sitemap\/\">Sitemap<\/a><\/li><li class=\"wp-block-pages-list__item has-child\"><a class=\"wp-block-pages-list__item__link\" href=\"https:\/\/www.anytherm.com\/de\/ueber-uns\/\">\u00dcber uns<\/a><ul class=\"wp-block-navigation__submenu-container\"><li class=\"wp-block-pages-list__item \"><a class=\"wp-block-pages-list__item__link\" href=\"https:\/\/www.anytherm.com\/de\/ueber-uns\/kontakt\/\">Kontakt<\/a><\/li><li class=\"wp-block-pages-list__item \"><a class=\"wp-block-pages-list__item__link\" href=\"https:\/\/www.anytherm.com\/de\/ueber-uns\/team\/\">Team<\/a><\/li><li class=\"wp-block-pages-list__item \"><a class=\"wp-block-pages-list__item__link\" href=\"https:\/\/www.anytherm.com\/de\/ueber-uns\/karriere\/\">Karriere<\/a><\/li><li class=\"wp-block-pages-list__item \"><a class=\"wp-block-pages-list__item__link\" href=\"https:\/\/www.anytherm.com\/de\/ueber-uns\/geschichte-des-unternehmens\/\">Geschichte des Unternehmens<\/a><\/li><li class=\"wp-block-pages-list__item \"><a class=\"wp-block-pages-list__item__link\" href=\"https:\/\/www.anytherm.com\/de\/ueber-uns\/unternehmensgrundsaetze\/\">Unternehmensgrunds\u00e4tze<\/a><\/li><li class=\"wp-block-pages-list__item \"><a class=\"wp-block-pages-list__item__link\" href=\"https:\/\/www.anytherm.com\/de\/ueber-uns\/nachhaltigkeit\/\">Ethik- und Nachhaltigkeitsrichtlinien Anytherm \/ Environmental Social Governance (ESG)-Verpflichtung<\/a><\/li><li class=\"wp-block-pages-list__item \"><a class=\"wp-block-pages-list__item__link\" href=\"https:\/\/www.anytherm.com\/de\/ueber-uns\/standorte\/\">Standorte<\/a><\/li><li class=\"wp-block-pages-list__item \"><a class=\"wp-block-pages-list__item__link\" href=\"https:\/\/www.anytherm.com\/de\/ueber-uns\/referenzen\/\">Referenzen<\/a><\/li><li class=\"wp-block-pages-list__item \"><a class=\"wp-block-pages-list__item__link\" href=\"https:\/\/www.anytherm.com\/de\/ueber-uns\/frequently-asked-questions\/\">H\u00e4ufig gestellte Fragen (FAQ)<\/a><\/li><\/ul><\/li><li class=\"wp-block-pages-list__item has-child\"><a class=\"wp-block-pages-list__item__link\" href=\"https:\/\/www.anytherm.com\/de\/produkte\/\">W\u00e4rmetauscher und Prozessausr\u00fcstung<\/a><ul class=\"wp-block-navigation__submenu-container\"><li class=\"wp-block-pages-list__item \"><a class=\"wp-block-pages-list__item__link\" href=\"https:\/\/www.anytherm.com\/de\/produkte\/dampf-lufterhitzer-dampf-waermetauscher-dampfschlangen-luftheizung\/\">Dampf-Lufterhitzer \/ Dampf-W\u00e4rmetauscher \/ Prozessluft-Erhitzung mit Dampf<\/a><\/li><li class=\"wp-block-pages-list__item \"><a class=\"wp-block-pages-list__item__link\" href=\"https:\/\/www.anytherm.com\/de\/produkte\/zuluftkonditionierung\/\">Zuluftaufbereitung (Air Intake Units) \/ Aussenluftaufbereitung \/ Luftansauganlagen \/ Aufbereitung von Aussenluft f\u00fcr Prozesse<\/a><\/li><li class=\"wp-block-pages-list__item \"><a class=\"wp-block-pages-list__item__link\" href=\"https:\/\/www.anytherm.com\/de\/produkte\/trockenmittel-radentfeuchter-sorptionsentfeuchtungsanlagen-adsorptionsentfeuchtung\/\">Trockenmittel-Radentfeuchter \/ Sorptionsentfeuchtungsanlagen \/ Adsorptionsentfeuchtung<\/a><\/li><li class=\"wp-block-pages-list__item \"><a class=\"wp-block-pages-list__item__link\" href=\"https:\/\/www.anytherm.com\/de\/produkte\/kuehlung-von-luftentfeuchtern\/\">Kondensations-Luftentfeuchter \/ Luftentfeuchtung mit K\u00fchlmittel<\/a><\/li><li class=\"wp-block-pages-list__item \"><a class=\"wp-block-pages-list__item__link\" href=\"https:\/\/www.anytherm.com\/de\/produkte\/elektrische-heizungen\/\">Elektrische Lufterhitzer<\/a><\/li><li class=\"wp-block-pages-list__item \"><a class=\"wp-block-pages-list__item__link\" href=\"https:\/\/www.anytherm.com\/de\/produkte\/luftbehandlungsgeraete-luftbehandlungssysteme\/\">Luftbehandlungsger\u00e4te \/ hygienische Prozessluftkonditionierung \/ Luftbehandlungssysteme<\/a><\/li><li class=\"wp-block-pages-list__item \"><a class=\"wp-block-pages-list__item__link\" href=\"https:\/\/www.anytherm.com\/de\/produkte\/waermerueckgewinner-waermerueckgewinnungsanlagen-economizer\/\">W\u00e4rmer\u00fcckgewinner \/ W\u00e4rmer\u00fcckgewinnungsanlagen \/ Economizer<\/a><\/li><li class=\"wp-block-pages-list__item \"><a class=\"wp-block-pages-list__item__link\" href=\"https:\/\/www.anytherm.com\/de\/produkte\/kompakte-waermetauschereinheiten\/\">Kompakte W\u00e4rmetauschereinheiten<\/a><\/li><li class=\"wp-block-pages-list__item \"><a class=\"wp-block-pages-list__item__link\" href=\"https:\/\/www.anytherm.com\/de\/produkte\/hochdruck-einheiten\/\">Hochdruck-Einheiten<\/a><\/li><li class=\"wp-block-pages-list__item \"><a class=\"wp-block-pages-list__item__link\" href=\"https:\/\/www.anytherm.com\/de\/produkte\/pumpstationen\/\">Pumpstationen<\/a><\/li><li class=\"wp-block-pages-list__item \"><a class=\"wp-block-pages-list__item__link\" href=\"https:\/\/www.anytherm.com\/de\/produkte\/prozess-therm\/\">Process Therm<\/a><\/li><li class=\"wp-block-pages-list__item \"><a class=\"wp-block-pages-list__item__link\" href=\"https:\/\/www.anytherm.com\/de\/produkte\/tp-hex\/\">TP-HEX<\/a><\/li><li class=\"wp-block-pages-list__item \"><a class=\"wp-block-pages-list__item__link\" href=\"https:\/\/www.anytherm.com\/de\/produkte\/therm-x\/\">Therm-X<\/a><\/li><li class=\"wp-block-pages-list__item \"><a class=\"wp-block-pages-list__item__link\" href=\"https:\/\/www.anytherm.com\/de\/produkte\/filter-einheiten\/\">Filter-Einheiten<\/a><\/li><li class=\"wp-block-pages-list__item \"><a class=\"wp-block-pages-list__item__link\" href=\"https:\/\/www.anytherm.com\/de\/produkte\/gas-zu-gas-waermetauscher\/\">Gas-Gas-W\u00e4rmetauscher<\/a><\/li><\/ul><\/li><li class=\"wp-block-pages-list__item menu-item-home\"><a class=\"wp-block-pages-list__item__link\" href=\"https:\/\/www.anytherm.com\/de\/\">W\u00e4rmetauscher. W\u00e4rmer\u00fcckgewinnung. Energieeffizienz. Because Any Therm Matters!<\/a><\/li><\/ul>","protected":false},"excerpt":{"rendered":"","protected":false},"author":1,"featured_media":0,"parent":0,"menu_order":0,"comment_status":"closed","ping_status":"closed","template":"","meta":{"_acf_changed":false,"inline_featured_image":false,"footnotes":""},"folder":[38],"class_list":["post-6784","page","type-page","status-publish","hentry"],"acf":[],"_links":{"self":[{"href":"https:\/\/www.anytherm.com\/de\/wp-json\/wp\/v2\/pages\/6784","targetHints":{"allow":["GET"]}}],"collection":[{"href":"https:\/\/www.anytherm.com\/de\/wp-json\/wp\/v2\/pages"}],"about":[{"href":"https:\/\/www.anytherm.com\/de\/wp-json\/wp\/v2\/types\/page"}],"author":[{"embeddable":true,"href":"https:\/\/www.anytherm.com\/de\/wp-json\/wp\/v2\/users\/1"}],"replies":[{"embeddable":true,"href":"https:\/\/www.anytherm.com\/de\/wp-json\/wp\/v2\/comments?post=6784"}],"version-history":[{"count":1,"href":"https:\/\/www.anytherm.com\/de\/wp-json\/wp\/v2\/pages\/6784\/revisions"}],"predecessor-version":[{"id":6785,"href":"https:\/\/www.anytherm.com\/de\/wp-json\/wp\/v2\/pages\/6784\/revisions\/6785"}],"wp:attachment":[{"href":"https:\/\/www.anytherm.com\/de\/wp-json\/wp\/v2\/media?parent=6784"}],"wp:term":[{"taxonomy":"folder","embeddable":true,"href":"https:\/\/www.anytherm.com\/de\/wp-json\/wp\/v2\/folder?post=6784"}],"curies":[{"name":"wp","href":"https:\/\/api.w.org\/{rel}","templated":true}]}}