{"id":6615,"date":"2025-12-29T11:52:06","date_gmt":"2025-12-29T11:52:06","guid":{"rendered":"https:\/\/therminators.com\/dienstleistungen\/kundendienst\/"},"modified":"2026-01-31T15:53:07","modified_gmt":"2026-01-31T15:53:07","slug":"kundendienst","status":"publish","type":"page","link":"https:\/\/www.anytherm.com\/de\/dienstleistungen\/kundendienst\/","title":{"rendered":"After Sales Service"},"content":{"rendered":"\n<div class=\"wp-block-columns is-layout-flex wp-container-core-columns-is-layout-28f84493 wp-block-columns-is-layout-flex\">\n<div class=\"wp-block-column is-layout-flow wp-block-column-is-layout-flow\"><h3 class=\"wp-block-heading\" id=\"langfristige-leistung-zuverlaessigkeit-und-effizienz\">Langfristige Leistung, Zuverl\u00e4ssigkeit und Effizienz<\/h3>\n\n\n<p>Anytherm ist bestrebt, langfristige Partnerschaften mit seinen Kunden aufzubauen. Unsere <strong>After Sales Services<\/strong> sollen sicherstellen, dass Ihre W\u00e4rmetauscher, Prozessluftsysteme und W\u00e4rmer\u00fcckgewinnungsanlagen w\u00e4hrend ihrer gesamten Lebensdauer <strong>sicher, effizient und auf dem vorgesehenen Leistungsniveau<\/strong> arbeiten. <\/p>\n\n\n\n<p>Industrielle Systeme entwickeln sich im Laufe der Zeit: Die Betriebsbedingungen \u00e4ndern sich, es kann zu Verschmutzungen kommen, die Prozessanforderungen \u00e4ndern sich und Energiesparpotenziale bleiben m\u00f6glicherweise ungenutzt. Mit strukturierter Serviceunterst\u00fctzung helfen wir unseren Kunden, einen optimalen Betrieb aufrechtzuerhalten und ihre Investitionen zu sch\u00fctzen. <\/p>\n<\/div>\n\n\n\n<div class=\"wp-block-column is-layout-flow wp-block-column-is-layout-flow\">\n<figure class=\"wp-block-image size-full\"><img loading=\"lazy\" decoding=\"async\" width=\"672\" height=\"389\" src=\"https:\/\/www.anytherm.com\/wp-content\/uploads\/2024\/05\/ACO-Switzerland-After-Sales.png\" alt=\"\" class=\"wp-image-567\" srcset=\"https:\/\/www.anytherm.com\/wp-content\/uploads\/2024\/05\/ACO-Switzerland-After-Sales.png 672w, https:\/\/www.anytherm.com\/wp-content\/uploads\/2024\/05\/ACO-Switzerland-After-Sales-300x174.png 300w\" sizes=\"auto, (max-width: 672px) 100vw, 672px\" \/><\/figure>\n<\/div>\n<\/div>\n\n<hr class=\"wp-block-separator has-alpha-channel-opacity\"\/>\n<h3 class=\"wp-block-heading\" id=\"serviceinspektionen-und-wiederinbetriebnahme\">Service-Inspektionen und Wiederinbetriebnahme<\/h3>\n<p>Ein Schl\u00fcsselelement unseres After-Sales-Angebots sind <strong>regelm\u00e4\u00dfige Inspektionen und Wiederinbetriebnahmen<\/strong>. Diese Dienstleistungen helfen dabei, das korrekte Systemverhalten zu \u00fcberpr\u00fcfen, Verbesserungspotenziale zu identifizieren und eine stabile Leistung unter realen Betriebsbedingungen sicherzustellen. <\/p>\n\n<p>Typische Vorteile sind:<\/p>\n\n<ul class=\"wp-block-list\">\n<li>Verbesserte Effizienz der W\u00e4rmer\u00fcckgewinnung und reduzierter Energieverbrauch<\/li>\n\n\n\n<li>\u00dcberpr\u00fcfung der Betriebsparameter und Steuerungseinstellungen<\/li>\n\n\n\n<li>Fr\u00fchzeitige Erkennung von Verschlei\u00df, Verschmutzung oder Leistungsverlusten<\/li>\n\n\n\n<li>Erh\u00f6hte Betriebssicherheit und weniger ungeplante Ausfallzeiten<\/li>\n\n\n\n<li>Unterst\u00fctzung bei Anlagen-Upgrades, Nachr\u00fcstungen oder Prozess\u00e4nderungen<\/li>\n<\/ul>\n\n<p>Bei bestimmten Anwendungen k\u00f6nnen dokumentierte Inspektionen und Wiederinbetriebnahmen auch die <strong>Verl\u00e4ngerung von Serviceintervallen oder garantiebezogene Vereinbarungen<\/strong> unterst\u00fctzen, je nach Projektumfang und vertraglichem Rahmen.<\/p>\n\n<hr class=\"wp-block-separator has-alpha-channel-opacity\"\/>\n<h3 class=\"wp-block-heading\" id=\"massgeschneiderte-serviceprogramme\">Ma\u00dfgeschneiderte Serviceprogramme<\/h3>\n<p>Abh\u00e4ngig von der Systemkomplexit\u00e4t, den Standortbedingungen und Ihren internen Wartungsressourcen kann Anytherm ein <strong>ma\u00dfgeschneidertes After-Sales-Programm<\/strong> vorschlagen, das Folgendes umfasst:<\/p>\n\n<ul class=\"wp-block-list\">\n<li>Regelm\u00e4\u00dfige Servicebesuche und Funktionspr\u00fcfungen<\/li>\n\n\n\n<li>Leistungs\u00fcberpr\u00fcfung und Optimierungsempfehlungen<\/li>\n\n\n\n<li>Fehlersuche und technische Unterst\u00fctzung<\/li>\n\n\n\n<li>Koordination von Ersatzteilen und \u00dcberholung (falls zutreffend)<\/li>\n\n\n\n<li>Unterst\u00fctzung beim Herunterfahren und Wiederanfahren<\/li>\n<\/ul>\n\n<hr class=\"wp-block-separator has-alpha-channel-opacity\"\/>\n<h3 class=\"wp-block-heading\" id=\"unterstuetzung-fuer-ihre-geraete-ueber-ihren-gesamten-lebenszyklus\">Unterst\u00fctzung f\u00fcr Ihre Ger\u00e4te \u00fcber ihren gesamten Lebenszyklus<\/h3>\n<p>Unsere After-Sales-Aktivit\u00e4ten umfassen das gesamte Anytherm-Portfolio, einschlie\u00dflich:<\/p>\n\n<ul class=\"wp-block-list\">\n<li>W\u00e4rmetauscher und W\u00e4rmer\u00fcckgewinner<\/li>\n\n\n\n<li>Abluft- und Abgasw\u00e4rmer\u00fcckgewinnungssysteme<\/li>\n\n\n\n<li>Prozessluftaufbereitung und Dampflufterhitzer<\/li>\n\n\n\n<li>Luftentfeuchter mit Trockenmittel-Rad (Sorption)<\/li>\n\n\n\n<li>Prozessausr\u00fcstung aus Edelstahl und OEM-Baugruppen<\/li>\n<\/ul>\n\n<p><strong>Der Anytherm Atfer Sales Service stellt sicher, dass Ihr System einen messbaren Wert liefert &#8211; nicht nur bei der Inbetriebnahme, sondern \u00fcber viele Betriebsjahre hinweg.<\/strong><\/p>\n\n<hr class=\"wp-block-separator has-alpha-channel-opacity\"\/>\n\n<p class=\"has-text-align-center\">Anytherm: Ma\u00dfgeschneiderte After Sales Services, die den optimalen Betrieb und die Langlebigkeit unserer international angebotenen Industrieanlagen sicherstellen<\/p>\n\n<hr class=\"wp-block-separator has-alpha-channel-opacity\"\/>\n","protected":false},"excerpt":{"rendered":"<p>Langfristige Leistung, Zuverl\u00e4ssigkeit und Effizienz Anytherm ist bestrebt, langfristige Partnerschaften mit seinen Kunden aufzubauen. Unsere After Sales Services sollen sicherstellen, dass Ihre W\u00e4rmetauscher, Prozessluftsysteme und W\u00e4rmer\u00fcckgewinnungsanlagen w\u00e4hrend ihrer gesamten Lebensdauer sicher, effizient und auf dem vorgesehenen Leistungsniveau arbeiten. Industrielle Systeme entwickeln sich im Laufe der Zeit: Die Betriebsbedingungen \u00e4ndern sich, es kann zu Verschmutzungen kommen, [&hellip;]<\/p>\n","protected":false},"author":1,"featured_media":0,"parent":4359,"menu_order":6,"comment_status":"closed","ping_status":"closed","template":"","meta":{"_acf_changed":false,"inline_featured_image":false,"footnotes":""},"folder":[],"class_list":["post-6615","page","type-page","status-publish","hentry"],"acf":[],"_links":{"self":[{"href":"https:\/\/www.anytherm.com\/de\/wp-json\/wp\/v2\/pages\/6615","targetHints":{"allow":["GET"]}}],"collection":[{"href":"https:\/\/www.anytherm.com\/de\/wp-json\/wp\/v2\/pages"}],"about":[{"href":"https:\/\/www.anytherm.com\/de\/wp-json\/wp\/v2\/types\/page"}],"author":[{"embeddable":true,"href":"https:\/\/www.anytherm.com\/de\/wp-json\/wp\/v2\/users\/1"}],"replies":[{"embeddable":true,"href":"https:\/\/www.anytherm.com\/de\/wp-json\/wp\/v2\/comments?post=6615"}],"version-history":[{"count":5,"href":"https:\/\/www.anytherm.com\/de\/wp-json\/wp\/v2\/pages\/6615\/revisions"}],"predecessor-version":[{"id":7174,"href":"https:\/\/www.anytherm.com\/de\/wp-json\/wp\/v2\/pages\/6615\/revisions\/7174"}],"up":[{"embeddable":true,"href":"https:\/\/www.anytherm.com\/de\/wp-json\/wp\/v2\/pages\/4359"}],"wp:attachment":[{"href":"https:\/\/www.anytherm.com\/de\/wp-json\/wp\/v2\/media?parent=6615"}],"wp:term":[{"taxonomy":"folder","embeddable":true,"href":"https:\/\/www.anytherm.com\/de\/wp-json\/wp\/v2\/folder?post=6615"}],"curies":[{"name":"wp","href":"https:\/\/api.w.org\/{rel}","templated":true}]}}