{"id":6609,"date":"2025-12-29T11:49:54","date_gmt":"2025-12-29T11:49:54","guid":{"rendered":"https:\/\/therminators.com\/dienstleistungen\/installation\/"},"modified":"2026-01-31T15:39:48","modified_gmt":"2026-01-31T15:39:48","slug":"installation","status":"publish","type":"page","link":"https:\/\/www.anytherm.com\/de\/dienstleistungen\/installation\/","title":{"rendered":"Installation und Inbetriebnahme"},"content":{"rendered":"\n<p>Auf Wunsch unserer Kunden bieten wir gerne Installations- und Inbetriebnahmeservices vor Ort an &#8211; \u00fcberall auf der Welt!<\/p>\n\n<hr class=\"wp-block-separator has-alpha-channel-opacity\"\/>\n\n<div class=\"wp-block-columns is-layout-flex wp-container-core-columns-is-layout-28f84493 wp-block-columns-is-layout-flex\">\n<div class=\"wp-block-column is-layout-flow wp-block-column-is-layout-flow\"><h2 class=\"wp-block-heading\" id=\"unterstuetzung-bei-der-installation-vor-ort\">Unterst\u00fctzung bei der Installation vor Ort<\/h2>\n\n\n<p>Auf Wunsch des Kunden bietet Anytherm <strong>Unterst\u00fctzung bei der Installation vor Ort<\/strong> durch die Organisation <strong>hochqualifizierter Schwei\u00dfer, Monteure und mechanischer Techniker<\/strong>, die von erfahrenen Supervisoren und Ingenieuren koordiniert werden. Wir organisieren Installationsteams, die gem\u00e4\u00df dem vereinbarten Umfang, den Vorschriften vor Ort und den geltenden Qualit\u00e4tsanforderungen arbeiten, um eine <strong>saubere und zuverl\u00e4ssige Installation<\/strong> Ihrer Ger\u00e4te zu gew\u00e4hrleisten. <\/p>\n\n\n\n<p>Wir unterst\u00fctzen Projekte <strong>in ganz Europa und international<\/strong> und stellen sicher, dass die Installationsteams mit den erforderlichen Werkzeugen, Messger\u00e4ten und <strong>pers\u00f6nlicher Schutzausr\u00fcstung (PSA<\/strong>) ausgestattet sind. Bei Bedarf stimmen wir uns mit lokalen Partnern und Ihrem Baustellenteam ab, um eine reibungslose Integration in die bestehende Baustellenlogistik und die HSE-Vorschriften zu gew\u00e4hrleisten. <\/p>\n<\/div>\n\n\n\n<div class=\"wp-block-column is-layout-flow wp-block-column-is-layout-flow\">\n<figure class=\"wp-block-image size-full\"><img loading=\"lazy\" decoding=\"async\" width=\"951\" height=\"575\" src=\"https:\/\/www.anytherm.com\/wp-content\/uploads\/2024\/05\/ACO-Switzerland-Installation.jpg\" alt=\"\" class=\"wp-image-549\" srcset=\"https:\/\/www.anytherm.com\/wp-content\/uploads\/2024\/05\/ACO-Switzerland-Installation.jpg 951w, https:\/\/www.anytherm.com\/wp-content\/uploads\/2024\/05\/ACO-Switzerland-Installation-300x181.jpg 300w, https:\/\/www.anytherm.com\/wp-content\/uploads\/2024\/05\/ACO-Switzerland-Installation-768x464.jpg 768w\" sizes=\"auto, (max-width: 951px) 100vw, 951px\" \/><\/figure>\n<\/div>\n<\/div>\n\n<hr class=\"wp-block-separator has-alpha-channel-opacity\"\/>\n<h2 class=\"wp-block-heading\" id=\"inbetriebnahme-sicherstellung-der-korrekten-funktion-und-leistung\">Inbetriebnahme &#8211; Sicherstellung der korrekten Funktion und Leistung<\/h2>\n<div class=\"wp-block-columns is-layout-flex wp-container-core-columns-is-layout-28f84493 wp-block-columns-is-layout-flex\">\n<div class=\"wp-block-column is-layout-flow wp-block-column-is-layout-flow\">\n<p>Nach der Installation empfehlen wir dringend eine <strong>Unterst\u00fctzung bei der Inbetriebnahme<\/strong>, um die korrekte Integration, den sicheren Betrieb und die beabsichtigte Leistung der gelieferten Systeme zu best\u00e4tigen. Die Inbetriebnahme ist der Schritt, bei dem aus Installationsqualit\u00e4t Betriebssicherheit wird: Wir \u00fcberpr\u00fcfen die Schnittstellen, stellen die Betriebsparameter ein und unterst\u00fctzen die Inbetriebnahme, um die Anlaufzeit zu verk\u00fcrzen und vermeidbare Probleme zu vermeiden. <\/p>\n\n\n\n<p>Unsere Unterst\u00fctzung bei der Inbetriebnahme ist besonders wertvoll f\u00fcr Anlagen, bei denen die <strong>Prozessbedingungen, die Steuerungslogik und die Betriebsparameter<\/strong> die Leistung und Langlebigkeit erheblich beeinflussen:<\/p>\n\n\n\n<ul class=\"wp-block-list\">\n<li><strong>Dampf-Luftheizger\u00e4te<\/strong> und Hochtemperatur-Luftsysteme<\/li>\n\n\n\n<li><strong>W\u00e4rmer\u00fcckgewinnungssysteme<\/strong> (W\u00e4rmer\u00fcckgewinner, Abluft-\/Gasr\u00fcckgewinner, Rauchgasr\u00fcckgewinner)<\/li>\n\n\n\n<li><strong>Prozessluftaufbereitungsger\u00e4te<\/strong> und hygienische Luftsysteme<\/li>\n\n\n\n<li><strong>Luftentfeuchter mit Trockenmittel-Rad (Sorption)<\/strong><\/li>\n\n\n\n<li>Komplexe Nachr\u00fcstungssituationen mit engen Zeitfenstern f\u00fcr die Abschaltung<\/li>\n<\/ul>\n<\/div>\n\n\n\n<div class=\"wp-block-column is-layout-flow wp-block-column-is-layout-flow\">\n<figure class=\"wp-block-image size-full is-resized\"><img loading=\"lazy\" decoding=\"async\" width=\"499\" height=\"333\" src=\"https:\/\/www.anytherm.com\/wp-content\/uploads\/2026\/01\/ACO-Switzerland-Comissioning-Kopie-edited.jpg\" alt=\"\" class=\"wp-image-7143\" style=\"width:569px;height:auto\" srcset=\"https:\/\/www.anytherm.com\/wp-content\/uploads\/2026\/01\/ACO-Switzerland-Comissioning-Kopie-edited.jpg 499w, https:\/\/www.anytherm.com\/wp-content\/uploads\/2026\/01\/ACO-Switzerland-Comissioning-Kopie-edited-300x200.jpg 300w\" sizes=\"auto, (max-width: 499px) 100vw, 499px\" \/><\/figure>\n<\/div>\n<\/div>\n\n<hr class=\"wp-block-separator has-alpha-channel-opacity\"\/>\n<h2 class=\"wp-block-heading\" id=\"was-sie-erwarten-koennen\">Was Sie erwarten k\u00f6nnen<\/h2>\n<ul class=\"wp-block-list\">\n<li>Installationsanleitung durch Supervisoren und Ingenieure (abh\u00e4ngig vom Umfang)<\/li>\n\n\n\n<li>Unterst\u00fctzung bei Start und Inbetriebnahme mit Checklisten und Funktionspr\u00fcfung<\/li>\n\n\n\n<li>Unterst\u00fctzung bei der Einrichtung von Parametern und bei der Fehlersuche w\u00e4hrend der Anlaufphase<\/li>\n\n\n\n<li>Praktische \u00dcbergabe an Betreiber und Wartungsteam (je nach Bedarf)<\/li>\n\n\n\n<li>Klare Dokumentation der durchgef\u00fchrten Pr\u00fcfungen (projektabh\u00e4ngig)<\/li>\n<\/ul>\n\n<hr class=\"wp-block-separator has-alpha-channel-opacity\"\/>\n<h2 class=\"wp-block-heading\" id=\"warum-kunden-anytherm-waehlen\">Warum Kunden Anytherm w\u00e4hlen<\/h2>\n<p>Anytherm verbindet <strong>Schweizer Ingenieursexpertise<\/strong> mit gro\u00dfer praktischer Erfahrung in <strong>industriellen Prozessluftsystemen, W\u00e4rmetauschern und W\u00e4rmer\u00fcckgewinnung<\/strong> &#8211; oft in anspruchsvollen Umgebungen wie der <strong>Lebensmittel- und Milchverarbeitung<\/strong> und anderen Industrien mit hohen Erwartungen an Zuverl\u00e4ssigkeit und Sauberkeit.<\/p>\n\n<hr class=\"wp-block-separator has-alpha-channel-opacity\"\/>\n\n<p class=\"has-text-align-center\">Anytherm: Gew\u00e4hrleistung einer reibungslosen Installation und Inbetriebnahme von Prozessluft-, W\u00e4rmetausch- und W\u00e4rmer\u00fcckgewinnungssystemen in der industriellen Anwendung<\/p>\n\n<hr class=\"wp-block-separator has-alpha-channel-opacity\"\/>\n","protected":false},"excerpt":{"rendered":"<p>Auf Wunsch unserer Kunden bieten wir gerne Installations- und Inbetriebnahmeservices vor Ort an &#8211; \u00fcberall auf der Welt! Unterst\u00fctzung bei der Installation vor Ort Auf Wunsch des Kunden bietet Anytherm Unterst\u00fctzung bei der Installation vor Ort durch die Organisation hochqualifizierter Schwei\u00dfer, Monteure und mechanischer Techniker, die von erfahrenen Supervisoren und Ingenieuren koordiniert werden. Wir organisieren [&hellip;]<\/p>\n","protected":false},"author":1,"featured_media":0,"parent":4359,"menu_order":5,"comment_status":"closed","ping_status":"closed","template":"","meta":{"_acf_changed":false,"inline_featured_image":false,"footnotes":""},"folder":[],"class_list":["post-6609","page","type-page","status-publish","hentry"],"acf":[],"_links":{"self":[{"href":"https:\/\/www.anytherm.com\/de\/wp-json\/wp\/v2\/pages\/6609","targetHints":{"allow":["GET"]}}],"collection":[{"href":"https:\/\/www.anytherm.com\/de\/wp-json\/wp\/v2\/pages"}],"about":[{"href":"https:\/\/www.anytherm.com\/de\/wp-json\/wp\/v2\/types\/page"}],"author":[{"embeddable":true,"href":"https:\/\/www.anytherm.com\/de\/wp-json\/wp\/v2\/users\/1"}],"replies":[{"embeddable":true,"href":"https:\/\/www.anytherm.com\/de\/wp-json\/wp\/v2\/comments?post=6609"}],"version-history":[{"count":4,"href":"https:\/\/www.anytherm.com\/de\/wp-json\/wp\/v2\/pages\/6609\/revisions"}],"predecessor-version":[{"id":7170,"href":"https:\/\/www.anytherm.com\/de\/wp-json\/wp\/v2\/pages\/6609\/revisions\/7170"}],"up":[{"embeddable":true,"href":"https:\/\/www.anytherm.com\/de\/wp-json\/wp\/v2\/pages\/4359"}],"wp:attachment":[{"href":"https:\/\/www.anytherm.com\/de\/wp-json\/wp\/v2\/media?parent=6609"}],"wp:term":[{"taxonomy":"folder","embeddable":true,"href":"https:\/\/www.anytherm.com\/de\/wp-json\/wp\/v2\/folder?post=6609"}],"curies":[{"name":"wp","href":"https:\/\/api.w.org\/{rel}","templated":true}]}}