{"id":6605,"date":"2025-12-29T11:04:17","date_gmt":"2025-12-29T11:04:17","guid":{"rendered":"https:\/\/therminators.com\/dienstleistungen\/ingenieurwesen\/"},"modified":"2026-01-31T15:34:52","modified_gmt":"2026-01-31T15:34:52","slug":"ingenieurwesen","status":"publish","type":"page","link":"https:\/\/www.anytherm.com\/de\/dienstleistungen\/ingenieurwesen\/","title":{"rendered":"Engineering-Dienstleistungen"},"content":{"rendered":"\n<p>Unsere erfahrenen Ingenieure arbeiten mit hochentwickelter Berechnungs- und Konstruktionssoftware und bieten Ihnen ein h\u00f6chst zuverl\u00e4ssiges Gesamtpaket an kompetenten Ingenieurleistungen.<\/p>\n\n<hr class=\"wp-block-separator has-alpha-channel-opacity\"\/>\n<h3 class=\"wp-block-heading\" id=\"engineering-fuer-kundenspezifische-industrieanlagen\">Engineering f\u00fcr kundenspezifische Industrieanlagen<\/h3>\n<div class=\"wp-block-columns is-layout-flex wp-container-core-columns-is-layout-28f84493 wp-block-columns-is-layout-flex\">\n<div class=\"wp-block-column is-layout-flow wp-block-column-is-layout-flow\" style=\"flex-basis:66.66%\">\n<p class=\"justify\">Anytherm bietet professionelle <strong>Ingenieurdienstleistungen<\/strong> f\u00fcr Industrieanlagen an &#8211; von der Konstruktion und Detaillierung <strong>kundenspezifischer W\u00e4rmetauscher<\/strong> \u00fcber <strong>ma\u00dfgeschneiderte Prozessluftaufbereitungsanlagen<\/strong> bis hin zu <strong>Prozessausr\u00fcstung aus Edelstahl<\/strong>. Unser Ingenieurteam kombiniert praktisches Fertigungs-Know-how mit fortschrittlichen Berechnungswerkzeugen, um L\u00f6sungen zu liefern, die technisch solide sind, den Normen entsprechen und f\u00fcr die Fertigung und Implementierung bereit sind. <\/p>\n\n\n\n<p>Ganz gleich, ob Sie eine <strong>neue Produktionslinie<\/strong> planen oder eine <strong>Nachr\u00fcstung<\/strong> in einer bestehenden Anlage durchf\u00fchren, wir unterst\u00fctzen Sie vom Pre-Engineering bis zum detaillierten Design &#8211; im Innen- oder Au\u00dfenbereich, einschlie\u00dflich standortspezifischer Einschr\u00e4nkungen und Schnittstellen.<\/p>\n<\/div>\n\n\n\n<div class=\"wp-block-column is-layout-flow wp-block-column-is-layout-flow\" style=\"flex-basis:33.33%\">\n<figure class=\"wp-block-image size-large\"><img loading=\"lazy\" decoding=\"async\" width=\"1024\" height=\"511\" src=\"https:\/\/www.anytherm.com\/wp-content\/uploads\/2024\/05\/ACO-Switzerland-Engineering-1024x511.png\" alt=\"Anytherm Engineering\" class=\"wp-image-555\" srcset=\"https:\/\/www.anytherm.com\/wp-content\/uploads\/2024\/05\/ACO-Switzerland-Engineering-1024x511.png 1024w, https:\/\/www.anytherm.com\/wp-content\/uploads\/2024\/05\/ACO-Switzerland-Engineering-300x150.png 300w, https:\/\/www.anytherm.com\/wp-content\/uploads\/2024\/05\/ACO-Switzerland-Engineering-768x383.png 768w, https:\/\/www.anytherm.com\/wp-content\/uploads\/2024\/05\/ACO-Switzerland-Engineering-1536x766.png 1536w, https:\/\/www.anytherm.com\/wp-content\/uploads\/2024\/05\/ACO-Switzerland-Engineering.png 1917w\" sizes=\"auto, (max-width: 1024px) 100vw, 1024px\" \/><\/figure>\n<\/div>\n<\/div>\n\n<hr class=\"wp-block-separator has-alpha-channel-opacity\"\/>\n<h3 class=\"wp-block-heading\" id=\"unsere-technischen-dienstleistungen-umfassen\">Unsere technischen Dienstleistungen umfassen<\/h3>\n<ul class=\"wp-block-list\">\n<li><strong>Konzept- und Detailengineering<\/strong> f\u00fcr W\u00e4rmetauscher und Prozessluftaufbereitungssysteme<\/li>\n\n\n\n<li><strong>3D-CAD-Modelle und produktionsreife 2D-Zeichnungen<\/strong> (inkl. Detail- und Schwei\u00dfzeichnungen)<\/li>\n\n\n\n<li><strong>Mechanisches Design und Festigkeitsberechnungen<\/strong> (z.B. Rahmen, St\u00fctzen, D\u00fcsenlasten)<\/li>\n\n\n\n<li><strong>Wind- und Erdbebenpr\u00fcfungen<\/strong>, wenn die Standortbedingungen dies erfordern<\/li>\n\n\n\n<li><strong>Thermische und fluiddynamische Bewertungen<\/strong> (Druckverlust, Geschwindigkeiten, Temperaturansatz)<\/li>\n\n\n\n<li><strong>Konstruktion und Dokumentation gem\u00e4\u00df den geltenden Normen<\/strong> (z.B. PED 2014\/68\/EU; ASME auf Anfrage)<\/li>\n\n\n\n<li><strong>Engineering f\u00fcr Nachr\u00fcstungen<\/strong>: Integration in bestehende Produktionsumgebungen und enge Platzverh\u00e4ltnisse<\/li>\n<\/ul>\n\n<hr class=\"wp-block-separator has-alpha-channel-opacity\"\/>\n<h3 class=\"wp-block-heading\" id=\"typische-ergebnisse\">Typische Ergebnisse<\/h3>\n<ul class=\"wp-block-list\">\n<li>Layout und Kunden-Zeichnungen<\/li>\n\n\n\n<li>Fertigungszeichnungen und Schwei\u00dfpl\u00e4ne (je nach Bedarf)<\/li>\n\n\n\n<li>Berechnungs- und Konstruktionsdokumentation<\/li>\n\n\n\n<li>Dokumentation zur Einhaltung der Vorschriften (z. B. PED-bezogenes Dokumentationspaket, falls zutreffend)<\/li>\n<\/ul>\n\n<hr class=\"wp-block-separator has-alpha-channel-opacity\"\/>\n<h2 class=\"wp-block-heading\" id=\"kontakt-aufnehmen\">Kontakt aufnehmen<\/h2>\n<p>Nennen Sie uns Ihre Randbedingungen (Medien, Temperaturen, Dr\u00fccke, Installationsumgebung und verf\u00fcgbarer Platz) und wir werden Ihnen den effektivsten technischen Ansatz f\u00fcr Ihr Projekt vorschlagen.<\/p>\n\n<p>Ganz gleich, ob Sie sich in der Pre-Engineering-Phase Ihrer neuen Produktionsanlage befinden oder ob Sie ein vorhandenes Teil Ihrer Prozessausr\u00fcstung ersetzen m\u00fcssen &#8211; wir freuen uns darauf, Ihnen bei Ihrer spezifischen Engineering-Anfrage zu helfen. Z\u00f6gern Sie nicht, uns <a href=\"https:\/\/www.anytherm.com\/de\/ueber-uns\/kontakt\/\">zu kontaktieren<\/a>. <\/p>\n\n<hr class=\"wp-block-separator has-alpha-channel-opacity\"\/>\n\n<p class=\"has-text-align-center\">Anytherm: Wir bieten praktische Ingenieurdienstleistungen f\u00fcr industrielle Anwendungen &#8211; zuverl\u00e4ssig und effizient!<\/p>\n\n<hr class=\"wp-block-separator has-alpha-channel-opacity\"\/>\n","protected":false},"excerpt":{"rendered":"<p>Unsere erfahrenen Ingenieure arbeiten mit hochentwickelter Berechnungs- und Konstruktionssoftware und bieten Ihnen ein h\u00f6chst zuverl\u00e4ssiges Gesamtpaket an kompetenten Ingenieurleistungen. Engineering f\u00fcr kundenspezifische Industrieanlagen Anytherm bietet professionelle Ingenieurdienstleistungen f\u00fcr Industrieanlagen an &#8211; von der Konstruktion und Detaillierung kundenspezifischer W\u00e4rmetauscher \u00fcber ma\u00dfgeschneiderte Prozessluftaufbereitungsanlagen bis hin zu Prozessausr\u00fcstung aus Edelstahl. Unser Ingenieurteam kombiniert praktisches Fertigungs-Know-how mit fortschrittlichen Berechnungswerkzeugen, [&hellip;]<\/p>\n","protected":false},"author":1,"featured_media":0,"parent":4359,"menu_order":2,"comment_status":"closed","ping_status":"closed","template":"","meta":{"_acf_changed":false,"inline_featured_image":false,"footnotes":""},"folder":[71],"class_list":["post-6605","page","type-page","status-publish","hentry"],"acf":[],"_links":{"self":[{"href":"https:\/\/www.anytherm.com\/de\/wp-json\/wp\/v2\/pages\/6605","targetHints":{"allow":["GET"]}}],"collection":[{"href":"https:\/\/www.anytherm.com\/de\/wp-json\/wp\/v2\/pages"}],"about":[{"href":"https:\/\/www.anytherm.com\/de\/wp-json\/wp\/v2\/types\/page"}],"author":[{"embeddable":true,"href":"https:\/\/www.anytherm.com\/de\/wp-json\/wp\/v2\/users\/1"}],"replies":[{"embeddable":true,"href":"https:\/\/www.anytherm.com\/de\/wp-json\/wp\/v2\/comments?post=6605"}],"version-history":[{"count":5,"href":"https:\/\/www.anytherm.com\/de\/wp-json\/wp\/v2\/pages\/6605\/revisions"}],"predecessor-version":[{"id":7167,"href":"https:\/\/www.anytherm.com\/de\/wp-json\/wp\/v2\/pages\/6605\/revisions\/7167"}],"up":[{"embeddable":true,"href":"https:\/\/www.anytherm.com\/de\/wp-json\/wp\/v2\/pages\/4359"}],"wp:attachment":[{"href":"https:\/\/www.anytherm.com\/de\/wp-json\/wp\/v2\/media?parent=6605"}],"wp:term":[{"taxonomy":"folder","embeddable":true,"href":"https:\/\/www.anytherm.com\/de\/wp-json\/wp\/v2\/folder?post=6605"}],"curies":[{"name":"wp","href":"https:\/\/api.w.org\/{rel}","templated":true}]}}