{"id":6602,"date":"2025-12-29T10:25:52","date_gmt":"2025-12-29T10:25:52","guid":{"rendered":"https:\/\/therminators.com\/dienstleistungen\/waermetauscher-beratung\/"},"modified":"2026-01-31T15:30:35","modified_gmt":"2026-01-31T15:30:35","slug":"waermetauscher-beratung","status":"publish","type":"page","link":"https:\/\/www.anytherm.com\/de\/dienstleistungen\/waermetauscher-beratung\/","title":{"rendered":"W\u00e4rmetauscher-Beratung"},"content":{"rendered":"\n<div class=\"wp-block-columns is-layout-flex wp-container-core-columns-is-layout-28f84493 wp-block-columns-is-layout-flex\">\n<div class=\"wp-block-column is-layout-flow wp-block-column-is-layout-flow\"><\/div>\n\n\n\n<div class=\"wp-block-column is-layout-flow wp-block-column-is-layout-flow\"><\/div>\n<\/div>\n\n<div class=\"wp-block-columns is-layout-flex wp-container-core-columns-is-layout-28f84493 wp-block-columns-is-layout-flex\">\n<div class=\"wp-block-column is-layout-flow wp-block-column-is-layout-flow\" style=\"flex-basis:66.66%\"><\/div>\n\n\n\n<div class=\"wp-block-column is-layout-flow wp-block-column-is-layout-flow\" style=\"flex-basis:33.33%\"><\/div>\n<\/div>\n\n<div class=\"wp-block-columns is-layout-flex wp-container-core-columns-is-layout-28f84493 wp-block-columns-is-layout-flex\">\n<div class=\"wp-block-column is-layout-flow wp-block-column-is-layout-flow\" style=\"flex-basis:66.66%\"><h3 class=\"wp-block-heading\" id=\"experten-fuer-industriellen-waermeaustausch\">EXPERTEN F\u00dcR INDUSTRIELLEN W\u00c4RMEAUSTAUSCH<\/h3>\n\n\n<p class=\"justify\">Anytherm <strong>ber\u00e4t Sie in Sachen W\u00e4rmetauscher<\/strong> f\u00fcr Industrieanlagen und kombiniert dabei Fachwissen in den Bereichen <strong>Prozessluftaufbereitung<\/strong>, <strong>W\u00e4rmer\u00fcckgewinnungssysteme<\/strong> und <strong>Optimierung der Energieeffizienz<\/strong>. Wir analysieren Ihre Prozessbedingungen, identifizieren technisch und wirtschaftlich optimale W\u00e4rmetauscherkonzepte und liefern praktische L\u00f6sungen, einschlie\u00dflich <strong>CAPEX\/OPEX-Bewertung und Amortisationsanalyse<\/strong>. <\/p>\n\n\n\n<p class=\"justify\">W\u00e4rmetauschanwendungen k\u00f6nnen eine Herausforderung sein &#8211; vor allem in Industrien mit strengen Anforderungen an das <strong>Hygienedesign und die Reinigungsf\u00e4higkeit<\/strong> sowie in F\u00e4llen von <strong>Verschmutzung, kontaminierten Medien, Korrosionsrisiken<\/strong>, engen Temperaturans\u00e4tzen (niedrige \u0394T) oder komplexen Nachr\u00fcstungszw\u00e4ngen.<\/p>\n<\/div>\n\n\n\n<div class=\"wp-block-column is-layout-flow wp-block-column-is-layout-flow\" style=\"flex-basis:33.33%\">\n<figure class=\"wp-block-image size-full\"><img loading=\"lazy\" decoding=\"async\" width=\"960\" height=\"540\" src=\"https:\/\/www.anytherm.com\/wp-content\/uploads\/2026\/01\/ACO-Switzerland-Consulting-v2-edited.jpg\" alt=\"\" class=\"wp-image-7096\" srcset=\"https:\/\/www.anytherm.com\/wp-content\/uploads\/2026\/01\/ACO-Switzerland-Consulting-v2-edited.jpg 960w, https:\/\/www.anytherm.com\/wp-content\/uploads\/2026\/01\/ACO-Switzerland-Consulting-v2-edited-300x169.jpg 300w, https:\/\/www.anytherm.com\/wp-content\/uploads\/2026\/01\/ACO-Switzerland-Consulting-v2-edited-768x432.jpg 768w\" sizes=\"auto, (max-width: 960px) 100vw, 960px\" \/><\/figure>\n<\/div>\n<\/div>\n\n<hr class=\"wp-block-separator alignwide has-alpha-channel-opacity\"\/>\n<h3 class=\"wp-block-heading\" id=\"unsere-dienstleistungen-umfassen\">UNSERE DIENSTLEISTUNGEN UMFASSEN<\/h3>\n<ul class=\"wp-block-list\">\n<li><strong>W\u00e4rmetauscherkonzepte f\u00fcr Prozessluft und Versorgungssysteme<\/strong><\/li>\n\n\n\n<li><strong>Abw\u00e4rmer\u00fcckgewinnung und W\u00e4rmeintegration<\/strong><\/li>\n\n\n\n<li><strong>L\u00f6sungen zum Heizen, K\u00fchlen und Entfeuchten von Prozessluft<\/strong><\/li>\n\n\n\n<li><strong>Nachr\u00fcstungskonzepte f\u00fcr bestehende Anlagen<\/strong><\/li>\n\n\n\n<li><strong>Unterst\u00fctzung bei der Implementierung und Inbetriebnahme<\/strong><\/li>\n<\/ul>\n\n<hr class=\"wp-block-separator alignwide has-alpha-channel-opacity\"\/>\n<h3 class=\"wp-block-heading\" id=\"typische-anwendungen\">TYPISCHE ANWENDUNGEN<\/h3>\n<ul class=\"wp-block-list\">\n<li>Industrielle Luftaufbereitung und thermische Versorgungssysteme<\/li>\n\n\n\n<li>Spr\u00fchtrocknungs- und Verdampfungsanlagen<\/li>\n\n\n\n<li>Abluft- und Abgasw\u00e4rmer\u00fcckgewinnung<\/li>\n<\/ul>\n\n<hr class=\"wp-block-separator alignwide has-alpha-channel-opacity\"\/>\n<h3 class=\"wp-block-heading\" id=\"kontaktieren-sie-uns\">KONTAKTIEREN SIE UNS<\/h3>\n<p class=\"justify\">M\u00f6chten Sie die M\u00f6glichkeiten des W\u00e4rmeaustauschs oder der W\u00e4rmer\u00fcckgewinnung an Ihrem Standort erkunden oder mehr \u00fcber unsere Energieberatungsdienste erfahren? <strong><a href=\"https:\/\/www.anytherm.com\/de\/ueber-uns\/kontakt\/\" data-type=\"page\" data-id=\"1151\">Nehmen Sie Kontakt auf<\/a><\/strong> und wir werden Ihnen den effektivsten n\u00e4chsten Schritt f\u00fcr Ihre Situation vorschlagen. <\/p>\n\n<hr class=\"wp-block-separator alignwide has-alpha-channel-opacity\"\/>\n\n<p class=\"has-text-align-center\">Anytherm ist auf industrielle W\u00e4rmetauschanwendungen spezialisiert &#8211; Luftaufbereitung, W\u00e4rmer\u00fcckgewinnung und vieles mehr!<\/p>\n\n<hr class=\"wp-block-separator alignwide has-alpha-channel-opacity\"\/>\n","protected":false},"excerpt":{"rendered":"<p>EXPERTEN F\u00dcR INDUSTRIELLEN W\u00c4RMEAUSTAUSCH Anytherm ber\u00e4t Sie in Sachen W\u00e4rmetauscher f\u00fcr Industrieanlagen und kombiniert dabei Fachwissen in den Bereichen Prozessluftaufbereitung, W\u00e4rmer\u00fcckgewinnungssysteme und Optimierung der Energieeffizienz. Wir analysieren Ihre Prozessbedingungen, identifizieren technisch und wirtschaftlich optimale W\u00e4rmetauscherkonzepte und liefern praktische L\u00f6sungen, einschlie\u00dflich CAPEX\/OPEX-Bewertung und Amortisationsanalyse. W\u00e4rmetauschanwendungen k\u00f6nnen eine Herausforderung sein &#8211; vor allem in Industrien mit strengen [&hellip;]<\/p>\n","protected":false},"author":1,"featured_media":0,"parent":4359,"menu_order":1,"comment_status":"closed","ping_status":"closed","template":"","meta":{"_acf_changed":false,"inline_featured_image":false,"footnotes":""},"folder":[71],"class_list":["post-6602","page","type-page","status-publish","hentry"],"acf":[],"_links":{"self":[{"href":"https:\/\/www.anytherm.com\/de\/wp-json\/wp\/v2\/pages\/6602","targetHints":{"allow":["GET"]}}],"collection":[{"href":"https:\/\/www.anytherm.com\/de\/wp-json\/wp\/v2\/pages"}],"about":[{"href":"https:\/\/www.anytherm.com\/de\/wp-json\/wp\/v2\/types\/page"}],"author":[{"embeddable":true,"href":"https:\/\/www.anytherm.com\/de\/wp-json\/wp\/v2\/users\/1"}],"replies":[{"embeddable":true,"href":"https:\/\/www.anytherm.com\/de\/wp-json\/wp\/v2\/comments?post=6602"}],"version-history":[{"count":3,"href":"https:\/\/www.anytherm.com\/de\/wp-json\/wp\/v2\/pages\/6602\/revisions"}],"predecessor-version":[{"id":7162,"href":"https:\/\/www.anytherm.com\/de\/wp-json\/wp\/v2\/pages\/6602\/revisions\/7162"}],"up":[{"embeddable":true,"href":"https:\/\/www.anytherm.com\/de\/wp-json\/wp\/v2\/pages\/4359"}],"wp:attachment":[{"href":"https:\/\/www.anytherm.com\/de\/wp-json\/wp\/v2\/media?parent=6602"}],"wp:term":[{"taxonomy":"folder","embeddable":true,"href":"https:\/\/www.anytherm.com\/de\/wp-json\/wp\/v2\/folder?post=6602"}],"curies":[{"name":"wp","href":"https:\/\/api.w.org\/{rel}","templated":true}]}}