{"id":4783,"date":"2024-04-24T17:24:19","date_gmt":"2024-04-24T17:24:19","guid":{"rendered":"https:\/\/therminators.com\/datenschutzbestimmungen\/"},"modified":"2025-07-07T14:45:56","modified_gmt":"2025-07-07T14:45:56","slug":"datenschutzbestimmungen","status":"publish","type":"page","link":"https:\/\/www.anytherm.com\/de\/datenschutzbestimmungen\/","title":{"rendered":"Datenschutzbestimmungen"},"content":{"rendered":"\n<div class=\"wp-block-columns is-layout-flex wp-container-core-columns-is-layout-28f84493 wp-block-columns-is-layout-flex\">\n<div class=\"wp-block-column is-layout-flow wp-block-column-is-layout-flow\">\n<p class=\"has-text-align-center\"><span class=\"borlabs-cookie-open-dialog-preferences brlbs-cmpnt-container\" data-borlabs-cookie-title=\"Cookie Einstellungen\" data-borlabs-cookie-type=\"button\" ><\/span><\/p>\n<\/div>\n<\/div>\n<h2 class=\"wp-block-heading\" id=\"websiteanalyse-mit-google-analytics\">Website-Analyse mit Google Analytics<\/h2>\n<p>Diese Website benutzt Google Analytics 4, einen Webanalysedienst von Google LLC, nachdem die Zustimmung der Nutzer eingeholt wurde. Die f\u00fcr die Verarbeitung Verantwortlichen sind Google Ireland Limited, Google Building Gordon House, 4 Barrow St, Dublin, D04 E5W5, Irland, f\u00fcr Nutzer aus der EU\/EWR und der Schweiz. Google Analytics 4 verwendet standardm\u00e4\u00dfig die IP-Anonymisierung, was bedeutet, dass Ihre IP-Adresse sofort gek\u00fcrzt wird, wenn Sie mit dieser Website interagieren. Nur in Ausnahmef\u00e4llen wird Ihre volle IP-Adresse an einen Google-Server in den USA \u00fcbertragen und dort gek\u00fcrzt. Google behauptet, dass die \u00fcber Google Analytics \u00fcbertragene IP niemals mit anderen Google-Daten kombiniert wird. Google Analytics 4 wird nur mit Ihrer Zustimmung \u00fcber den Cookie-Banner aktiviert und kann jederzeit \u00fcber die Cookie-Einstellungen r\u00fcckg\u00e4ngig gemacht werden.<br\/>\u00dcbersetzt mit DeepL.com (kostenlose Version)     <br\/><br\/>Zu den verarbeiteten Daten geh\u00f6ren: Nutzungsdaten wie Seitenaufrufe, Website-Interaktion, allgemeiner Standort und Besuchsdauer; und Kommunikationsdaten wie gek\u00fcrzte IP-Adressen, User-Agent, Spracheinstellung und Bildschirmaufl\u00f6sung. Der Zweck dieser Datenverarbeitung besteht darin, dass Google im Auftrag des Betreibers der Website Ihre Nutzung der Website auswerten, Berichte \u00fcber die Aktivit\u00e4ten erstellen und die Leistung der Website analysieren kann. Diese Datenverarbeitung ist rechtm\u00e4\u00dfig und beruht auf Ihrer Einwilligung nach Art. 6 Abs.1 S.1 lit. a GDPR und \u00a7 25 Abs. 1 S.1 TTDSG.     <br\/><br\/>Google Ireland Limited, Google LLC und Alphabet Inc. sind die Empf\u00e4nger dieser Daten. Ihre Website-Nutzungsdaten werden in der Regel an einen Google-Server in den USA gesendet, was durch die j\u00fcngste Angemessenheitsentscheidung der Europ\u00e4ischen Kommission vom 10. Juli 2023 legitimiert ist, die die Zertifizierung von Google LLC gem\u00e4\u00df dem EU-US-Datenschutzrahmen anerkennt. Was die Datenspeicherung betrifft, so werden alle mit Cookies verkn\u00fcpften Daten nach einer bestimmten Zeit automatisch gel\u00f6scht, und zwar monatlich f\u00fcr Daten, die ihre Aufbewahrungsfrist erreicht haben, und maximal 2 Jahre f\u00fcr Google Analytics-Cookies.  <br\/><br\/>Weitere Informationen \u00fcber die Nutzungsbedingungen von Google Analytics und die Datenschutzbestimmungen von Google finden Sie unter <a href=\"https:\/\/policies.google.com\/%20\" target=\"_blank\" rel=\"noopener\">https:\/\/policies.google.com<\/a>\/ und <a href=\"https:\/\/support.google.com\/analytics\/answer\/12017362\" target=\"_blank\" rel=\"noopener\">https:\/\/support.google.com\/analytics\/answer\/12017362<\/a><br\/><\/p>\n\n<p><\/p>\n","protected":false},"excerpt":{"rendered":"<p>Website-Analyse mit Google Analytics Diese Website benutzt Google Analytics 4, einen Webanalysedienst von Google LLC, nachdem die Zustimmung der Nutzer eingeholt wurde. Die f\u00fcr die Verarbeitung Verantwortlichen sind Google Ireland Limited, Google Building Gordon House, 4 Barrow St, Dublin, D04 E5W5, Irland, f\u00fcr Nutzer aus der EU\/EWR und der Schweiz. Google Analytics 4 verwendet standardm\u00e4\u00dfig [&hellip;]<\/p>\n","protected":false},"author":1,"featured_media":0,"parent":0,"menu_order":0,"comment_status":"closed","ping_status":"open","template":"","meta":{"_acf_changed":false,"inline_featured_image":false,"footnotes":""},"folder":[32],"class_list":["post-4783","page","type-page","status-publish","hentry"],"acf":[],"_links":{"self":[{"href":"https:\/\/www.anytherm.com\/de\/wp-json\/wp\/v2\/pages\/4783","targetHints":{"allow":["GET"]}}],"collection":[{"href":"https:\/\/www.anytherm.com\/de\/wp-json\/wp\/v2\/pages"}],"about":[{"href":"https:\/\/www.anytherm.com\/de\/wp-json\/wp\/v2\/types\/page"}],"author":[{"embeddable":true,"href":"https:\/\/www.anytherm.com\/de\/wp-json\/wp\/v2\/users\/1"}],"replies":[{"embeddable":true,"href":"https:\/\/www.anytherm.com\/de\/wp-json\/wp\/v2\/comments?post=4783"}],"version-history":[{"count":17,"href":"https:\/\/www.anytherm.com\/de\/wp-json\/wp\/v2\/pages\/4783\/revisions"}],"predecessor-version":[{"id":6246,"href":"https:\/\/www.anytherm.com\/de\/wp-json\/wp\/v2\/pages\/4783\/revisions\/6246"}],"wp:attachment":[{"href":"https:\/\/www.anytherm.com\/de\/wp-json\/wp\/v2\/media?parent=4783"}],"wp:term":[{"taxonomy":"folder","embeddable":true,"href":"https:\/\/www.anytherm.com\/de\/wp-json\/wp\/v2\/folder?post=4783"}],"curies":[{"name":"wp","href":"https:\/\/api.w.org\/{rel}","templated":true}]}}