{"id":4359,"date":"2024-05-07T09:22:10","date_gmt":"2024-05-07T09:22:10","guid":{"rendered":"https:\/\/therminators.com\/dienstleistungen-2\/"},"modified":"2025-12-29T14:26:28","modified_gmt":"2025-12-29T14:26:28","slug":"dienstleistungen","status":"publish","type":"page","link":"https:\/\/www.anytherm.com\/de\/dienstleistungen\/","title":{"rendered":"Dienstleistungen"},"content":{"rendered":"\n<p class=\"has-text-align-center\">Anytherm kombiniert solides praktisches Fachwissen mit fundierten wissenschaftlichen Methoden zur Ermittlung des W\u00e4rmer\u00fcckgewinnungs-, Effizienzsteigerungs- und CO2-Reduktionspotenzials. Unsere Energieanalyse- und Energiemanagement-Dienstleistungen runden unser vielseitiges Service- und Beratungsangebot ab.<\/p>\n\n<p class=\"has-text-align-center\"><strong><em>Als <\/em><em>unser Kunde<\/em> <em>k\u00f6nnen Sie unsere Dienstleistungen je nach Bedarf und Kapazit\u00e4t frei w\u00e4hlen.<\/em><\/strong><\/p>\n\n<figure class=\"wp-block-image aligncenter size-full is-resized\"><img loading=\"lazy\" decoding=\"async\" width=\"1160\" height=\"780\" src=\"https:\/\/www.anytherm.com\/wp-content\/uploads\/2024\/05\/image-2.png\" alt=\"\" class=\"wp-image-225\" style=\"width:580px\" srcset=\"https:\/\/www.anytherm.com\/wp-content\/uploads\/2024\/05\/image-2.png 1160w, https:\/\/www.anytherm.com\/wp-content\/uploads\/2024\/05\/image-2-300x202.png 300w, https:\/\/www.anytherm.com\/wp-content\/uploads\/2024\/05\/image-2-1024x689.png 1024w, https:\/\/www.anytherm.com\/wp-content\/uploads\/2024\/05\/image-2-768x516.png 768w\" sizes=\"auto, (max-width: 1160px) 100vw, 1160px\" \/><\/figure>\n\n<p class=\"has-text-align-center\"><strong><em>In den folgenden Abschnitten erfahren Sie mehr \u00fcber unsere Dienstleistungen.<\/em><\/strong><\/p>\n\n<hr class=\"wp-block-separator has-alpha-channel-opacity\"\/>\n\n<div class=\"wp-block-columns is-layout-flex wp-container-core-columns-is-layout-28f84493 wp-block-columns-is-layout-flex\">\n<div class=\"wp-block-column is-layout-flow wp-block-column-is-layout-flow\"><h3 class=\"wp-block-heading\" id=\"cc-m-header-12740024031\"><a href=\"https:\/\/www.anytherm.com\/de\/dienstleistungen\/waermetauscher-beratung\/\" data-type=\"page\" data-id=\"6585\">W\u00c4RMETAUSCHER-DIENSTLEISTUNGEN<\/a><\/h3>\n\n\n<div class=\"wp-block-columns is-layout-flex wp-container-core-columns-is-layout-28f84493 wp-block-columns-is-layout-flex\">\n<div class=\"wp-block-column is-layout-flow wp-block-column-is-layout-flow\" style=\"flex-basis:66.66%\">\n<p>Unsere Dienstleistungen im Bereich W\u00e4rmetausch decken den gesamten Prozess von W\u00e4rmeaustausch- und W\u00e4rmer\u00fcckgewinnungsprojekten ab: Von der Beratung vor der Projektinitialisierung \u00fcber die Installation vor Ort bis hin zum After-Sales-Service.  <\/p>\n\n\n\n<p><em>M\u00f6chten Sie mehr \u00fcber m\u00f6gliche Anwendungen im Bereich W\u00e4rmeaustausch und -r\u00fcckgewinnung oder unsere Energieberatungsleistungen erfahren? Wir w\u00fcrden uns freuen, Ihnen spezifische Informationen zur Verf\u00fcgung zu stellen oder Ihrem Team unsere L\u00f6sungen vorzustellen. Z\u00f6gern Sie nicht, <a href=\"https:\/\/www.anytherm.com\/de\/ueber-uns\/kontakt\/\">uns zu kontaktieren.<\/a><\/em><\/p>\n<\/div>\n\n\n\n<div class=\"wp-block-column is-layout-flow wp-block-column-is-layout-flow\" style=\"flex-basis:33.33%\">\n<figure class=\"wp-block-image aligncenter size-full is-resized\"><img loading=\"lazy\" decoding=\"async\" width=\"330\" height=\"205\" src=\"https:\/\/www.anytherm.com\/wp-content\/uploads\/2024\/05\/image-4.png\" alt=\"\" class=\"wp-image-229\" style=\"width:410px\" srcset=\"https:\/\/www.anytherm.com\/wp-content\/uploads\/2024\/05\/image-4.png 330w, https:\/\/www.anytherm.com\/wp-content\/uploads\/2024\/05\/image-4-300x186.png 300w\" sizes=\"auto, (max-width: 330px) 100vw, 330px\" \/><\/figure>\n<\/div>\n<\/div>\n\n\n\n<hr class=\"wp-block-separator aligncenter has-alpha-channel-opacity\"\/>\n<\/div>\n<\/div>\n<h3 class=\"wp-block-heading\" id=\"cc-m-header-12740023431\"><a href=\"https:\/\/www.anytherm.com\/de\/dienstleistungen\/ingenieurwesen\/\" data-type=\"page\" data-id=\"6587\">Engineering<\/a><\/h3>\n<div class=\"wp-block-columns is-layout-flex wp-container-core-columns-is-layout-28f84493 wp-block-columns-is-layout-flex\">\n<div class=\"wp-block-column is-layout-flow wp-block-column-is-layout-flow\" style=\"flex-basis:66.66%\">\n<p>Unsere erfahrenen Ingenieure arbeiten mit hochentwickelter Berechnungs- und Konstruktionssoftware und bieten Ihnen ein h\u00f6chst zuverl\u00e4ssiges Gesamtpaket an kompetenten Ingenieurleistungen.<\/p>\n\n\n\n<p><em>Ganz gleich, ob Sie sich in der Vorplanungsphase Ihrer neuen Produktionsanlage befinden oder ob Sie eine bestehende W\u00e4rmetauschereinheit ersetzen m\u00fcssen &#8211; wir helfen Ihnen gerne bei Ihrer spezifischen W\u00e4rmetauscher-Anfrage. Z\u00f6gern Sie nicht, uns zu <a href=\"https:\/\/www.anytherm.com\/de\/ueber-uns\/kontakt\/\">kontaktieren<\/a>. <\/em><\/p>\n<\/div>\n\n\n\n<div class=\"wp-block-column is-layout-flow wp-block-column-is-layout-flow\" style=\"flex-basis:33.33%\">\n<figure class=\"wp-block-image aligncenter size-full is-resized\"><img loading=\"lazy\" decoding=\"async\" width=\"330\" height=\"186\" src=\"https:\/\/www.anytherm.com\/wp-content\/uploads\/2024\/05\/image-5.png\" alt=\"\" class=\"wp-image-231\" style=\"width:410px\" srcset=\"https:\/\/www.anytherm.com\/wp-content\/uploads\/2024\/05\/image-5.png 330w, https:\/\/www.anytherm.com\/wp-content\/uploads\/2024\/05\/image-5-300x169.png 300w\" sizes=\"auto, (max-width: 330px) 100vw, 330px\" \/><\/figure>\n<\/div>\n<\/div>\n\n<hr class=\"wp-block-separator has-alpha-channel-opacity\"\/>\n<h3 class=\"wp-block-heading\" id=\"cc-m-header-12740318431\"><a href=\"https:\/\/www.anytherm.com\/de\/dienstleistungen\/produktion\/\" data-type=\"page\" data-id=\"6589\">Produktion<\/a><\/h3>\n<div class=\"wp-block-columns is-layout-flex wp-container-core-columns-is-layout-28f84493 wp-block-columns-is-layout-flex\">\n<div class=\"wp-block-column is-layout-flow wp-block-column-is-layout-flow\" style=\"flex-basis:66.66%\">\n<p>Unser Kerngesch\u00e4ft ist die Entwicklung und Herstellung von <a href=\"https:\/\/www.anytherm.com\/de\/produkte\/\">ma\u00dfgeschneiderten Edelstahl-W\u00e4rmetauscherl\u00f6sungen<\/a> und weiteren <a href=\"\/products\/process-equipment\/\">Prozessanlagen<\/a>. Informationen zu unseren zertifizierten Werkst\u00e4tten und deren moderner Ausstattung finden Sie im Abschnitt <a href=\"\/about-us\/locations\/\">\u201eProduktionsst\u00e4tten\u201c.<\/a><\/p>\n\n\n\n<p><em>Wenn Sie jedoch nur \u00fcber geringe Produktionskapazit\u00e4ten verf\u00fcgen und einen externen Produktionspartner suchen, unterbreiten wir Ihnen gerne ein projektbezogenes Angebot. Z\u00f6gern Sie nicht, uns zu <a href=\"https:\/\/www.anytherm.com\/de\/ueber-uns\/kontakt\/\">kontaktieren<\/a>. <\/em><\/p>\n<\/div>\n\n\n\n<div class=\"wp-block-column is-layout-flow wp-block-column-is-layout-flow\" style=\"flex-basis:33.33%\">\n<figure class=\"wp-block-image aligncenter size-full is-resized\"><img loading=\"lazy\" decoding=\"async\" width=\"330\" height=\"199\" src=\"https:\/\/www.anytherm.com\/wp-content\/uploads\/2024\/05\/image-6.png\" alt=\"\" class=\"wp-image-233\" style=\"width:410px\" srcset=\"https:\/\/www.anytherm.com\/wp-content\/uploads\/2024\/05\/image-6.png 330w, https:\/\/www.anytherm.com\/wp-content\/uploads\/2024\/05\/image-6-300x181.png 300w\" sizes=\"auto, (max-width: 330px) 100vw, 330px\" \/><\/figure>\n<\/div>\n<\/div>\n\n<hr class=\"wp-block-separator has-alpha-channel-opacity\"\/>\n<h3 class=\"wp-block-heading\" id=\"cc-m-header-12740024631\"><a href=\"https:\/\/www.anytherm.com\/de\/dienstleistungen\/verpackung-und-transport\/\" data-type=\"page\" data-id=\"6592\">Verpackung und Transport<\/a><\/h3>\n<div class=\"wp-block-columns is-layout-flex wp-container-core-columns-is-layout-28f84493 wp-block-columns-is-layout-flex\">\n<div class=\"wp-block-column is-layout-flow wp-block-column-is-layout-flow\" style=\"flex-basis:66.66%\">\n<p>Wir bieten einen Verpackungsservice f\u00fcr unsere W\u00e4rmetauscherprodukte an, egal ob f\u00fcr den Stra\u00dfentransport innerhalb Europas oder seetauglich f\u00fcr den weltweiten Transport &#8211; unsere Produkte kommen sicher bei Ihnen an!<\/p>\n\n\n\n<p><em>Wir k\u00f6nnen ab Werk aus unseren Produktionsst\u00e4tten in Bosnien, D\u00e4nemark und Polen liefern oder den Transport zu Ihrem Standort organisieren &#8211; einschlie\u00dflich Zoll und Versicherung. Ganz wie Sie es w\u00fcnschen. <\/em><\/p>\n<\/div>\n\n\n\n<div class=\"wp-block-column is-layout-flow wp-block-column-is-layout-flow\" style=\"flex-basis:33.33%\">\n<figure class=\"wp-block-image aligncenter size-full is-resized\"><img loading=\"lazy\" decoding=\"async\" width=\"330\" height=\"184\" src=\"https:\/\/www.anytherm.com\/wp-content\/uploads\/2024\/05\/image-7.png\" alt=\"\" class=\"wp-image-235\" style=\"width:410px\" srcset=\"https:\/\/www.anytherm.com\/wp-content\/uploads\/2024\/05\/image-7.png 330w, https:\/\/www.anytherm.com\/wp-content\/uploads\/2024\/05\/image-7-300x167.png 300w\" sizes=\"auto, (max-width: 330px) 100vw, 330px\" \/><\/figure>\n<\/div>\n<\/div>\n\n<hr class=\"wp-block-separator has-alpha-channel-opacity\"\/>\n<h3 class=\"wp-block-heading\" id=\"cc-m-header-12740315631\"><a href=\"https:\/\/www.anytherm.com\/de\/dienstleistungen\/installation\/\" data-type=\"page\" data-id=\"6594\">Installation<\/a><\/h3>\n<div class=\"wp-block-columns is-layout-flex wp-container-core-columns-is-layout-28f84493 wp-block-columns-is-layout-flex\">\n<div class=\"wp-block-column is-layout-flow wp-block-column-is-layout-flow\" style=\"flex-basis:66.66%\">\n<p>Auf Wunsch bieten wir Ihnen direkt vor Ort einen Montageservice an, der durch hochqualifizierte und erfahrene Schwei\u00dfer, Monteure und Schleifer ausgef\u00fchrt wird, unter der Leitung von Aufsichtspersonen und Ingenieuren. <\/p>\n\n\n\n<p><em>Unsere Montageteams sind sowohl auf dem europ\u00e4ischen als auch auf dem weltweiten Markt erfahren und mit den erforderlichen Werkzeugen und Ger\u00e4ten sowie mit pers\u00f6nlicher Schutzausr\u00fcstung ausgestattet.<\/em><\/p>\n<\/div>\n\n\n\n<div class=\"wp-block-column is-layout-flow wp-block-column-is-layout-flow\" style=\"flex-basis:33.33%\">\n<figure class=\"wp-block-image aligncenter size-full is-resized\"><img loading=\"lazy\" decoding=\"async\" width=\"330\" height=\"200\" src=\"https:\/\/www.anytherm.com\/wp-content\/uploads\/2024\/05\/image-8.png\" alt=\"\" class=\"wp-image-237\" style=\"width:410px\" srcset=\"https:\/\/www.anytherm.com\/wp-content\/uploads\/2024\/05\/image-8.png 330w, https:\/\/www.anytherm.com\/wp-content\/uploads\/2024\/05\/image-8-300x182.png 300w\" sizes=\"auto, (max-width: 330px) 100vw, 330px\" \/><\/figure>\n<\/div>\n<\/div>\n\n<hr class=\"wp-block-separator has-alpha-channel-opacity\"\/>\n<h3 class=\"wp-block-heading\" id=\"cc-m-header-12740302331\"><a href=\"https:\/\/www.anytherm.com\/de\/dienstleistungen\/inbetriebnahme\/\" data-type=\"page\" data-id=\"6596\">Commissioning<\/a><\/h3>\n<div class=\"wp-block-columns is-layout-flex wp-container-core-columns-is-layout-28f84493 wp-block-columns-is-layout-flex\">\n<div class=\"wp-block-column is-layout-flow wp-block-column-is-layout-flow\" style=\"flex-basis:66.66%\">\n<p>Nach der Installation unserer Produkte vor Ort empfehlen wir unseren Inbetriebnahmeservice, um die korrekte Implementierung und Funktion unserer W\u00e4rmetauschereinheiten zu gew\u00e4hrleisten.<\/p>\n\n\n\n<p><em>Besonders bei komplexen Dampf-Lufterhitzern, Sorptionsentfeuchtern und W\u00e4rmer\u00fcckgewinnungsanlagen ist unser Inbetriebnahmeservice sehr zu empfehlen.<\/em><\/p>\n<\/div>\n\n\n\n<div class=\"wp-block-column is-layout-flow wp-block-column-is-layout-flow\" style=\"flex-basis:33.33%\">\n<figure class=\"wp-block-image aligncenter size-full is-resized\"><img loading=\"lazy\" decoding=\"async\" width=\"330\" height=\"196\" src=\"https:\/\/www.anytherm.com\/wp-content\/uploads\/2024\/05\/image-9.png\" alt=\"\" class=\"wp-image-239\" style=\"width:410px\" srcset=\"https:\/\/www.anytherm.com\/wp-content\/uploads\/2024\/05\/image-9.png 330w, https:\/\/www.anytherm.com\/wp-content\/uploads\/2024\/05\/image-9-300x178.png 300w\" sizes=\"auto, (max-width: 330px) 100vw, 330px\" \/><\/figure>\n<\/div>\n<\/div>\n\n<hr class=\"wp-block-separator has-alpha-channel-opacity\"\/>\n<h3 class=\"wp-block-heading\" id=\"cc-m-header-12740303331\"><a href=\"https:\/\/www.anytherm.com\/de\/dienstleistungen\/kundendienst\/\" data-type=\"page\" data-id=\"6598\">After Sales Service<\/a><\/h3>\n<div class=\"wp-block-columns is-layout-flex wp-container-core-columns-is-layout-28f84493 wp-block-columns-is-layout-flex\">\n<div class=\"wp-block-column is-layout-flow wp-block-column-is-layout-flow\" style=\"flex-basis:66.66%\">\n<p>Wir sind an langfristigen Gesch\u00e4ftsbeziehungen mit unseren Kunden interessiert. Unser After Sales Service strebt nach st\u00e4ndiger Verbesserung und stellt sicher, dass die Anlagen und Technologien auf dem neuesten Stand sind. <\/p>\n\n\n\n<p><em>Abh\u00e4ngig von der spezifischen Komplexit\u00e4t vor Ort und unter Ber\u00fccksichtigung der Kapazit\u00e4ten und Bed\u00fcrfnisse unserer Kunden schlagen wir ein ma\u00dfgeschneidertes After-Sales Programm vor.<\/em><\/p>\n<\/div>\n\n\n\n<div class=\"wp-block-column is-layout-flow wp-block-column-is-layout-flow\" style=\"flex-basis:33.33%\">\n<figure class=\"wp-block-image aligncenter size-full is-resized\"><img loading=\"lazy\" decoding=\"async\" width=\"330\" height=\"191\" src=\"https:\/\/www.anytherm.com\/wp-content\/uploads\/2024\/05\/image-10.png\" alt=\"\" class=\"wp-image-241\" style=\"width:410px;height:auto\" srcset=\"https:\/\/www.anytherm.com\/wp-content\/uploads\/2024\/05\/image-10.png 330w, https:\/\/www.anytherm.com\/wp-content\/uploads\/2024\/05\/image-10-300x174.png 300w\" sizes=\"auto, (max-width: 330px) 100vw, 330px\" \/><\/figure>\n<\/div>\n<\/div>\n\n<hr class=\"wp-block-separator has-alpha-channel-opacity\"\/>\n\n<p class=\"has-text-align-center\">L\u00f6sungsorientiert, kompetent und neutral beraten<\/p>\n\n<hr class=\"wp-block-separator has-alpha-channel-opacity\"\/>\n","protected":false},"excerpt":{"rendered":"<p>Anytherm kombiniert solides praktisches Fachwissen mit fundierten wissenschaftlichen Methoden zur Ermittlung des W\u00e4rmer\u00fcckgewinnungs-, Effizienzsteigerungs- und CO2-Reduktionspotenzials. Unsere Energieanalyse- und Energiemanagement-Dienstleistungen runden unser vielseitiges Service- und Beratungsangebot ab. Als unser Kunde k\u00f6nnen Sie unsere Dienstleistungen je nach Bedarf und Kapazit\u00e4t frei w\u00e4hlen. In den folgenden Abschnitten erfahren Sie mehr \u00fcber unsere Dienstleistungen. W\u00c4RMETAUSCHER-DIENSTLEISTUNGEN Unsere Dienstleistungen im [&hellip;]<\/p>\n","protected":false},"author":1,"featured_media":0,"parent":0,"menu_order":0,"comment_status":"closed","ping_status":"closed","template":"","meta":{"_acf_changed":false,"inline_featured_image":false,"footnotes":""},"folder":[32,71],"class_list":["post-4359","page","type-page","status-publish","hentry"],"acf":[],"_links":{"self":[{"href":"https:\/\/www.anytherm.com\/de\/wp-json\/wp\/v2\/pages\/4359","targetHints":{"allow":["GET"]}}],"collection":[{"href":"https:\/\/www.anytherm.com\/de\/wp-json\/wp\/v2\/pages"}],"about":[{"href":"https:\/\/www.anytherm.com\/de\/wp-json\/wp\/v2\/types\/page"}],"author":[{"embeddable":true,"href":"https:\/\/www.anytherm.com\/de\/wp-json\/wp\/v2\/users\/1"}],"replies":[{"embeddable":true,"href":"https:\/\/www.anytherm.com\/de\/wp-json\/wp\/v2\/comments?post=4359"}],"version-history":[{"count":59,"href":"https:\/\/www.anytherm.com\/de\/wp-json\/wp\/v2\/pages\/4359\/revisions"}],"predecessor-version":[{"id":6630,"href":"https:\/\/www.anytherm.com\/de\/wp-json\/wp\/v2\/pages\/4359\/revisions\/6630"}],"wp:attachment":[{"href":"https:\/\/www.anytherm.com\/de\/wp-json\/wp\/v2\/media?parent=4359"}],"wp:term":[{"taxonomy":"folder","embeddable":true,"href":"https:\/\/www.anytherm.com\/de\/wp-json\/wp\/v2\/folder?post=4359"}],"curies":[{"name":"wp","href":"https:\/\/api.w.org\/{rel}","templated":true}]}}