{"id":4351,"date":"2024-04-29T22:12:10","date_gmt":"2024-04-29T22:12:10","guid":{"rendered":"https:\/\/therminators.com\/waermeaustauscher-und-prozessausruestung\/tp-hex\/"},"modified":"2025-07-26T14:28:24","modified_gmt":"2025-07-26T14:28:24","slug":"tp-hex","status":"publish","type":"page","link":"https:\/\/www.anytherm.com\/de\/produkte\/tp-hex\/","title":{"rendered":"TP-HEX"},"content":{"rendered":"\n<figure class=\"wp-block-image aligncenter size-full\"><img loading=\"lazy\" decoding=\"async\" width=\"614\" height=\"248\" src=\"https:\/\/www.anytherm.com\/wp-content\/uploads\/2024\/04\/image-41.png\" alt=\"\" class=\"wp-image-162\" srcset=\"https:\/\/www.anytherm.com\/wp-content\/uploads\/2024\/04\/image-41.png 614w, https:\/\/www.anytherm.com\/wp-content\/uploads\/2024\/04\/image-41-300x121.png 300w\" sizes=\"auto, (max-width: 614px) 100vw, 614px\" \/><figcaption class=\"wp-element-caption\">TP-HEX (Thermo Plate Heat Exchanger)<\/figcaption><\/figure>\n\n<div class=\"wp-block-columns is-layout-flex wp-container-core-columns-is-layout-28f84493 wp-block-columns-is-layout-flex\">\n<div class=\"wp-block-column is-layout-flow wp-block-column-is-layout-flow\"><h3 class=\"wp-block-heading\" id=\"cc-m-header-12747791331\">HAUPTMERKMALE<\/h3>\n\n\n<ul style=\"margin-right:var(--wp--preset--spacing--30)\" class=\"wp-block-list\">\n<li>Kompaktw\u00e4rmetauscher vom Typ Kissenplatte (Thermoplatte) mit hoher W\u00e4rme\u00fcbertragungsleistung.<\/li>\n\n\n\n<li>Breiter Einsatzbereich bei der W\u00e4rme\u00fcbertragung von <strong>Fl\u00fcssigkeit zu Fl\u00fcssigkeit<\/strong><\/li>\n\n\n\n<li>Verschiedene Anwendungsbereiche: K\u00fchler, Heizungen, W\u00e4rme\u00fcbertragung, Kondensatoren, Reboiler, Verdampfer, usw.<\/li>\n\n\n\n<li>Gegenstr\u00f6mung auf beiden Seiten der Kissenplatten mit sehr positiver Auswirkung auf die W\u00e4rme\u00fcbertragungscharakteristik<\/li>\n\n\n\n<li>Kompakte Bauweise (h\u00f6herer W\u00e4rme\u00fcbergang pro m\u00b3 als bei anderen \u00e4hnlichen Produkten), besonders bew\u00e4hrt bei begrenzten Platzverh\u00e4ltnissen bei Installationen in bestehenden Anlagen<\/li>\n<\/ul>\n<\/div>\n\n\n\n<div class=\"wp-block-column is-layout-flow wp-block-column-is-layout-flow\"><h3 class=\"wp-block-heading\" id=\"cc-m-header-12747791531\">EIGENSCHAFTEN<\/h3>\n\n\n<ul class=\"wp-block-list\">\n<li>Hergestellt aus allen Materialien, die kalt bearbeitet werden k\u00f6nnen<\/li>\n\n\n\n<li>Bis zu dreimal kleiner als ein Rohrb\u00fcndelw\u00e4rmetauscher, bei dem ein Teil des verf\u00fcgbaren Druckabfalls zur Umkehrung der Str\u00f6mung um die Umlenkplatten verwendet wird <\/li>\n\n\n\n<li>Kompaktes Design spart Platz und Installationskosten<\/li>\n\n\n\n<li>Geringe Wartungskosten aufgrund des Selbstreinigungseffekts und der vollst\u00e4ndig geschwei\u00dften Struktur ohne Dichtungen<\/li>\n\n\n\n<li>Geringe Verschmutzungsneigung durch optimale Turbulenz<\/li>\n\n\n\n<li>Kompakte Bauweise: effiziente W\u00e4rme\u00fcbertragung durch gro\u00dfe Kontaktfl\u00e4chen<\/li>\n\n\n\n<li>TP HEX ist so konstruiert, dass sie leicht zug\u00e4nglich ist und gereinigt werden kann. Die Thermoplattenbank kann sehr leicht demontiert und gereinigt werden. Der W\u00e4rmetauscher ist auch mit einer festen Bank erh\u00e4ltlich. Dieses Modell kann auf Wunsch mit einem CIP-System ausgestattet werden.   <\/li>\n<\/ul>\n<\/div>\n<\/div>\n\n<hr class=\"wp-block-separator has-alpha-channel-opacity\"\/>\n\n<p class=\"has-text-align-center\">Erhalten Sie einen Eindruck unserer Qualit\u00e4tsprodukte anhand der <strong><a href=\"https:\/\/www.anytherm.com\/#pictures\">Fotos<\/a> im Home-Bereich unserer Webseite.<\/strong><\/p>\n\n<hr class=\"wp-block-separator has-alpha-channel-opacity\"\/>\n","protected":false},"excerpt":{"rendered":"<p>HAUPTMERKMALE EIGENSCHAFTEN Erhalten Sie einen Eindruck unserer Qualit\u00e4tsprodukte anhand der Fotos im Home-Bereich unserer Webseite.<\/p>\n","protected":false},"author":1,"featured_media":0,"parent":4247,"menu_order":12,"comment_status":"closed","ping_status":"closed","template":"","meta":{"_acf_changed":false,"inline_featured_image":false,"footnotes":""},"folder":[29],"class_list":["post-4351","page","type-page","status-publish","hentry"],"acf":[],"_links":{"self":[{"href":"https:\/\/www.anytherm.com\/de\/wp-json\/wp\/v2\/pages\/4351","targetHints":{"allow":["GET"]}}],"collection":[{"href":"https:\/\/www.anytherm.com\/de\/wp-json\/wp\/v2\/pages"}],"about":[{"href":"https:\/\/www.anytherm.com\/de\/wp-json\/wp\/v2\/types\/page"}],"author":[{"embeddable":true,"href":"https:\/\/www.anytherm.com\/de\/wp-json\/wp\/v2\/users\/1"}],"replies":[{"embeddable":true,"href":"https:\/\/www.anytherm.com\/de\/wp-json\/wp\/v2\/comments?post=4351"}],"version-history":[{"count":11,"href":"https:\/\/www.anytherm.com\/de\/wp-json\/wp\/v2\/pages\/4351\/revisions"}],"predecessor-version":[{"id":6093,"href":"https:\/\/www.anytherm.com\/de\/wp-json\/wp\/v2\/pages\/4351\/revisions\/6093"}],"up":[{"embeddable":true,"href":"https:\/\/www.anytherm.com\/de\/wp-json\/wp\/v2\/pages\/4247"}],"wp:attachment":[{"href":"https:\/\/www.anytherm.com\/de\/wp-json\/wp\/v2\/media?parent=4351"}],"wp:term":[{"taxonomy":"folder","embeddable":true,"href":"https:\/\/www.anytherm.com\/de\/wp-json\/wp\/v2\/folder?post=4351"}],"curies":[{"name":"wp","href":"https:\/\/api.w.org\/{rel}","templated":true}]}}