{"id":4349,"date":"2024-04-29T22:20:06","date_gmt":"2024-04-29T22:20:06","guid":{"rendered":"https:\/\/therminators.com\/waermeaustauscher-und-prozessausruestung\/therm-x-deepl-all-page-translate\/"},"modified":"2025-07-26T14:28:34","modified_gmt":"2025-07-26T14:28:34","slug":"therm-x","status":"publish","type":"page","link":"https:\/\/www.anytherm.com\/de\/produkte\/therm-x\/","title":{"rendered":"Therm-X"},"content":{"rendered":"\n<div class=\"wp-block-columns is-layout-flex wp-container-core-columns-is-layout-28f84493 wp-block-columns-is-layout-flex\">\n<div class=\"wp-block-column is-layout-flow wp-block-column-is-layout-flow\" style=\"flex-basis:33.33%\">\n<figure class=\"wp-block-image size-full is-resized\"><img loading=\"lazy\" decoding=\"async\" width=\"264\" height=\"422\" src=\"https:\/\/www.anytherm.com\/wp-content\/uploads\/2024\/04\/image-42.png\" alt=\"\" class=\"wp-image-166\" style=\"width:255px;height:auto\" srcset=\"https:\/\/www.anytherm.com\/wp-content\/uploads\/2024\/04\/image-42.png 264w, https:\/\/www.anytherm.com\/wp-content\/uploads\/2024\/04\/image-42-188x300.png 188w\" sizes=\"auto, (max-width: 264px) 100vw, 264px\" \/><figcaption class=\"wp-element-caption\">Therm-X Selbstreinigende Pillow Plate W\u00e4rmetauscher<\/figcaption><\/figure>\n\n\n\n<figure class=\"wp-block-image size-full is-resized\"><img loading=\"lazy\" decoding=\"async\" width=\"307\" height=\"222\" src=\"https:\/\/www.anytherm.com\/wp-content\/uploads\/2024\/04\/image-43.png\" alt=\"\" class=\"wp-image-168\" style=\"width:343px;height:auto\" srcset=\"https:\/\/www.anytherm.com\/wp-content\/uploads\/2024\/04\/image-43.png 307w, https:\/\/www.anytherm.com\/wp-content\/uploads\/2024\/04\/image-43-300x217.png 300w\" sizes=\"auto, (max-width: 307px) 100vw, 307px\" \/><figcaption class=\"wp-element-caption\">Anullare, konzentrische Kissenplatten aus Therm-X<\/figcaption><\/figure>\n<\/div>\n\n\n\n<div class=\"wp-block-column is-layout-flow wp-block-column-is-layout-flow\" style=\"flex-basis:66.66%\"><h2 class=\"wp-block-heading\" id=\"cc-m-header-12747774531\" style=\"font-size:clamp(14px, 0.875rem + ((1vw - 3.2px) * 0.625), 20px);\">HAUPTMERKMALE<\/h2>\n\n\n<ul class=\"wp-block-list\">\n<li>Selbstreinigender Kissenplattenw\u00e4rmetauscher mit rotierenden B\u00fcrsten<\/li>\n\n\n\n<li>Speziell f\u00fcr die W\u00e4rmer\u00fcckgewinnung, K\u00fchlung und Heizung von faserhaltigen oder unreinen Prozessfl\u00fcssigkeiten konzipiert<\/li>\n\n\n\n<li>Anwendungen wie W\u00e4rmer\u00fcckgewinnung in Verbindung mit Schwimmb\u00e4dern, Abwasser oder Schlamm und Abluft von Papiermaschinen<\/li>\n\n\n\n<li>Dank der B\u00fcrsten ist der W\u00e4rmetauscher sehr leicht zu reinigen, wodurch die Wartungskosten auf ein Minimum reduziert werden.<\/li>\n\n\n\n<li>Kann mit K\u00fchl-\/Heizmedien wie Dampf, Wasser und Ammoniak verwendet werden<\/li>\n<\/ul>\n\n\n<h3 class=\"wp-block-heading\" id=\"eigenschaften\">EIGENSCHAFTEN<\/h3>\n\n\n<ul class=\"wp-block-list\">\n<li>Werkstoffe: Therm-X ist in verschiedenen Stahlqualit\u00e4ten erh\u00e4ltlich<\/li>\n\n\n\n<li>Leicht zu inspizieren<\/li>\n\n\n\n<li>Hohe Variabilit\u00e4t: Anzahl der ringf\u00f6rmigen Kissenplatten und Beh\u00e4ltervolumen einstellbar<\/li>\n<\/ul>\n\n\n<h3 class=\"wp-block-heading\" id=\"rotierende-buersten\">ROTIERENDE B\u00dcRSTEN<\/h3>\n\n\n<div class=\"wp-block-columns is-layout-flex wp-container-core-columns-is-layout-28f84493 wp-block-columns-is-layout-flex\">\n<div class=\"wp-block-column is-layout-flow wp-block-column-is-layout-flow\">\n<figure class=\"wp-block-image size-full is-resized\"><img loading=\"lazy\" decoding=\"async\" width=\"277\" height=\"202\" src=\"https:\/\/www.anytherm.com\/wp-content\/uploads\/2024\/04\/image-44.png\" alt=\"\" class=\"wp-image-170\" style=\"width:332px;height:auto\"\/><figcaption class=\"wp-element-caption\">B\u00fcrsten und Antrieb von Therm-X<\/figcaption><\/figure>\n<\/div>\n\n\n\n<div class=\"wp-block-column is-layout-flow wp-block-column-is-layout-flow\">\n<p>Hoher Wirkungsgrad durch die Bewegung der B\u00fcrsten, die Turbulenzen im Wasser erzeugen und somit die Effizienz der W\u00e4rme\u00fcbertragung erh\u00f6hen<\/p>\n\n\n\n<ul class=\"wp-block-list\">\n<li>Die Rotationsgeschwindigkeit der B\u00fcrsten kann zwischen 20 und 30 U\/min eingestellt werden.<\/li>\n<\/ul>\n<\/div>\n<\/div>\n<\/div>\n<\/div>\n\n<hr class=\"wp-block-separator has-alpha-channel-opacity\"\/>\n\n<p class=\"has-text-align-center\">Erhalten Sie einen Eindruck unserer Qualit\u00e4tsprodukte anhand der <strong><a href=\"https:\/\/www.anytherm.com\/#pictures\">Fotos<\/a> im Home-Bereich unserer Webseite.<\/strong><\/p>\n\n<hr class=\"wp-block-separator has-alpha-channel-opacity\"\/>\n","protected":false},"excerpt":{"rendered":"<p>HAUPTMERKMALE EIGENSCHAFTEN ROTIERENDE B\u00dcRSTEN Hoher Wirkungsgrad durch die Bewegung der B\u00fcrsten, die Turbulenzen im Wasser erzeugen und somit die Effizienz der W\u00e4rme\u00fcbertragung erh\u00f6hen Erhalten Sie einen Eindruck unserer Qualit\u00e4tsprodukte anhand der Fotos im Home-Bereich unserer Webseite.<\/p>\n","protected":false},"author":1,"featured_media":0,"parent":4247,"menu_order":13,"comment_status":"closed","ping_status":"closed","template":"","meta":{"_acf_changed":false,"inline_featured_image":false,"footnotes":""},"folder":[29],"class_list":["post-4349","page","type-page","status-publish","hentry"],"acf":[],"_links":{"self":[{"href":"https:\/\/www.anytherm.com\/de\/wp-json\/wp\/v2\/pages\/4349","targetHints":{"allow":["GET"]}}],"collection":[{"href":"https:\/\/www.anytherm.com\/de\/wp-json\/wp\/v2\/pages"}],"about":[{"href":"https:\/\/www.anytherm.com\/de\/wp-json\/wp\/v2\/types\/page"}],"author":[{"embeddable":true,"href":"https:\/\/www.anytherm.com\/de\/wp-json\/wp\/v2\/users\/1"}],"replies":[{"embeddable":true,"href":"https:\/\/www.anytherm.com\/de\/wp-json\/wp\/v2\/comments?post=4349"}],"version-history":[{"count":119,"href":"https:\/\/www.anytherm.com\/de\/wp-json\/wp\/v2\/pages\/4349\/revisions"}],"predecessor-version":[{"id":6091,"href":"https:\/\/www.anytherm.com\/de\/wp-json\/wp\/v2\/pages\/4349\/revisions\/6091"}],"up":[{"embeddable":true,"href":"https:\/\/www.anytherm.com\/de\/wp-json\/wp\/v2\/pages\/4247"}],"wp:attachment":[{"href":"https:\/\/www.anytherm.com\/de\/wp-json\/wp\/v2\/media?parent=4349"}],"wp:term":[{"taxonomy":"folder","embeddable":true,"href":"https:\/\/www.anytherm.com\/de\/wp-json\/wp\/v2\/folder?post=4349"}],"curies":[{"name":"wp","href":"https:\/\/api.w.org\/{rel}","templated":true}]}}