{"id":4335,"date":"2024-04-29T22:10:06","date_gmt":"2024-04-29T22:10:06","guid":{"rendered":"https:\/\/therminators.com\/waermeaustauscher-und-prozessausruestung\/prozess-therm-deepl-all-page-translate\/"},"modified":"2025-06-09T09:10:51","modified_gmt":"2025-06-09T09:10:51","slug":"prozess-therm","status":"publish","type":"page","link":"https:\/\/www.anytherm.com\/de\/produkte\/prozess-therm\/","title":{"rendered":"Process Therm"},"content":{"rendered":"\n<div class=\"wp-block-columns is-layout-flex wp-container-core-columns-is-layout-28f84493 wp-block-columns-is-layout-flex\">\n<div class=\"wp-block-column is-layout-flow wp-block-column-is-layout-flow\" style=\"flex-basis:33.33%\">\n<figure class=\"wp-block-image size-full is-resized\"><img loading=\"lazy\" decoding=\"async\" width=\"330\" height=\"551\" src=\"https:\/\/www.anytherm.com\/wp-content\/uploads\/2024\/04\/image-39.png\" alt=\"\" class=\"wp-image-156\" style=\"width:279px;height:auto\" srcset=\"https:\/\/www.anytherm.com\/wp-content\/uploads\/2024\/04\/image-39.png 330w, https:\/\/www.anytherm.com\/wp-content\/uploads\/2024\/04\/image-39-180x300.png 180w\" sizes=\"auto, (max-width: 330px) 100vw, 330px\" \/><figcaption class=\"wp-element-caption\">Process Therm Pillow Plate W\u00e4rmetauscher<\/figcaption><\/figure>\n<\/div>\n\n\n\n<div class=\"wp-block-column is-layout-flow wp-block-column-is-layout-flow\" style=\"flex-basis:66.66%\"><h2 class=\"wp-block-heading\" id=\"cc-m-header-12733903531\" style=\"font-size:clamp(14px, 0.875rem + ((1vw - 3.2px) * 0.625), 20px);\">HAUPTMERKMALE<\/h2>\n\n\n<ul class=\"wp-block-list\">\n<li>Kissenplattenw\u00e4rmetauscher mit integriertem CIP-System (Cleaning in Place)<\/li>\n\n\n\n<li>Gut geeignet f\u00fcr stark staubbelastete Luft (z.B. in der Lebensmittel-\/Milchindustrie &#8211; z.B. Abluft von Spr\u00fchtrocknern, Chemie-, Papier- und Textilindustrie)<\/li>\n\n\n\n<li>Wartungsfrei und ohne teure Reinigungsstopps (durch eingebautes CIP-System)<\/li>\n\n\n\n<li>W\u00e4rmer\u00fcckgewinnung mit konstanter Kondensation<\/li>\n<\/ul>\n\n\n<h3 class=\"wp-block-heading\" id=\"cc-m-header-12733903531\">MATERIALIEN UND KENNWERTE<\/h3>\n\n\n<ul class=\"wp-block-list\">\n<li>Werkstoffe: Verschiedene hochlegierte Materialien k\u00f6nnen verwendet werden, um eine lange Lebensdauer zu erreichen<\/li>\n\n\n\n<li>Kissenplatten: Dicke der Platten von 0,8 mm bis zu 12 mm m\u00f6glich (je nach Auslegungsdruck)<\/li>\n\n\n\n<li>Kompakte Bauweise: 150-200 m2 W\u00e4rme\u00fcbertragungsfl\u00e4che pro m3 Volumen<\/li>\n\n\n\n<li>Luftmenge: bis zu 150&#8217;000 kg\/h pro Ger\u00e4t<\/li>\n\n\n\n<li>Temperaturbereich Betrieb: bis zu 800 \u00b0C<\/li>\n\n\n\n<li>Vakuum: verwendbar f\u00fcr Vakuum bis zu 100 mbar<\/li>\n\n\n\n<li>Systemdruck: bis zu 60 bar<\/li>\n<\/ul>\n\n\n<h3 class=\"wp-block-heading\" id=\"kvpsystem\">KVP-SYSTEM<\/h3>\n\n\n<div class=\"wp-block-columns is-layout-flex wp-container-core-columns-is-layout-28f84493 wp-block-columns-is-layout-flex\">\n<div class=\"wp-block-column is-layout-flow wp-block-column-is-layout-flow\" style=\"flex-basis:30%\">\n<figure class=\"wp-block-image size-full is-resized\"><img loading=\"lazy\" decoding=\"async\" width=\"193\" height=\"181\" src=\"https:\/\/www.anytherm.com\/wp-content\/uploads\/2024\/04\/image-40.png\" alt=\"\" class=\"wp-image-158\" style=\"width:205px;height:auto\"\/><\/figure>\n<\/div>\n\n\n\n<div class=\"wp-block-column is-layout-flow wp-block-column-is-layout-flow\" style=\"flex-basis:70.03%\">\n<p>Cleaning in Place (CIP) bezeichnet die Reinigung der Innenfl\u00e4chen von Prozessanlagen ohne Demontage unter Verwendung einer Reinigungsl\u00f6sung<\/p>\n\n\n\n<ul class=\"wp-block-list\">\n<li>Das CIP-System kann oben (Standard) oder unten angebracht werden <\/li>\n\n\n\n<li>Zirkulations-CIP-D\u00fcsen k\u00f6nnen im \u00dcbergang installiert werden<\/li>\n<\/ul>\n<\/div>\n<\/div>\n<\/div>\n<\/div>\n\n<hr class=\"wp-block-separator has-alpha-channel-opacity\"\/>\n\n<p class=\"has-text-align-center\">Erhalten Sie einen Eindruck von unseren hochwertigen Produkten und klicken Sie auf <strong><a href=\"https:\/\/www.anytherm.com\/#pictures\">Fotos<\/a> im Home-Bereich unserer Webseite<\/strong>.<\/p>\n\n<hr class=\"wp-block-separator has-alpha-channel-opacity\"\/>\n","protected":false},"excerpt":{"rendered":"<p>HAUPTMERKMALE MATERIALIEN UND KENNWERTE KVP-SYSTEM Cleaning in Place (CIP) bezeichnet die Reinigung der Innenfl\u00e4chen von Prozessanlagen ohne Demontage unter Verwendung einer Reinigungsl\u00f6sung Erhalten Sie einen Eindruck von unseren hochwertigen Produkten und klicken Sie auf Fotos im Home-Bereich unserer Webseite.<\/p>\n","protected":false},"author":1,"featured_media":0,"parent":4247,"menu_order":11,"comment_status":"closed","ping_status":"closed","template":"","meta":{"_acf_changed":false,"inline_featured_image":false,"footnotes":""},"folder":[29],"class_list":["post-4335","page","type-page","status-publish","hentry"],"acf":[],"_links":{"self":[{"href":"https:\/\/www.anytherm.com\/de\/wp-json\/wp\/v2\/pages\/4335","targetHints":{"allow":["GET"]}}],"collection":[{"href":"https:\/\/www.anytherm.com\/de\/wp-json\/wp\/v2\/pages"}],"about":[{"href":"https:\/\/www.anytherm.com\/de\/wp-json\/wp\/v2\/types\/page"}],"author":[{"embeddable":true,"href":"https:\/\/www.anytherm.com\/de\/wp-json\/wp\/v2\/users\/1"}],"replies":[{"embeddable":true,"href":"https:\/\/www.anytherm.com\/de\/wp-json\/wp\/v2\/comments?post=4335"}],"version-history":[{"count":8,"href":"https:\/\/www.anytherm.com\/de\/wp-json\/wp\/v2\/pages\/4335\/revisions"}],"predecessor-version":[{"id":6059,"href":"https:\/\/www.anytherm.com\/de\/wp-json\/wp\/v2\/pages\/4335\/revisions\/6059"}],"up":[{"embeddable":true,"href":"https:\/\/www.anytherm.com\/de\/wp-json\/wp\/v2\/pages\/4247"}],"wp:attachment":[{"href":"https:\/\/www.anytherm.com\/de\/wp-json\/wp\/v2\/media?parent=4335"}],"wp:term":[{"taxonomy":"folder","embeddable":true,"href":"https:\/\/www.anytherm.com\/de\/wp-json\/wp\/v2\/folder?post=4335"}],"curies":[{"name":"wp","href":"https:\/\/api.w.org\/{rel}","templated":true}]}}