{"id":4327,"date":"2024-04-29T21:40:00","date_gmt":"2024-04-29T21:40:00","guid":{"rendered":"https:\/\/therminators.com\/waermeaustauscher-und-prozessausruestung\/kompakte-waermetauschereinheiten-deepl-all-page-translate\/"},"modified":"2025-06-09T09:31:14","modified_gmt":"2025-06-09T09:31:14","slug":"kompakte-waermetauschereinheiten","status":"publish","type":"page","link":"https:\/\/www.anytherm.com\/de\/produkte\/kompakte-waermetauschereinheiten\/","title":{"rendered":"Kompakte W\u00e4rmetauschereinheiten"},"content":{"rendered":"\n<p>Beim W\u00e4rmeaustausch gehen Gr\u00f6\u00dfe und Effizienz oft Hand in Hand. Wir bei Anytherm sind darauf spezialisiert, ma\u00dfgeschneiderte kompakte W\u00e4rmetauschereinheiten zu liefern, die diese beiden Eigenschaften verk\u00f6rpern. Sie sind ideal f\u00fcr Unternehmen, die Wert auf platzsparende L\u00f6sungen legen, ohne dabei auf Leistung zu verzichten. Kundenspezifisch mit Pr\u00e4zision konstruiert und auf Langlebigkeit ausgelegt, bieten diese Ger\u00e4te einen ma\u00dfgeschneiderten Ansatz f\u00fcr den W\u00e4rmeaustausch und stellen sicher, dass der Betrieb mit einem minimalen Platzbedarf effizient l\u00e4uft. Jedes Produkt ist auf die spezifischen Anforderungen von Industrie und Kunden zugeschnitten. Da diese Ger\u00e4te aufgrund ihrer kompakten Gr\u00f6\u00dfe weniger Platz und Material ben\u00f6tigen, k\u00f6nnen sie einen kosteneffektiven Vorteil darstellen.<br\/>Im Falle der kompakten W\u00e4rmetauscher von Anytherm werden diese Einheiten so gebaut, dass sie verschiedene Prozessluftstr\u00f6me f\u00fcr verschiedene Prozesse aus einer \u201eBox\u201c bereitstellen. Alles in einem Geh\u00e4use und anschlussfertig. Einsetzbar mit Filtern, Ventilatoren, Luftgebl\u00e4sen (Hochdruck), Luftklappen (zur Luftmischung, um unterschiedliche Prozesstemperaturen liefern zu k\u00f6nnen), K\u00fchlentfeuchtern und mehr.       <\/p>\n\n<div style=\"height:13px\" aria-hidden=\"true\" class=\"wp-block-spacer\"><\/div>\n\n<div class=\"wp-block-columns is-layout-flex wp-container-core-columns-is-layout-28f84493 wp-block-columns-is-layout-flex\">\n<div class=\"wp-block-column is-layout-flow wp-block-column-is-layout-flow\"><h3 class=\"wp-block-heading\" id=\"cc-m-header-12733901431\">HAUPTMERKMALE<\/h3>\n\n\n<ul class=\"wp-block-list\">\n<li>Ger\u00e4t in sehr kompakter Bauweise &#8211; alles in einem Geh\u00e4use und anschlussfertig<\/li>\n\n\n\n<li>Einsetzbar mit Filtern, Ventilatoren, Luftgebl\u00e4sen (Hochdruck), Luftklappen (zur Luftmischung, um verschiedene Prozesstemperaturen aus einer Box liefern zu k\u00f6nnen), Luftentfeuchtern, etc.<\/li>\n\n\n\n<li>Ma\u00dfgeschneidert nach Kundenspezifikation und Anfrage<\/li>\n\n\n\n<li>Isoliertes Geh\u00e4use (vollverschwei\u00dft, Sanit\u00e4rausf\u00fchrung) und ausziehbare Elemente<\/li>\n<\/ul>\n\n\n\n<figure class=\"wp-block-image size-full\"><img loading=\"lazy\" decoding=\"async\" width=\"471\" height=\"319\" src=\"https:\/\/www.anytherm.com\/wp-content\/uploads\/2024\/04\/image-35.png\" alt=\"Kompakte W&#xE4;rmetauschereinheit 2\" class=\"wp-image-142\" srcset=\"https:\/\/www.anytherm.com\/wp-content\/uploads\/2024\/04\/image-35.png 471w, https:\/\/www.anytherm.com\/wp-content\/uploads\/2024\/04\/image-35-300x203.png 300w\" sizes=\"auto, (max-width: 471px) 100vw, 471px\" \/><figcaption class=\"wp-element-caption\">Kompakteinheit (Beispiel 2)<\/figcaption><\/figure>\n<\/div>\n\n\n\n<div class=\"wp-block-column is-layout-flow wp-block-column-is-layout-flow\">\n<figure class=\"wp-block-image size-full\"><img loading=\"lazy\" decoding=\"async\" width=\"489\" height=\"316\" src=\"https:\/\/www.anytherm.com\/wp-content\/uploads\/2024\/04\/image-34.png\" alt=\"Kompakte W&#xE4;rmetauschereinheit 1\" class=\"wp-image-140\" srcset=\"https:\/\/www.anytherm.com\/wp-content\/uploads\/2024\/04\/image-34.png 489w, https:\/\/www.anytherm.com\/wp-content\/uploads\/2024\/04\/image-34-300x194.png 300w\" sizes=\"auto, (max-width: 489px) 100vw, 489px\" \/><figcaption class=\"wp-element-caption\">Kompakteinheit (Beispiel 1)<\/figcaption><\/figure>\n\n\n<h3 class=\"wp-block-heading\" id=\"cc-m-header-12733901631\">MATERIALIEN UND KENNWERTE<\/h3>\n\n\n<ul class=\"wp-block-list\">\n<li>Geh\u00e4use: Edelstahl (AISI 304 und AISI 316) mit Mineralwollisolierung<\/li>\n\n\n\n<li>Lamellenrohre: Rostfreier Stahl (AISI 304 oder AISI 316)<\/li>\n\n\n\n<li>Lamellen: Aluminium oder rostfreier Stahl<\/li>\n\n\n\n<li>Ausblastemperatur: je nach Anwendung und Zusatzausstattung sind unterschiedliche Lufttemperaturen m\u00f6glich<\/li>\n<\/ul>\n<\/div>\n<\/div>\n\n<p><\/p>\n\n<div class=\"wp-block-columns is-layout-flex wp-container-core-columns-is-layout-28f84493 wp-block-columns-is-layout-flex\">\n<div class=\"wp-block-column is-layout-flow wp-block-column-is-layout-flow\" style=\"flex-basis:66.66%\"><h2 class=\"wp-block-heading\" id=\"wie-funktionieren-kompaktwaermetauscher\">Wie funktionieren Kompaktw\u00e4rmetauscher?<\/h2>\n\n\n<p>Im Allgemeinen sind kompakte W\u00e4rmetauscher so konstruiert, dass sie W\u00e4rme zwischen zwei Fl\u00fcssigkeiten mit maximaler Effizienz in einem minimalen Volumen \u00fcbertragen. Dies wird durch ein hohes Verh\u00e4ltnis von Oberfl\u00e4che zu Volumen erreicht, um die W\u00e4rme\u00fcbertragungsraten zu erh\u00f6hen. Die kleinere Bauweise erm\u00f6glicht eine schnellere W\u00e4rme\u00fcbertragung und reduziert das Gewicht und die Gr\u00f6\u00dfe der Anlage. Dies f\u00fchrt zu geringeren Material- und Installationskosten.   <\/p>\n\n\n\n<p>Die meisten unserer W\u00e4rmetausch-\/L\u00fcftungsger\u00e4te werden mit kundenspezifischen Rippenrohren aus Aluminium und Edelstahl (AISI 304 und AISI 316) hergestellt, um Langlebigkeit, Zuverl\u00e4ssigkeit, Hygiene und kosteneffiziente, hocheffiziente W\u00e4rme\u00fcbertragungseigenschaften zu gew\u00e4hrleisten.<\/p>\n\n\n\n<p>Bei den kompakten W\u00e4rmetauschern von Anytherm handelt es sich um Ger\u00e4te, die so gebaut sind, dass sie verschiedene Prozessluftstr\u00f6me f\u00fcr verschiedene Prozesse aus einer \u201eBox\u201c liefern. Alles in einem Geh\u00e4use und bereit zum Anschluss. <\/p>\n<\/div>\n\n\n\n<div class=\"wp-block-column is-layout-flow wp-block-column-is-layout-flow\" style=\"flex-basis:33.33%\"><h3 class=\"wp-block-heading\" id=\"cc-m-header-13406322431\">NUTZUNG UND ANWENDUNG IN DER INDUSTRIE<\/h3>\n\n\n<ul class=\"wp-block-list\">\n<li>Lebensmittel-\/Milchindustrie<\/li>\n\n\n\n<li>Chemische\/Pharmazeutische Industrie<\/li>\n\n\n\n<li>Pharmaindustrie<\/li>\n\n\n\n<li>K\u00e4ltetechnik<\/li>\n\n\n\n<li>\u00d6lindustrie<\/li>\n\n\n\n<li>Herstellung von Textilien<\/li>\n\n\n\n<li>Zellstoff-\/Papierindustrie<\/li>\n<\/ul>\n<\/div>\n<\/div>\n\n<div style=\"height:0px\" aria-hidden=\"true\" class=\"wp-block-spacer\"><\/div>\n\n<hr class=\"wp-block-separator has-alpha-channel-opacity\"\/>\n\n<p class=\"has-text-align-center\">Erhalten Sie einen Eindruck unserer hochwertigen Produkte anhand der <strong><a href=\"\/#pictures\">Fotos<\/a> im Home-Bereich<\/strong> unserer Webseite.<\/p>\n\n<hr class=\"wp-block-separator has-alpha-channel-opacity\"\/>\n","protected":false},"excerpt":{"rendered":"<p>Beim W\u00e4rmeaustausch gehen Gr\u00f6\u00dfe und Effizienz oft Hand in Hand. Wir bei Anytherm sind darauf spezialisiert, ma\u00dfgeschneiderte kompakte W\u00e4rmetauschereinheiten zu liefern, die diese beiden Eigenschaften verk\u00f6rpern. Sie sind ideal f\u00fcr Unternehmen, die Wert auf platzsparende L\u00f6sungen legen, ohne dabei auf Leistung zu verzichten. Kundenspezifisch mit Pr\u00e4zision konstruiert und auf Langlebigkeit ausgelegt, bieten diese Ger\u00e4te einen [&hellip;]<\/p>\n","protected":false},"author":1,"featured_media":0,"parent":4247,"menu_order":8,"comment_status":"closed","ping_status":"closed","template":"","meta":{"_acf_changed":false,"inline_featured_image":false,"footnotes":""},"folder":[29],"class_list":["post-4327","page","type-page","status-publish","hentry"],"acf":[],"_links":{"self":[{"href":"https:\/\/www.anytherm.com\/de\/wp-json\/wp\/v2\/pages\/4327","targetHints":{"allow":["GET"]}}],"collection":[{"href":"https:\/\/www.anytherm.com\/de\/wp-json\/wp\/v2\/pages"}],"about":[{"href":"https:\/\/www.anytherm.com\/de\/wp-json\/wp\/v2\/types\/page"}],"author":[{"embeddable":true,"href":"https:\/\/www.anytherm.com\/de\/wp-json\/wp\/v2\/users\/1"}],"replies":[{"embeddable":true,"href":"https:\/\/www.anytherm.com\/de\/wp-json\/wp\/v2\/comments?post=4327"}],"version-history":[{"count":13,"href":"https:\/\/www.anytherm.com\/de\/wp-json\/wp\/v2\/pages\/4327\/revisions"}],"predecessor-version":[{"id":6085,"href":"https:\/\/www.anytherm.com\/de\/wp-json\/wp\/v2\/pages\/4327\/revisions\/6085"}],"up":[{"embeddable":true,"href":"https:\/\/www.anytherm.com\/de\/wp-json\/wp\/v2\/pages\/4247"}],"wp:attachment":[{"href":"https:\/\/www.anytherm.com\/de\/wp-json\/wp\/v2\/media?parent=4327"}],"wp:term":[{"taxonomy":"folder","embeddable":true,"href":"https:\/\/www.anytherm.com\/de\/wp-json\/wp\/v2\/folder?post=4327"}],"curies":[{"name":"wp","href":"https:\/\/api.w.org\/{rel}","templated":true}]}}