{"id":4319,"date":"2024-04-29T22:35:33","date_gmt":"2024-04-29T22:35:33","guid":{"rendered":"https:\/\/therminators.com\/dienstleistungen\/energiemanagement\/"},"modified":"2025-06-05T07:52:08","modified_gmt":"2025-06-05T07:52:08","slug":"energiemanagement","status":"publish","type":"page","link":"https:\/\/www.anytherm.com\/de\/energieberatung\/energiemanagement\/","title":{"rendered":"Energiemanagement"},"content":{"rendered":"\n<p><\/p>\n\n<div class=\"wp-block-columns is-layout-flex wp-container-core-columns-is-layout-28f84493 wp-block-columns-is-layout-flex\">\n<div class=\"wp-block-column is-layout-flow wp-block-column-is-layout-flow\" style=\"flex-basis:70%\">\n<p>Unsere Energiemanagement-Beratungsleistungen decken die folgenden Themen ab:<\/p>\n\n\n\n<ul class=\"wp-block-list\">\n<li>Verbesserungen von Energiemanagementsystemen<\/li>\n\n\n\n<li>Einf\u00fchrung und Zertifizierung von ISO 50001 Managementsystemen<\/li>\n\n\n\n<li>Entwicklung von Energiezielen und -strategien<\/li>\n\n\n\n<li>Analyse und Vorschl\u00e4ge f\u00fcr Energiesparma\u00dfnahmen<\/li>\n\n\n\n<li>Ma\u00dfnahmen zur Kommunikation und Mitarbeitersensibilisierung<\/li>\n\n\n\n<li>Abkl\u00e4rungen und Antragserarbeitungen zu F\u00f6rdermitteln<\/li>\n\n\n\n<li>Implementierungen von Energiedaten-Messsystemen<br\/><\/li>\n<\/ul>\n<\/div>\n\n\n\n<div class=\"wp-block-column is-layout-flow wp-block-column-is-layout-flow\">\n<figure data-wp-context=\"{&quot;imageId&quot;:&quot;69f5f953b9518&quot;}\" data-wp-interactive=\"core\/image\" data-wp-key=\"69f5f953b9518\" class=\"wp-block-image aligncenter size-full is-resized wp-lightbox-container\"><img loading=\"lazy\" decoding=\"async\" width=\"1323\" height=\"1015\" data-wp-class--hide=\"state.isContentHidden\" data-wp-class--show=\"state.isContentVisible\" data-wp-init=\"callbacks.setButtonStyles\" data-wp-on--click=\"actions.showLightbox\" data-wp-on--load=\"callbacks.setButtonStyles\" data-wp-on-window--resize=\"callbacks.setButtonStyles\" src=\"https:\/\/www.anytherm.com\/wp-content\/uploads\/2024\/05\/image-44.png\" alt=\"\" class=\"wp-image-1471\" style=\"width:308px;height:auto\" srcset=\"https:\/\/www.anytherm.com\/wp-content\/uploads\/2024\/05\/image-44.png 1323w, https:\/\/www.anytherm.com\/wp-content\/uploads\/2024\/05\/image-44-300x230.png 300w, https:\/\/www.anytherm.com\/wp-content\/uploads\/2024\/05\/image-44-1024x786.png 1024w, https:\/\/www.anytherm.com\/wp-content\/uploads\/2024\/05\/image-44-768x589.png 768w\" sizes=\"auto, (max-width: 1323px) 100vw, 1323px\" \/><button\n\t\t\tclass=\"lightbox-trigger\"\n\t\t\ttype=\"button\"\n\t\t\taria-haspopup=\"dialog\"\n\t\t\taria-label=\"Vergr\u00f6\u00dfern\"\n\t\t\tdata-wp-init=\"callbacks.initTriggerButton\"\n\t\t\tdata-wp-on--click=\"actions.showLightbox\"\n\t\t\tdata-wp-style--right=\"state.imageButtonRight\"\n\t\t\tdata-wp-style--top=\"state.imageButtonTop\"\n\t\t>\n\t\t\t<svg xmlns=\"http:\/\/www.w3.org\/2000\/svg\" width=\"12\" height=\"12\" fill=\"none\" viewBox=\"0 0 12 12\">\n\t\t\t\t<path fill=\"#fff\" d=\"M2 0a2 2 0 0 0-2 2v2h1.5V2a.5.5 0 0 1 .5-.5h2V0H2Zm2 10.5H2a.5.5 0 0 1-.5-.5V8H0v2a2 2 0 0 0 2 2h2v-1.5ZM8 12v-1.5h2a.5.5 0 0 0 .5-.5V8H12v2a2 2 0 0 1-2 2H8Zm2-12a2 2 0 0 1 2 2v2h-1.5V2a.5.5 0 0 0-.5-.5H8V0h2Z\" \/>\n\t\t\t<\/svg>\n\t\t<\/button><\/figure>\n<\/div>\n<\/div>\n\n<hr class=\"wp-block-separator has-alpha-channel-opacity\"\/>\n\n<p class=\"has-text-align-center\">L\u00f6sungsorientiert, kompetent und neutral beraten<\/p>\n\n<hr class=\"wp-block-separator has-alpha-channel-opacity\"\/>\n","protected":false},"excerpt":{"rendered":"<p>Unsere Energiemanagement-Beratungsleistungen decken die folgenden Themen ab: L\u00f6sungsorientiert, kompetent und neutral beraten<\/p>\n","protected":false},"author":1,"featured_media":0,"parent":4272,"menu_order":4,"comment_status":"closed","ping_status":"closed","template":"","meta":{"_acf_changed":false,"inline_featured_image":false,"footnotes":""},"folder":[39],"class_list":["post-4319","page","type-page","status-publish","hentry"],"acf":[],"_links":{"self":[{"href":"https:\/\/www.anytherm.com\/de\/wp-json\/wp\/v2\/pages\/4319","targetHints":{"allow":["GET"]}}],"collection":[{"href":"https:\/\/www.anytherm.com\/de\/wp-json\/wp\/v2\/pages"}],"about":[{"href":"https:\/\/www.anytherm.com\/de\/wp-json\/wp\/v2\/types\/page"}],"author":[{"embeddable":true,"href":"https:\/\/www.anytherm.com\/de\/wp-json\/wp\/v2\/users\/1"}],"replies":[{"embeddable":true,"href":"https:\/\/www.anytherm.com\/de\/wp-json\/wp\/v2\/comments?post=4319"}],"version-history":[{"count":13,"href":"https:\/\/www.anytherm.com\/de\/wp-json\/wp\/v2\/pages\/4319\/revisions"}],"predecessor-version":[{"id":5782,"href":"https:\/\/www.anytherm.com\/de\/wp-json\/wp\/v2\/pages\/4319\/revisions\/5782"}],"up":[{"embeddable":true,"href":"https:\/\/www.anytherm.com\/de\/wp-json\/wp\/v2\/pages\/4272"}],"wp:attachment":[{"href":"https:\/\/www.anytherm.com\/de\/wp-json\/wp\/v2\/media?parent=4319"}],"wp:term":[{"taxonomy":"folder","embeddable":true,"href":"https:\/\/www.anytherm.com\/de\/wp-json\/wp\/v2\/folder?post=4319"}],"curies":[{"name":"wp","href":"https:\/\/api.w.org\/{rel}","templated":true}]}}