{"id":4317,"date":"2024-04-24T20:26:22","date_gmt":"2024-04-24T20:26:22","guid":{"rendered":"https:\/\/therminators.com\/dienstleistungen\/fahrplan-zu-netto-null-deepl-all-translate\/"},"modified":"2025-06-09T08:38:48","modified_gmt":"2025-06-09T08:38:48","slug":"fahrplan-zu-netto-null","status":"publish","type":"page","link":"https:\/\/www.anytherm.com\/de\/energieberatung\/fahrplan-zu-netto-null\/","title":{"rendered":"Netto-Null-Fahrplan"},"content":{"rendered":"<h3 class=\"wp-block-heading has-text-align-center\" id=\"cc-m-header-13345509431\" style=\"font-size:clamp(14px, 0.875rem + ((1vw - 3.2px) * 0.625), 20px);\">WIE KANN IHR WEG ZUR CO2-NEUTRALIT\u00c4T IN BEZUG AUF ENERGIE UND KOSTEN OPTIMIERT WERDEN?<\/h3>\n<div style=\"height:5px\" aria-hidden=\"true\" class=\"wp-block-spacer\"><\/div>\n<h3 class=\"wp-block-heading has-text-align-center\" id=\"cc-m-header-13345509631\" style=\"font-size:clamp(14px, 0.875rem + ((1vw - 3.2px) * 0.625), 20px);\">MIT UNSEREN NETTO-NULL-FAHRP\u00c4NEN LIEFERN WIR EINE KLARE VISION F\u00dcR IHR UNTERNEHMEN<\/h3>\n<div style=\"height:22px\" aria-hidden=\"true\" class=\"wp-block-spacer\"><\/div>\n\n<p>Unser Netto-Null-Fahrplan besteht aus einem Ma\u00dfnahmenplan, der auch die bereits geplanten oder zuk\u00fcnftig erforderlichen technischen \u00c4nderungen an Ihrem Standort (wie geplante Anlagenerweiterungen oder Prozessanpassungen) ber\u00fccksichtigt. Der Fahrplan zeigt einen Reduktionspfad mit konkreten CO2-Einsparungsma\u00dfnahmen und den jeweiligen Investitionskosten und CO2-Einsparungen. <\/p>\n\n<div class=\"wp-block-columns is-layout-flex wp-container-core-columns-is-layout-28f84493 wp-block-columns-is-layout-flex\">\n<div class=\"wp-block-column is-layout-flow wp-block-column-is-layout-flow\">\n<figure class=\"wp-block-image size-full is-resized\"><img loading=\"lazy\" decoding=\"async\" width=\"480\" height=\"286\" src=\"https:\/\/www.anytherm.com\/wp-content\/uploads\/2024\/04\/image-4.png\" alt=\"\" class=\"wp-image-47\" style=\"width:474px;height:auto\" srcset=\"https:\/\/www.anytherm.com\/wp-content\/uploads\/2024\/04\/image-4.png 480w, https:\/\/www.anytherm.com\/wp-content\/uploads\/2024\/04\/image-4-300x179.png 300w\" sizes=\"auto, (max-width: 480px) 100vw, 480px\" \/><\/figure>\n<\/div>\n\n\n\n<div class=\"wp-block-column is-layout-flow wp-block-column-is-layout-flow\"><h3 class=\"wp-block-heading\" id=\"cc-m-header-13218901031\">HAUPTMERKMALE<\/h3>\n\n\n<ul class=\"wp-block-list\">\n<li>ber\u00fccksichtigt die standortspezifischen Gegebenheiten, Pl\u00e4ne und Ziele Ihres Unternehmens.<\/li>\n\n\n\n<li>zeigt konkrete Ma\u00dfnahmen auf, mit denen Netto-Null-Treibhausgasemissionen erreicht werden k\u00f6nnen.<\/li>\n\n\n\n<li>pr\u00fcft die technische und wirtschaftliche Durchf\u00fchrbarkeit dieser Ma\u00dfnahmen.<\/li>\n\n\n\n<li>pr\u00fcft die technische und wirtschaftliche Durchf\u00fchrbarkeit dieser Ma\u00dfnahmen.<\/li>\n\n\n\n<li>sch\u00e4tzt die notwendigen Investitionen.<\/li>\n\n\n\n<li>bildet die Grundlage f\u00fcr die anschlie\u00dfende Umsetzungsplanung.<\/li>\n<\/ul>\n<\/div>\n<\/div>\n\n<div class=\"wp-block-columns is-layout-flex wp-container-core-columns-is-layout-28f84493 wp-block-columns-is-layout-flex\">\n<div class=\"wp-block-column is-layout-flow wp-block-column-is-layout-flow\"><h3 class=\"wp-block-heading\" id=\"cc-m-header-13345509931\">ENTWICKLUNG IHRES FAHRPLANS<\/h3>\n\n\n<ol class=\"wp-block-list\">\n<li>Bewertung der aktuellen Situation<\/li>\n\n\n\n<li>Entwicklung von Ma\u00dfnahmen<\/li>\n\n\n\n<li>Analyse der technischen Durchf\u00fchrbarkeit<\/li>\n\n\n\n<li>Analyse der wirtschaftlichen Durchf\u00fchrbarkeit<\/li>\n\n\n\n<li>Erstellung von Ma\u00dfnahmenpaketen<\/li>\n\n\n\n<li>Vergleich der Varianten<\/li>\n\n\n\n<li>Planung der Durchf\u00fchrung<\/li>\n<\/ol>\n<\/div>\n\n\n\n<div class=\"wp-block-column is-layout-flow wp-block-column-is-layout-flow\"><h3 class=\"wp-block-heading\" id=\"cc-m-header-13345510231\">HANDLUNGSFELDER<\/h3>\n\n\n<p>Ausgehend von der aktuellen Situation und den bereits geplanten Ver\u00e4nderungen in Ihrem Unternehmen wird ein breites Spektrum an CO2-Minderungsma\u00dfnahmen in den Bereichen Effizienz, W\u00e4rme-\/K\u00e4ltenetze, Prozess-\/Technik\u00e4nderungen, Produkt\u00e4nderungen und neue Energietr\u00e4ger entwickelt, erg\u00e4nzt durch Kompensations- und Neutralisierungsma\u00dfnahmen. Die Ma\u00dfnahmenfelder geben Orientierung und k\u00f6nnen sich gegenseitig erg\u00e4nzen. <\/p>\n<\/div>\n<\/div>\n<h3 class=\"wp-block-heading\" id=\"cc-m-header-13345512131\">AUFWAND UND KOSTEN<\/h3>\n<p>Unser Beratungsservice Netto-Null-Fahrplan bietet eine fundierte Grundlage f\u00fcr Ihre Dekarbonisierungsplanung. Der Aufwand und die Kosten f\u00fcr die Erstellung einer Dekarbonisierungs-Roadmap werden individuell auf die Komplexit\u00e4t und die Bed\u00fcrfnisse Ihres Unternehmens zugeschnitten. <\/p>\n\n<p><\/p>\n","protected":false},"excerpt":{"rendered":"<p>WIE KANN IHR WEG ZUR CO2-NEUTRALIT\u00c4T IN BEZUG AUF ENERGIE UND KOSTEN OPTIMIERT WERDEN? MIT UNSEREN NETTO-NULL-FAHRP\u00c4NEN LIEFERN WIR EINE KLARE VISION F\u00dcR IHR UNTERNEHMEN Unser Netto-Null-Fahrplan besteht aus einem Ma\u00dfnahmenplan, der auch die bereits geplanten oder zuk\u00fcnftig erforderlichen technischen \u00c4nderungen an Ihrem Standort (wie geplante Anlagenerweiterungen oder Prozessanpassungen) ber\u00fccksichtigt. Der Fahrplan zeigt einen Reduktionspfad [&hellip;]<\/p>\n","protected":false},"author":1,"featured_media":0,"parent":4272,"menu_order":3,"comment_status":"closed","ping_status":"closed","template":"","meta":{"_acf_changed":false,"inline_featured_image":false,"footnotes":""},"folder":[39],"class_list":["post-4317","page","type-page","status-publish","hentry"],"acf":[],"_links":{"self":[{"href":"https:\/\/www.anytherm.com\/de\/wp-json\/wp\/v2\/pages\/4317","targetHints":{"allow":["GET"]}}],"collection":[{"href":"https:\/\/www.anytherm.com\/de\/wp-json\/wp\/v2\/pages"}],"about":[{"href":"https:\/\/www.anytherm.com\/de\/wp-json\/wp\/v2\/types\/page"}],"author":[{"embeddable":true,"href":"https:\/\/www.anytherm.com\/de\/wp-json\/wp\/v2\/users\/1"}],"replies":[{"embeddable":true,"href":"https:\/\/www.anytherm.com\/de\/wp-json\/wp\/v2\/comments?post=4317"}],"version-history":[{"count":14,"href":"https:\/\/www.anytherm.com\/de\/wp-json\/wp\/v2\/pages\/4317\/revisions"}],"predecessor-version":[{"id":6035,"href":"https:\/\/www.anytherm.com\/de\/wp-json\/wp\/v2\/pages\/4317\/revisions\/6035"}],"up":[{"embeddable":true,"href":"https:\/\/www.anytherm.com\/de\/wp-json\/wp\/v2\/pages\/4272"}],"wp:attachment":[{"href":"https:\/\/www.anytherm.com\/de\/wp-json\/wp\/v2\/media?parent=4317"}],"wp:term":[{"taxonomy":"folder","embeddable":true,"href":"https:\/\/www.anytherm.com\/de\/wp-json\/wp\/v2\/folder?post=4317"}],"curies":[{"name":"wp","href":"https:\/\/api.w.org\/{rel}","templated":true}]}}