{"id":4315,"date":"2024-04-29T22:41:25","date_gmt":"2024-04-29T22:41:25","guid":{"rendered":"https:\/\/therminators.com\/dienstleistungen\/energieanalyse\/"},"modified":"2025-07-04T18:29:51","modified_gmt":"2025-07-04T18:29:51","slug":"energieanalyse","status":"publish","type":"page","link":"https:\/\/www.anytherm.com\/de\/energieberatung\/energieanalyse\/","title":{"rendered":"Energieanalyse"},"content":{"rendered":"\n<p class=\"has-text-align-center\">Sie wollen Ihre Energieeffizienz steigern und CO2-Emissionen reduzieren? Oder sind Sie eher an einer nachhaltigen, kosteng\u00fcnstigen Energieversorgung interessiert?  Die Energieanalyse gibt Ihnen einen \u00dcberblick \u00fcber die aktuelle Energiesituation und eine grobe Absch\u00e4tzung des Energieeinsparpotenzials. <br\/>Weitere Bed\u00fcrfnisse k\u00f6nnen individuell ber\u00fccksichtigt werden.<br\/>Mehr<\/p>\n\n<div style=\"height:23px\" aria-hidden=\"true\" class=\"wp-block-spacer\"><\/div>\n<h3 class=\"wp-block-heading\" id=\"moegliche-analysethemen\">M\u00d6GLICHE ANALYSETHEMEN:<\/h3>\n<ul class=\"wp-block-list\">\n<li><strong>Energiekosten und Verbrauchseffizienz<\/strong><br\/><strong>Beispiel: <\/strong>Erfassung aller relevanten Energieverbraucher und deren Bedarfe, grobe Absch\u00e4tzung des W\u00e4rmer\u00fcckgewinnungspotenzials, Ermittlung von Spitzenlast-Stromverbr\u00e4uchen, Erarbeitung von wirtschaftlichen Ans\u00e4tzen zur Energieeffizienzsteigerung<br\/><br\/><\/li>\n\n\n\n<li><strong>Verringerung der CO2-Emissionen \/ Fahrplan zur Kohlenstofffreiheit<\/strong><br\/><strong>Beispiel:<\/strong> Erfassung aller relevanten CO2-Emittenten, grobe Absch\u00e4tzung des Potenzials zur Verbesserung der Energieeffizienz, Pr\u00fcfung alternativer Energiequellen, Vergleich verschiedener Energiequellen f\u00fcr Teilprozesse<br\/><strong>Stichworte:<\/strong> Fernw\u00e4rme, Holzkessel, Holzvergaser, Geothermie, Grundwasserenergie, Photovoltaik, Solarthermie, W\u00e4rmepumpen, W\u00e4rmer\u00fcckgewinnung, etc.<br\/><br\/><\/li>\n\n\n\n<li><strong>Energieversorgung<\/strong><br\/><strong>Beispiel: <\/strong>Optimierung hinsichtlich Temperaturniveau und Leistung; Vergleich von Erdgaskessel mit Holzkessel<br\/><strong>Stichworte: <\/strong>Heizkessel, K\u00e4ltemaschine, Blockheizkraftwerk, Gasturbine, etc.<br\/><br\/><\/li>\n\n\n\n<li><strong>Interne Energieumwandlung:<br\/>Beispiel:<\/strong>Energieumwandlungseinheiten (ECU) transformieren bisher un- oder nur eingeschr\u00e4nkt nutzbare W\u00e4rme in eine Form, die effizient im Gesamtsystem verwertet werden kann.<br\/><strong>Schl\u00fcsselw\u00f6rter: <\/strong>W\u00e4rmepumpe, Organic Rankine Cycle (ORC), mechanische Br\u00fcdenkompression (MVR), thermische Br\u00fcdenkompression (TVR)<br\/><\/li>\n<\/ul>\n<h3 class=\"wp-block-heading\" id=\"cc-m-header-13221411331\">WEITERE UNTERST\u00dcTZUNG<\/h3>\n<ul class=\"wp-block-list\">\n<li><a href=\"\/services\/heat-recovery-pinch\/\">\u201eGrobe\u201c und detaillierte Pinch-Analyse<\/a><\/li>\n\n\n\n<li><a href=\"\/services\/heat-exchange-services\/\">Engineering des gesamten W\u00e4rmer\u00fcckgewinnungssystems<\/a><\/li>\n\n\n\n<li><a href=\"https:\/\/www.anytherm.com\/de\/anwendungen\/industrielle-waermerueckgewinnungssysteme\/\">Herstellung und Lieferung des kompletten W\u00e4rmer\u00fcckgewinnungssystems<\/a><\/li>\n<\/ul>\n\n<hr class=\"wp-block-separator has-alpha-channel-opacity\"\/>\n\n<p class=\"has-text-align-center\">L\u00f6sungsorientiert, kompetent und neutral beraten<\/p>\n\n<hr class=\"wp-block-separator has-alpha-channel-opacity\"\/>\n","protected":false},"excerpt":{"rendered":"<p>Sie wollen Ihre Energieeffizienz steigern und CO2-Emissionen reduzieren? Oder sind Sie eher an einer nachhaltigen, kosteng\u00fcnstigen Energieversorgung interessiert? Die Energieanalyse gibt Ihnen einen \u00dcberblick \u00fcber die aktuelle Energiesituation und eine grobe Absch\u00e4tzung des Energieeinsparpotenzials. Weitere Bed\u00fcrfnisse k\u00f6nnen individuell ber\u00fccksichtigt werden.Mehr M\u00d6GLICHE ANALYSETHEMEN: WEITERE UNTERST\u00dcTZUNG L\u00f6sungsorientiert, kompetent und neutral beraten<\/p>\n","protected":false},"author":1,"featured_media":0,"parent":4272,"menu_order":2,"comment_status":"closed","ping_status":"closed","template":"","meta":{"_acf_changed":false,"inline_featured_image":false,"footnotes":""},"folder":[39],"class_list":["post-4315","page","type-page","status-publish","hentry"],"acf":[],"_links":{"self":[{"href":"https:\/\/www.anytherm.com\/de\/wp-json\/wp\/v2\/pages\/4315","targetHints":{"allow":["GET"]}}],"collection":[{"href":"https:\/\/www.anytherm.com\/de\/wp-json\/wp\/v2\/pages"}],"about":[{"href":"https:\/\/www.anytherm.com\/de\/wp-json\/wp\/v2\/types\/page"}],"author":[{"embeddable":true,"href":"https:\/\/www.anytherm.com\/de\/wp-json\/wp\/v2\/users\/1"}],"replies":[{"embeddable":true,"href":"https:\/\/www.anytherm.com\/de\/wp-json\/wp\/v2\/comments?post=4315"}],"version-history":[{"count":19,"href":"https:\/\/www.anytherm.com\/de\/wp-json\/wp\/v2\/pages\/4315\/revisions"}],"predecessor-version":[{"id":6198,"href":"https:\/\/www.anytherm.com\/de\/wp-json\/wp\/v2\/pages\/4315\/revisions\/6198"}],"up":[{"embeddable":true,"href":"https:\/\/www.anytherm.com\/de\/wp-json\/wp\/v2\/pages\/4272"}],"wp:attachment":[{"href":"https:\/\/www.anytherm.com\/de\/wp-json\/wp\/v2\/media?parent=4315"}],"wp:term":[{"taxonomy":"folder","embeddable":true,"href":"https:\/\/www.anytherm.com\/de\/wp-json\/wp\/v2\/folder?post=4315"}],"curies":[{"name":"wp","href":"https:\/\/api.w.org\/{rel}","templated":true}]}}