{"id":4313,"date":"2024-05-26T23:03:54","date_gmt":"2024-05-26T23:03:54","guid":{"rendered":"https:\/\/therminators.com\/anwendungen\/massgeschneiderte-hvac-loesungen-deepl-all-translate\/"},"modified":"2025-06-05T07:42:28","modified_gmt":"2025-06-05T07:42:28","slug":"massgeschneiderte-hvac-loesungen","status":"publish","type":"page","link":"https:\/\/www.anytherm.com\/de\/anwendungen\/massgeschneiderte-hvac-loesungen\/","title":{"rendered":"Ma\u00dfgeschneiderte HVAC-L\u00f6sungen"},"content":{"rendered":"\n<div class=\"wp-block-columns is-layout-flex wp-container-core-columns-is-layout-28f84493 wp-block-columns-is-layout-flex\">\n<div class=\"wp-block-column is-layout-flow wp-block-column-is-layout-flow\" style=\"flex-basis:60%\">\n<p>Basierend auf unserem fundierten Wissen in der Entwicklung und Produktion von ma\u00dfgeschneiderten, hochwertigen W\u00e4rmetauscherl\u00f6sungen f\u00fcr die Prozessindustrie und in Kombination mit unseren kosteneffizienten Produktionsstandorten in D\u00e4nemark und Polen, k\u00f6nnen wir Ihnen auch zuverl\u00e4ssige, ma\u00dfgeschneiderte HVAC-W\u00e4rmetauscherl\u00f6sungen f\u00fcr anspruchsvolle Anwendungen anbieten.<\/p>\n\n\n<h3 class=\"wp-block-heading\" id=\"cc-m-header-12772867031\">HAUPTMERKMALE<\/h3>\n\n\n<p>Wir konzentrieren uns auf anspruchsvolle HLK-Anwendungen mit Bedarf an kundenspezifischen L\u00f6sungen &#8211; wo Standardprodukte die Anforderungen nicht mehr erf\u00fcllen &#8211; z.B. aufgrund von:<\/p>\n\n\n\n<ul class=\"wp-block-list\">\n<li>Bedarf an kundenspezifischen Kompletteinheiten inkl. Geh\u00e4use, \u00dcbergangsst\u00fccke und z.B. kombiniert mit Filtern, Ventilatoren, Entfeuchtung, elektrischen Heizungen, etc. <\/li>\n\n\n\n<li>Platzprobleme \/ kundenspezifischer Umbau f\u00fcr den Austausch von W\u00e4rmetauschern<\/li>\n\n\n\n<li>&#8216;Hohe Luftmengen von bis zu 200.000\u202fkg\/h pro Einheit<\/li>\n\n\n\n<li>Hohe Dr\u00fccke, hohe Temperaturen und\/oder mit Partikeln\/Staub beladene Medien<\/li>\n\n\n\n<li>Anforderungen an die hygienische Gestaltung von HLK-Lebensmittelanwendungen<\/li>\n\n\n\n<li>Komplette HVAC-W\u00e4rmer\u00fcckgewinnungs-Kreislaufsysteme einschlie\u00dflich Pumpen und Instrumentierung <\/li>\n<\/ul>\n\n\n\n<figure data-wp-context=\"{&quot;imageId&quot;:&quot;69f5f9b3cc8b3&quot;}\" data-wp-interactive=\"core\/image\" data-wp-key=\"69f5f9b3cc8b3\" class=\"wp-block-image aligncenter size-large wp-lightbox-container\"><img loading=\"lazy\" decoding=\"async\" width=\"1024\" height=\"526\" data-wp-class--hide=\"state.isContentHidden\" data-wp-class--show=\"state.isContentVisible\" data-wp-init=\"callbacks.setButtonStyles\" data-wp-on--click=\"actions.showLightbox\" data-wp-on--load=\"callbacks.setButtonStyles\" data-wp-on-window--resize=\"callbacks.setButtonStyles\" src=\"https:\/\/www.anytherm.com\/wp-content\/uploads\/2024\/05\/ACO-HVAC_Heat-Recovery-Systems-1024x526.png\" alt=\"Beispielhaftes W&#xE4;rmer&#xFC;ckgewinnungs-Kreislaufsystem f&#xFC;r HLK-Anwendungen (unser Standard-Lieferumfang sind die W&#xE4;rmetauscher und die Pumpstation - auf Wunsch k&#xF6;nnen auch die Verrohrung und die Montagearbeiten angeboten werden)\" class=\"wp-image-455\" srcset=\"https:\/\/www.anytherm.com\/wp-content\/uploads\/2024\/05\/ACO-HVAC_Heat-Recovery-Systems-1024x526.png 1024w, https:\/\/www.anytherm.com\/wp-content\/uploads\/2024\/05\/ACO-HVAC_Heat-Recovery-Systems-300x154.png 300w, https:\/\/www.anytherm.com\/wp-content\/uploads\/2024\/05\/ACO-HVAC_Heat-Recovery-Systems-768x394.png 768w, https:\/\/www.anytherm.com\/wp-content\/uploads\/2024\/05\/ACO-HVAC_Heat-Recovery-Systems.png 1243w\" sizes=\"auto, (max-width: 1024px) 100vw, 1024px\" \/><button\n\t\t\tclass=\"lightbox-trigger\"\n\t\t\ttype=\"button\"\n\t\t\taria-haspopup=\"dialog\"\n\t\t\taria-label=\"Vergr\u00f6\u00dfern\"\n\t\t\tdata-wp-init=\"callbacks.initTriggerButton\"\n\t\t\tdata-wp-on--click=\"actions.showLightbox\"\n\t\t\tdata-wp-style--right=\"state.imageButtonRight\"\n\t\t\tdata-wp-style--top=\"state.imageButtonTop\"\n\t\t>\n\t\t\t<svg xmlns=\"http:\/\/www.w3.org\/2000\/svg\" width=\"12\" height=\"12\" fill=\"none\" viewBox=\"0 0 12 12\">\n\t\t\t\t<path fill=\"#fff\" d=\"M2 0a2 2 0 0 0-2 2v2h1.5V2a.5.5 0 0 1 .5-.5h2V0H2Zm2 10.5H2a.5.5 0 0 1-.5-.5V8H0v2a2 2 0 0 0 2 2h2v-1.5ZM8 12v-1.5h2a.5.5 0 0 0 .5-.5V8H12v2a2 2 0 0 1-2 2H8Zm2-12a2 2 0 0 1 2 2v2h-1.5V2a.5.5 0 0 0-.5-.5H8V0h2Z\" \/>\n\t\t\t<\/svg>\n\t\t<\/button><figcaption class=\"wp-element-caption\">Beispielhaftes W\u00e4rmer\u00fcckgewinnungs-Kreislaufsystem f\u00fcr HLK-Anwendungen (unser Standard-Lieferumfang sind die W\u00e4rmetauscher und die Pumpstation &#8211; auf Wunsch k\u00f6nnen auch die Verrohrung und die Montagearbeiten angeboten werden)<\/figcaption><\/figure>\n\n\n<h3 class=\"wp-block-heading\" id=\"cc-m-header-12772959931\" style=\"text-transform:uppercase\">Wirtschaftliche Analyse \/ Subventionen<\/h3>\n\n\n<p>Auf Wunsch bieten wir Ihnen auch Wirtschaftlichkeitsanalysen (Payback, NPV, IRR) f\u00fcr W\u00e4rmer\u00fcckgewinnungssysteme f\u00fcr HVAC-Anwendungen (die sich oft innerhalb von 1-2 Jahren amortisieren) und unterst\u00fctzen Sie hinsichtlich m\u00f6glicher Subventionen (\u00f6ffentliche finanzielle Unterst\u00fctzung &#8211; da W\u00e4rmer\u00fcckgewinnungssysteme zu weniger Emissionen beitragen).<\/p>\n<\/div>\n\n\n\n<div class=\"wp-block-column is-layout-flow wp-block-column-is-layout-flow\" style=\"flex-basis:40%\">\n<figure data-wp-context=\"{&quot;imageId&quot;:&quot;69f5f9b3cdf5e&quot;}\" data-wp-interactive=\"core\/image\" data-wp-key=\"69f5f9b3cdf5e\" class=\"wp-block-image aligncenter size-full is-resized wp-lightbox-container\"><img loading=\"lazy\" decoding=\"async\" width=\"960\" height=\"637\" data-wp-class--hide=\"state.isContentHidden\" data-wp-class--show=\"state.isContentVisible\" data-wp-init=\"callbacks.setButtonStyles\" data-wp-on--click=\"actions.showLightbox\" data-wp-on--load=\"callbacks.setButtonStyles\" data-wp-on-window--resize=\"callbacks.setButtonStyles\" src=\"https:\/\/www.anytherm.com\/wp-content\/uploads\/2024\/05\/HVAC-Roof.jpg\" alt=\"\" class=\"wp-image-441\" style=\"width:449px;height:auto\" srcset=\"https:\/\/www.anytherm.com\/wp-content\/uploads\/2024\/05\/HVAC-Roof.jpg 960w, https:\/\/www.anytherm.com\/wp-content\/uploads\/2024\/05\/HVAC-Roof-300x199.jpg 300w, https:\/\/www.anytherm.com\/wp-content\/uploads\/2024\/05\/HVAC-Roof-768x510.jpg 768w\" sizes=\"auto, (max-width: 960px) 100vw, 960px\" \/><button\n\t\t\tclass=\"lightbox-trigger\"\n\t\t\ttype=\"button\"\n\t\t\taria-haspopup=\"dialog\"\n\t\t\taria-label=\"Vergr\u00f6\u00dfern\"\n\t\t\tdata-wp-init=\"callbacks.initTriggerButton\"\n\t\t\tdata-wp-on--click=\"actions.showLightbox\"\n\t\t\tdata-wp-style--right=\"state.imageButtonRight\"\n\t\t\tdata-wp-style--top=\"state.imageButtonTop\"\n\t\t>\n\t\t\t<svg xmlns=\"http:\/\/www.w3.org\/2000\/svg\" width=\"12\" height=\"12\" fill=\"none\" viewBox=\"0 0 12 12\">\n\t\t\t\t<path fill=\"#fff\" d=\"M2 0a2 2 0 0 0-2 2v2h1.5V2a.5.5 0 0 1 .5-.5h2V0H2Zm2 10.5H2a.5.5 0 0 1-.5-.5V8H0v2a2 2 0 0 0 2 2h2v-1.5ZM8 12v-1.5h2a.5.5 0 0 0 .5-.5V8H12v2a2 2 0 0 1-2 2H8Zm2-12a2 2 0 0 1 2 2v2h-1.5V2a.5.5 0 0 0-.5-.5H8V0h2Z\" \/>\n\t\t\t<\/svg>\n\t\t<\/button><\/figure>\n\n\n<h3 class=\"wp-block-heading\" id=\"cc-m-header-12772866331\">UNSERE MASSGESCHNEIDERTEN HVAC-L\u00d6SUNGEN<\/h3>\n\n\n<ul class=\"wp-block-list\">\n<li>Lufterhitzer\/Luftk\u00fchler<\/li>\n\n\n\n<li>Dampf-W\u00e4rmetauscher<\/li>\n\n\n\n<li>K\u00e4ltemittelverdampfer und -kondensatoren<\/li>\n\n\n\n<li>Kreislaufsysteme mit W\u00e4rmer\u00fcckgewinnung<\/li>\n\n\n\n<li><a href=\"https:\/\/www.anytherm.com\/products\/pumping-stations\/\">Pumpstationen<\/a> f\u00fcr W\u00e4rmer\u00fcckgewinnungssysteme<\/li>\n<\/ul>\n\n\n<h3 class=\"wp-block-heading\" id=\"cc-m-header-12772960331\">MATERIALIEN<\/h3>\n\n\n<p>Im Gegensatz zu unseren L\u00f6sungen f\u00fcr die Prozessindustrie, die haupts\u00e4chlich aus Edelstahl (Geh\u00e4use und Rohre) und Aluminium (Lamellen) bestehen, k\u00f6nnen unsere HVAC-L\u00f6sungen (je nach der spezifischen Anwendung) ausgef\u00fchrt werden:<\/p>\n\n\n\n<ul class=\"wp-block-list\">\n<li>Geh\u00e4use: verzinkter Stahl oder rostfreier Stahl<\/li>\n\n\n\n<li>Rohre: Kupfer oder rostfreier Stahl<\/li>\n\n\n\n<li>Lamellen: Aluminium (Standard), Edelstahl oder Kupfer<\/li>\n<\/ul>\n\n\n\n<figure data-wp-context=\"{&quot;imageId&quot;:&quot;69f5f9b3cebb0&quot;}\" data-wp-interactive=\"core\/image\" data-wp-key=\"69f5f9b3cebb0\" class=\"wp-block-image size-large is-resized wp-lightbox-container\"><img loading=\"lazy\" decoding=\"async\" width=\"1024\" height=\"409\" data-wp-class--hide=\"state.isContentHidden\" data-wp-class--show=\"state.isContentVisible\" data-wp-init=\"callbacks.setButtonStyles\" data-wp-on--click=\"actions.showLightbox\" data-wp-on--load=\"callbacks.setButtonStyles\" data-wp-on-window--resize=\"callbacks.setButtonStyles\" src=\"https:\/\/www.anytherm.com\/wp-content\/uploads\/2024\/05\/fin-block-samples-with-copper-aluminum-and-stainless-steel-fins-1024x409.png\" alt=\"Lamellenrohr-Bl&#xF6;cke mit Kupfer-, Aluminium- und Edelstahl-Lamellen&#10;\" class=\"wp-image-1865\" style=\"width:388px;height:auto\" srcset=\"https:\/\/www.anytherm.com\/wp-content\/uploads\/2024\/05\/fin-block-samples-with-copper-aluminum-and-stainless-steel-fins-1024x409.png 1024w, https:\/\/www.anytherm.com\/wp-content\/uploads\/2024\/05\/fin-block-samples-with-copper-aluminum-and-stainless-steel-fins-300x120.png 300w, https:\/\/www.anytherm.com\/wp-content\/uploads\/2024\/05\/fin-block-samples-with-copper-aluminum-and-stainless-steel-fins-768x307.png 768w, https:\/\/www.anytherm.com\/wp-content\/uploads\/2024\/05\/fin-block-samples-with-copper-aluminum-and-stainless-steel-fins-1536x614.png 1536w, https:\/\/www.anytherm.com\/wp-content\/uploads\/2024\/05\/fin-block-samples-with-copper-aluminum-and-stainless-steel-fins.png 2000w\" sizes=\"auto, (max-width: 1024px) 100vw, 1024px\" \/><button\n\t\t\tclass=\"lightbox-trigger\"\n\t\t\ttype=\"button\"\n\t\t\taria-haspopup=\"dialog\"\n\t\t\taria-label=\"Vergr\u00f6\u00dfern\"\n\t\t\tdata-wp-init=\"callbacks.initTriggerButton\"\n\t\t\tdata-wp-on--click=\"actions.showLightbox\"\n\t\t\tdata-wp-style--right=\"state.imageButtonRight\"\n\t\t\tdata-wp-style--top=\"state.imageButtonTop\"\n\t\t>\n\t\t\t<svg xmlns=\"http:\/\/www.w3.org\/2000\/svg\" width=\"12\" height=\"12\" fill=\"none\" viewBox=\"0 0 12 12\">\n\t\t\t\t<path fill=\"#fff\" d=\"M2 0a2 2 0 0 0-2 2v2h1.5V2a.5.5 0 0 1 .5-.5h2V0H2Zm2 10.5H2a.5.5 0 0 1-.5-.5V8H0v2a2 2 0 0 0 2 2h2v-1.5ZM8 12v-1.5h2a.5.5 0 0 0 .5-.5V8H12v2a2 2 0 0 1-2 2H8Zm2-12a2 2 0 0 1 2 2v2h-1.5V2a.5.5 0 0 0-.5-.5H8V0h2Z\" \/>\n\t\t\t<\/svg>\n\t\t<\/button><figcaption class=\"wp-element-caption\">Lamellenrohr-Bl\u00f6cke mit Kupfer-, Aluminium- und Edelstahl-Lamellen<\/figcaption><\/figure>\n<\/div>\n<\/div>\n\n<hr class=\"wp-block-separator has-alpha-channel-opacity\"\/>\n\n<p class=\"has-text-align-center\">Ma\u00dfgeschneiderte HVAC-Produkte von hoher Qualit\u00e4t zu kosteneffizienten Preisen<\/p>\n\n<hr class=\"wp-block-separator has-alpha-channel-opacity\"\/>\n","protected":false},"excerpt":{"rendered":"<p>Basierend auf unserem fundierten Wissen in der Entwicklung und Produktion von ma\u00dfgeschneiderten, hochwertigen W\u00e4rmetauscherl\u00f6sungen f\u00fcr die Prozessindustrie und in Kombination mit unseren kosteneffizienten Produktionsstandorten in D\u00e4nemark und Polen, k\u00f6nnen wir Ihnen auch zuverl\u00e4ssige, ma\u00dfgeschneiderte HVAC-W\u00e4rmetauscherl\u00f6sungen f\u00fcr anspruchsvolle Anwendungen anbieten. HAUPTMERKMALE Wir konzentrieren uns auf anspruchsvolle HLK-Anwendungen mit Bedarf an kundenspezifischen L\u00f6sungen &#8211; wo Standardprodukte die [&hellip;]<\/p>\n","protected":false},"author":1,"featured_media":0,"parent":4278,"menu_order":7,"comment_status":"closed","ping_status":"closed","template":"","meta":{"_acf_changed":false,"inline_featured_image":false,"footnotes":""},"folder":[38],"class_list":["post-4313","page","type-page","status-publish","hentry"],"acf":[],"_links":{"self":[{"href":"https:\/\/www.anytherm.com\/de\/wp-json\/wp\/v2\/pages\/4313","targetHints":{"allow":["GET"]}}],"collection":[{"href":"https:\/\/www.anytherm.com\/de\/wp-json\/wp\/v2\/pages"}],"about":[{"href":"https:\/\/www.anytherm.com\/de\/wp-json\/wp\/v2\/types\/page"}],"author":[{"embeddable":true,"href":"https:\/\/www.anytherm.com\/de\/wp-json\/wp\/v2\/users\/1"}],"replies":[{"embeddable":true,"href":"https:\/\/www.anytherm.com\/de\/wp-json\/wp\/v2\/comments?post=4313"}],"version-history":[{"count":7,"href":"https:\/\/www.anytherm.com\/de\/wp-json\/wp\/v2\/pages\/4313\/revisions"}],"predecessor-version":[{"id":5740,"href":"https:\/\/www.anytherm.com\/de\/wp-json\/wp\/v2\/pages\/4313\/revisions\/5740"}],"up":[{"embeddable":true,"href":"https:\/\/www.anytherm.com\/de\/wp-json\/wp\/v2\/pages\/4278"}],"wp:attachment":[{"href":"https:\/\/www.anytherm.com\/de\/wp-json\/wp\/v2\/media?parent=4313"}],"wp:term":[{"taxonomy":"folder","embeddable":true,"href":"https:\/\/www.anytherm.com\/de\/wp-json\/wp\/v2\/folder?post=4313"}],"curies":[{"name":"wp","href":"https:\/\/api.w.org\/{rel}","templated":true}]}}