{"id":4311,"date":"2024-05-26T22:53:51","date_gmt":"2024-05-26T22:53:51","guid":{"rendered":"https:\/\/therminators.com\/anwendungen\/kuehlungsanwendungen\/"},"modified":"2025-06-05T07:42:53","modified_gmt":"2025-06-05T07:42:53","slug":"kuehlungsanwendungen","status":"publish","type":"page","link":"https:\/\/www.anytherm.com\/de\/anwendungen\/kuehlungsanwendungen\/","title":{"rendered":"K\u00fchlungsanwendungen"},"content":{"rendered":"\n<div class=\"wp-block-columns is-layout-flex wp-container-core-columns-is-layout-28f84493 wp-block-columns-is-layout-flex\">\n<div class=\"wp-block-column is-layout-flow wp-block-column-is-layout-flow\" style=\"flex-basis:60%\">\n<p>Unser Produktportfolio umfasst auch spezielle K\u00fchlanwendungen, z.B. f\u00fcr Kraftwerke und die Metallindustrie, wie:<\/p>\n\n\n\n<ul class=\"wp-block-list\">\n<li>Generatork\u00fchler f\u00fcr Kraftwerke<\/li>\n\n\n\n<li>Wasserstoffk\u00fchler f\u00fcr die Metallindustrie<\/li>\n\n\n\n<li>Rauchgask\u00fchler f\u00fcr die W\u00e4rmer\u00fcckgewinnung von Verbrennungssystemen (Erdgas, Propan usw.)<\/li>\n<\/ul>\n<\/div>\n\n\n\n<div class=\"wp-block-column is-layout-flow wp-block-column-is-layout-flow\" style=\"flex-basis:40%\">\n<figure class=\"wp-block-image size-full is-resized\"><img loading=\"lazy\" decoding=\"async\" width=\"960\" height=\"600\" src=\"https:\/\/www.anytherm.com\/wp-content\/uploads\/2024\/05\/Applications-Power-Plant-Metall-Industry.jpg\" alt=\"Kraftwerk\" class=\"wp-image-445\" style=\"width:410px;height:auto\" srcset=\"https:\/\/www.anytherm.com\/wp-content\/uploads\/2024\/05\/Applications-Power-Plant-Metall-Industry.jpg 960w, https:\/\/www.anytherm.com\/wp-content\/uploads\/2024\/05\/Applications-Power-Plant-Metall-Industry-300x188.jpg 300w, https:\/\/www.anytherm.com\/wp-content\/uploads\/2024\/05\/Applications-Power-Plant-Metall-Industry-768x480.jpg 768w\" sizes=\"auto, (max-width: 960px) 100vw, 960px\" \/><\/figure>\n<\/div>\n<\/div>\n\n<hr class=\"wp-block-separator has-alpha-channel-opacity\"\/>\n\n<p class=\"has-text-align-center\">Kosteneffiziente und leicht zu reinigende \/ wartungsarme W\u00e4rmeaustausch- und R\u00fcckgewinnungssysteme f\u00fcr die Prozessindustrie<\/p>\n\n<hr class=\"wp-block-separator has-alpha-channel-opacity\"\/>\n","protected":false},"excerpt":{"rendered":"<p>Unser Produktportfolio umfasst auch spezielle K\u00fchlanwendungen, z.B. f\u00fcr Kraftwerke und die Metallindustrie, wie: Kosteneffiziente und leicht zu reinigende \/ wartungsarme W\u00e4rmeaustausch- und R\u00fcckgewinnungssysteme f\u00fcr die Prozessindustrie<\/p>\n","protected":false},"author":1,"featured_media":0,"parent":4278,"menu_order":6,"comment_status":"closed","ping_status":"closed","template":"","meta":{"_acf_changed":false,"inline_featured_image":false,"footnotes":""},"folder":[38],"class_list":["post-4311","page","type-page","status-publish","hentry"],"acf":[],"_links":{"self":[{"href":"https:\/\/www.anytherm.com\/de\/wp-json\/wp\/v2\/pages\/4311","targetHints":{"allow":["GET"]}}],"collection":[{"href":"https:\/\/www.anytherm.com\/de\/wp-json\/wp\/v2\/pages"}],"about":[{"href":"https:\/\/www.anytherm.com\/de\/wp-json\/wp\/v2\/types\/page"}],"author":[{"embeddable":true,"href":"https:\/\/www.anytherm.com\/de\/wp-json\/wp\/v2\/users\/1"}],"replies":[{"embeddable":true,"href":"https:\/\/www.anytherm.com\/de\/wp-json\/wp\/v2\/comments?post=4311"}],"version-history":[{"count":7,"href":"https:\/\/www.anytherm.com\/de\/wp-json\/wp\/v2\/pages\/4311\/revisions"}],"predecessor-version":[{"id":5742,"href":"https:\/\/www.anytherm.com\/de\/wp-json\/wp\/v2\/pages\/4311\/revisions\/5742"}],"up":[{"embeddable":true,"href":"https:\/\/www.anytherm.com\/de\/wp-json\/wp\/v2\/pages\/4278"}],"wp:attachment":[{"href":"https:\/\/www.anytherm.com\/de\/wp-json\/wp\/v2\/media?parent=4311"}],"wp:term":[{"taxonomy":"folder","embeddable":true,"href":"https:\/\/www.anytherm.com\/de\/wp-json\/wp\/v2\/folder?post=4311"}],"curies":[{"name":"wp","href":"https:\/\/api.w.org\/{rel}","templated":true}]}}