{"id":4309,"date":"2024-05-26T22:51:38","date_gmt":"2024-05-26T22:51:38","guid":{"rendered":"https:\/\/therminators.com\/anwendungen\/schleuder-blitz-trocknung-deepl-all-translate\/"},"modified":"2025-08-11T10:23:13","modified_gmt":"2025-08-11T10:23:13","slug":"schleuder-blitz-trocknung","status":"publish","type":"page","link":"https:\/\/www.anytherm.com\/de\/anwendungen\/schleuder-blitz-trocknung\/","title":{"rendered":"Spin-Flash-Trocknung"},"content":{"rendered":"\n<div class=\"wp-block-columns is-layout-flex wp-container-core-columns-is-layout-28f84493 wp-block-columns-is-layout-flex\">\n<div class=\"wp-block-column is-layout-flow wp-block-column-is-layout-flow\" style=\"flex-basis:50%\">\n<p>Das Spin Flash Drying (Blitztrockner mit Zentrifugalzerst\u00e4ubung) ist ein industrielles Trocknungsverfahren, mit dem fl\u00fcssigen oder past\u00f6sen Materialien die Feuchtigkeit entzogen und sie in eine pulverisierte Form gebracht werden. Bei diesem Verfahren wird das Material in eine Trockenkammer eingef\u00fchrt, die mit einer rotierenden Scheibe oder einem Rad ausgestattet ist. Durch die Drehung der Scheibe entsteht ein Wirbelbett, in das hei\u00dfe Luft eingeleitet wird, die das in der Luft schwebende Material schnell trocknet. Dies f\u00fchrt zur Herstellung eines feinen Pulvers wie z. B.:   <\/p>\n\n\n\n<ul class=\"wp-block-list\">\n<li>Pigmente und Farbstoffe<\/li>\n\n\n\n<li>Lebensmittelzusatzstoffe<\/li>\n\n\n\n<li>Pharmazeutische Erzeugnisse<\/li>\n\n\n\n<li>Chemikalien und anorganische Verbindungen<\/li>\n\n\n\n<li>Umwelttechnologien<\/li>\n\n\n\n<li>Landwirtschaftliche Erzeugnisse<\/li>\n\n\n\n<li>Keramische Materialien<\/li>\n\n\n\n<li>Mineralien und Erze<\/li>\n\n\n\n<li>Nutrazeutika<\/li>\n\n\n\n<li>Spezialit\u00e4tenchemie<\/li>\n<\/ul>\n\n\n<h3 class=\"wp-block-heading\" id=\"cc-m-header-13390182731\">ANYTHERM PRODUKTANWENDUNGEN<\/h3>\n\n\n<p>Anytherm-Produkte, wie z. B. Produktionsluftaufbereitungs- und W\u00e4rmer\u00fcckgewinnungssysteme, k\u00f6nnen im Rahmen des Spin Flash Trocknungs-Prozesses eingesetzt werden, um die Energieeffizienz und die Umweltvertr\u00e4glichkeit zu optimieren. Diese Systeme helfen, die im Trocknungsprozess verwendete Luft und W\u00e4rme zu verwalten: <\/p>\n\n\n\n<ol class=\"wp-block-list\">\n<li><strong>Luftaufbereitungssysteme f\u00fcr die Produktion: <\/strong>Die Luftaufbereitungssysteme von Anytherm k\u00f6nnen den Durchfluss, die Temperatur und die Luftfeuchtigkeit der in den Spin Flash Dryer eingeleiteten Luft effizient steuern. Diese pr\u00e4zise Steuerung gew\u00e4hrleistet optimale Trocknungsbedingungen f\u00fcr verschiedene Materialien und verbessert die Qualit\u00e4t und Konsistenz des Endprodukts. <\/li>\n\n\n\n<li><strong>Systeme zur W\u00e4rmer\u00fcckgewinnung:<\/strong> Die W\u00e4rmer\u00fcckgewinnungssysteme von Anytherm fangen die w\u00e4hrend des Trocknungsprozesses entstehende W\u00e4rme auf und nutzen sie wieder. Dies reduziert nicht nur den Energieverbrauch, sondern senkt auch die Betriebskosten. Die zur\u00fcckgewonnene W\u00e4rme kann wiederverwendet werden, um die einstr\u00f6mende Luft vorzuw\u00e4rmen oder f\u00fcr andere Heizzwecke innerhalb der Anlage verwendet werden, wodurch der Prozess umweltfreundlicher wird.  <\/li>\n<\/ol>\n\n\n\n<p>Insgesamt verbessern Anytherm-Produkte die Leistung und Nachhaltigkeit von Spin Flash Drying-Prozessen, indem sie fortschrittliche L\u00f6sungen f\u00fcr die Luftaufbereitung und W\u00e4rmer\u00fcckgewinnung bieten, die zu einer verbesserten Effizienz und Kosteneinsparungen in industriellen Trocknungsprozessen f\u00fchren.<\/p>\n<\/div>\n\n\n\n<div class=\"wp-block-column is-layout-flow wp-block-column-is-layout-flow\" style=\"padding-left:var(--wp--preset--spacing--10);flex-basis:50%\">\n<figure class=\"wp-block-image aligncenter size-full is-resized\"><img loading=\"lazy\" decoding=\"async\" width=\"1920\" height=\"1285\" src=\"https:\/\/www.anytherm.com\/wp-content\/uploads\/2024\/05\/Powder_Spin-Flash-Dryer_2.jpg\" alt=\"\" class=\"wp-image-437\" style=\"width:537px;height:auto\" srcset=\"https:\/\/www.anytherm.com\/wp-content\/uploads\/2024\/05\/Powder_Spin-Flash-Dryer_2.jpg 1920w, https:\/\/www.anytherm.com\/wp-content\/uploads\/2024\/05\/Powder_Spin-Flash-Dryer_2-300x201.jpg 300w, https:\/\/www.anytherm.com\/wp-content\/uploads\/2024\/05\/Powder_Spin-Flash-Dryer_2-1024x685.jpg 1024w, https:\/\/www.anytherm.com\/wp-content\/uploads\/2024\/05\/Powder_Spin-Flash-Dryer_2-768x514.jpg 768w, https:\/\/www.anytherm.com\/wp-content\/uploads\/2024\/05\/Powder_Spin-Flash-Dryer_2-1536x1028.jpg 1536w\" sizes=\"auto, (max-width: 1920px) 100vw, 1920px\" \/><\/figure>\n\n\n<h3 class=\"wp-block-heading\" id=\"cc-m-header-13390180131\">UNSER PORTFOLIO F\u00dcR DIE SPIN-FLASH-TROCKNUNG (ZENTRIFUGALBLITZTROCKNUNG)<\/h3>\n\n\n<p>Wir sind spezialisiert auf vollverschweisste, hygienisch konstruierte und ma\u00dfgeschneiderte W\u00e4rmetausch-, Luftbehandlungs-, Entfeuchtungs- und Prozessausr\u00fcstungen und bieten fundierte Kenntnisse \u00fcber W\u00e4rmetauscheranwendungen f\u00fcr die Klimatisierung und W\u00e4rmer\u00fcckgewinnung in Blitztrocknungs-Prozessen:<\/p>\n\n\n\n<ul class=\"wp-block-list\">\n<li><a href=\"https:\/\/www.anytherm.com\/de\/produkte\/dampf-lufterhitzer-dampf-waermetauscher-dampfschlangen-luftheizung\/\">Dampf-W\u00e4rmetauscher<\/a><\/li>\n\n\n\n<li><a href=\"https:\/\/www.anytherm.com\/products\/air-intake-units\/\">Luftansauganlagen<\/a><\/li>\n\n\n\n<li><a href=\"https:\/\/www.anytherm.com\/products\/dessicant-dehumidifiers\/\">Sorption Luftentfeuchter<\/a><\/li>\n\n\n\n<li><a href=\"https:\/\/www.anytherm.com\/products\/cooling-dehumidifiers\/\">Cooling Dehumidifiers<\/a><\/li>\n\n\n\n<li><a href=\"https:\/\/www.anytherm.com\/products\/air-handling-units\/\">Klimager\u00e4te<\/a><\/li>\n\n\n\n<li><a href=\"https:\/\/www.anytherm.com\/products\/compact-units\/\">Kompakte Einheiten<\/a><\/li>\n\n\n\n<li><a href=\"https:\/\/www.anytherm.com\/products\/high-pressure-units\/\">Hochdruck-Einheiten<\/a><\/li>\n\n\n\n<li><a href=\"https:\/\/www.anytherm.com\/products\/heat-recuperators\/\">W\u00e4rmer\u00fcckgewinner<\/a><\/li>\n\n\n\n<li><a href=\"https:\/\/www.anytherm.com\/applications\/heat-recovery-systems\/\">W\u00e4rmetauschsysteme <br\/><\/a><\/li>\n\n\n\n<li><a href=\"https:\/\/www.anytherm.com\/services\/\">Energieberatung<\/a> (z.B. <a href=\"https:\/\/www.anytherm.com\/services\/heat-recovery-pinch\/\">W\u00e4rmer\u00fcckgewinnung \/ Pinch-Analysen)<\/a><\/li>\n<\/ul>\n\n\n<h3 class=\"wp-block-heading\" id=\"cc-m-header-13390179431\">GUT ZU WISSEN<\/h3>\n\n\n<p>Alle unsere W\u00e4rmetauscher werden nach den Bed\u00fcrfnissen und Spezifikationen unserer Kunden hergestellt. Normalerweise sind unsere Einheiten: <\/p>\n\n\n\n<ul class=\"wp-block-list\">\n<li>vollverschwei\u00dft<\/li>\n\n\n\n<li>Sanit\u00e4rbereich<\/li>\n\n\n\n<li>mit herausnehmbaren Elementen (zur Reinigung und Inspektion)<\/li>\n\n\n\n<li>und mit isolierten Geh\u00e4usen<\/li>\n<\/ul>\n<\/div>\n<\/div>\n<h3 class=\"wp-block-heading\" id=\"cc-m-header-13390179631\">WIR FREUEN UNS AUF IHREN ANRUF ODER IHRE E-MAIL<\/h3>\n<p>Z\u00f6gern Sie nicht, sich mit uns in Verbindung zu setzen, wenn Sie eine <a href=\"https:\/\/www.anytherm.com\/contact\/\">Anfrage<\/a> zur Aufbereitung von Schleuderluft haben.<\/p>\n\n<hr class=\"wp-block-separator has-alpha-channel-opacity\"\/>\n\n<p class=\"has-text-align-center\">Kosteneffiziente und leicht zu reinigende \/ wartungsarme W\u00e4rmetausch- und R\u00fcckgewinnungssysteme f\u00fcr die Spin Flash Trocknung<\/p>\n\n<hr class=\"wp-block-separator has-alpha-channel-opacity\"\/>\n","protected":false},"excerpt":{"rendered":"<p>Das Spin Flash Drying (Blitztrockner mit Zentrifugalzerst\u00e4ubung) ist ein industrielles Trocknungsverfahren, mit dem fl\u00fcssigen oder past\u00f6sen Materialien die Feuchtigkeit entzogen und sie in eine pulverisierte Form gebracht werden. Bei diesem Verfahren wird das Material in eine Trockenkammer eingef\u00fchrt, die mit einer rotierenden Scheibe oder einem Rad ausgestattet ist. Durch die Drehung der Scheibe entsteht ein [&hellip;]<\/p>\n","protected":false},"author":1,"featured_media":0,"parent":4278,"menu_order":5,"comment_status":"closed","ping_status":"closed","template":"","meta":{"_acf_changed":false,"inline_featured_image":false,"footnotes":""},"folder":[38],"class_list":["post-4309","page","type-page","status-publish","hentry"],"acf":[],"_links":{"self":[{"href":"https:\/\/www.anytherm.com\/de\/wp-json\/wp\/v2\/pages\/4309","targetHints":{"allow":["GET"]}}],"collection":[{"href":"https:\/\/www.anytherm.com\/de\/wp-json\/wp\/v2\/pages"}],"about":[{"href":"https:\/\/www.anytherm.com\/de\/wp-json\/wp\/v2\/types\/page"}],"author":[{"embeddable":true,"href":"https:\/\/www.anytherm.com\/de\/wp-json\/wp\/v2\/users\/1"}],"replies":[{"embeddable":true,"href":"https:\/\/www.anytherm.com\/de\/wp-json\/wp\/v2\/comments?post=4309"}],"version-history":[{"count":11,"href":"https:\/\/www.anytherm.com\/de\/wp-json\/wp\/v2\/pages\/4309\/revisions"}],"predecessor-version":[{"id":6359,"href":"https:\/\/www.anytherm.com\/de\/wp-json\/wp\/v2\/pages\/4309\/revisions\/6359"}],"up":[{"embeddable":true,"href":"https:\/\/www.anytherm.com\/de\/wp-json\/wp\/v2\/pages\/4278"}],"wp:attachment":[{"href":"https:\/\/www.anytherm.com\/de\/wp-json\/wp\/v2\/media?parent=4309"}],"wp:term":[{"taxonomy":"folder","embeddable":true,"href":"https:\/\/www.anytherm.com\/de\/wp-json\/wp\/v2\/folder?post=4309"}],"curies":[{"name":"wp","href":"https:\/\/api.w.org\/{rel}","templated":true}]}}