{"id":4307,"date":"2024-05-26T22:49:34","date_gmt":"2024-05-26T22:49:34","guid":{"rendered":"https:\/\/therminators.com\/anwendungen\/lithium-batterie-verarbeitung\/"},"modified":"2025-07-04T17:14:20","modified_gmt":"2025-07-04T17:14:20","slug":"lithium-batterie-verarbeitung","status":"publish","type":"page","link":"https:\/\/www.anytherm.com\/de\/anwendungen\/lithium-batterie-verarbeitung\/","title":{"rendered":"Lithium-Batterie-Verarbeitung"},"content":{"rendered":"\n<div class=\"wp-block-columns is-layout-flex wp-container-core-columns-is-layout-28f84493 wp-block-columns-is-layout-flex\">\n<div class=\"wp-block-column is-layout-flow wp-block-column-is-layout-flow\" style=\"flex-basis:66.66%\">\n<p>Die Spr\u00fchtrocknung ist ein wichtiger Prozess bei der Herstellung von Lithiumbatterien. Dabei werden fl\u00fcssige Materialien durch Zerst\u00e4ubung und schnelle Trocknung in feines Pulver verwandelt.  <\/p>\n\n\n\n<p>Um eine effiziente Spr\u00fchtrocknung in der Lithiumbatterieproduktion zu gew\u00e4hrleisten, bietet Anytherm spezialisierte, qualitativ hochwertige Luftbehandlungs-, W\u00e4rmeaustausch- und W\u00e4rmer\u00fcckgewinnungsanlagen an. Unsere Systeme sorgen f\u00fcr eine optimale Luftzirkulation, Temperaturkontrolle und Feuchtigkeitsentfernung. Durch die R\u00fcckgewinnung und Wiederverwendung von W\u00e4rme verbessern wir die Energieeffizienz und senken die Produktionskosten.  <\/p>\n\n\n\n<p>Die Luftaufbereitungsanlagen, z. B. Ventilatoren und Filter, sorgen f\u00fcr einen angemessenen Luftstrom und die Entfernung von Verunreinigungen w\u00e4hrend der Spr\u00fchtrocknung. W\u00e4rmer\u00fcckgewinnungssysteme, einschlie\u00dflich W\u00e4rmetauscher und Pumpstationen, fangen thermische Energie aus der Abluft und anderen Prozessen mit \u00fcbersch\u00fcssiger W\u00e4rme auf und recyceln sie, um die Energieverschwendung zu minimieren. <\/p>\n\n\n\n<p>Durch die Optimierung der Luftbehandlung und den Einbau von W\u00e4rmer\u00fcckgewinnungsanlagen von Anytherm k\u00f6nnen Hersteller von Lithiumbatterien ihre Produktivit\u00e4t steigern, die Umweltbelastung reduzieren und Kosteneinsparungen in ihren Produktionsprozessen erzielen.<\/p>\n\n\n\n<p>Anytherm bietet Technologien f\u00fcr Lithiumbatterie-Prozessschritte wie <a href=\"https:\/\/www.anytherm.com\/products\/dessicant-dehumidifiers\/\">Sorptionsentfeuchter,<\/a> <a href=\"https:\/\/www.anytherm.com\/applications\/heat-recovery-systems\/\">W\u00e4rmer\u00fcckgewinnungssysteme sowie<\/a> allgemeine <a href=\"https:\/\/www.anytherm.com\/products\/\">Produktionsluft-\/Gasbehandlungsanlagen<\/a>. Dar\u00fcber hinaus k\u00f6nnen wir mit unserem industriellen <a href=\"https:\/\/www.anytherm.com\/services\/\">Energieberatungsservice<\/a> das gesamte W\u00e4rmer\u00fcckgewinnungs- und Energieeinsparungspotenzial Ihrer Produktionsanlage analysieren und technisch machbare Ma\u00dfnahmen zur Energier\u00fcckgewinnung und CO2-Reduzierung ausarbeiten, die Ihre Betriebskosten erheblich senken k\u00f6nnen. <\/p>\n<\/div>\n\n\n\n<div class=\"wp-block-column is-layout-flow wp-block-column-is-layout-flow\" style=\"flex-basis:33.33%\">\n<figure class=\"wp-block-image size-full is-resized\"><img loading=\"lazy\" decoding=\"async\" width=\"379\" height=\"237\" src=\"https:\/\/www.anytherm.com\/wp-content\/uploads\/2024\/05\/image-23.png\" alt=\"\" class=\"wp-image-1308\" style=\"width:397px;height:auto\" srcset=\"https:\/\/www.anytherm.com\/wp-content\/uploads\/2024\/05\/image-23.png 379w, https:\/\/www.anytherm.com\/wp-content\/uploads\/2024\/05\/image-23-300x188.png 300w\" sizes=\"auto, (max-width: 379px) 100vw, 379px\" \/><\/figure>\n\n\n<h3 class=\"wp-block-heading\" id=\"cc-m-header-13380040531\">PRODUKTE<\/h3>\n\n\n<p>Die wichtigsten Produkte von Anytherm f\u00fcr Lithiumbatterieprozesse sind:<\/p>\n\n\n\n<ul class=\"wp-block-list\">\n<li><a href=\"https:\/\/www.anytherm.com\/products\/dessicant-dehumidifiers\/\">Sorption Luftentfeuchter<\/a><\/li>\n\n\n\n<li><a href=\"https:\/\/www.anytherm.com\/applications\/heat-recovery-systems\/\">W\u00e4rmetauschsysteme <br\/><\/a><\/li>\n\n\n\n<li><a href=\"https:\/\/www.anytherm.com\/products\/\">Produktion Luft-\/Gasf\u00f6rderanlagen<\/a><\/li>\n\n\n\n<li><a href=\"https:\/\/www.anytherm.com\/services\/\">Energieberatung (z. B. Aussch\u00f6pfung Ihres W\u00e4rmer\u00fcckgewinnungspotenzials)<\/a><\/li>\n<\/ul>\n\n\n\n<div class=\"wp-block-buttons is-layout-flex wp-block-buttons-is-layout-flex\">\n<div class=\"wp-block-button\"><a class=\"wp-block-button__link has-contrast-2-background-color has-background wp-element-button\" href=\"https:\/\/www.anytherm.com\/de\/ueber-uns\/kontakt\/\" style=\"border-radius:32px\">Kontakt<\/a><\/div>\n<\/div>\n<\/div>\n<\/div>\n\n<hr class=\"wp-block-separator has-alpha-channel-opacity\"\/>\n\n<p class=\"has-text-align-center\"><em>Kosteneffiziente und leicht zu reinigende \/ wartungsarme W\u00e4rmeaustausch- und R\u00fcckgewinnungssysteme f\u00fcr die Batterieverarbeitung<\/em><\/p>\n\n<hr class=\"wp-block-separator has-alpha-channel-opacity\"\/>\n","protected":false},"excerpt":{"rendered":"<p>Die Spr\u00fchtrocknung ist ein wichtiger Prozess bei der Herstellung von Lithiumbatterien. Dabei werden fl\u00fcssige Materialien durch Zerst\u00e4ubung und schnelle Trocknung in feines Pulver verwandelt. Um eine effiziente Spr\u00fchtrocknung in der Lithiumbatterieproduktion zu gew\u00e4hrleisten, bietet Anytherm spezialisierte, qualitativ hochwertige Luftbehandlungs-, W\u00e4rmeaustausch- und W\u00e4rmer\u00fcckgewinnungsanlagen an. Unsere Systeme sorgen f\u00fcr eine optimale Luftzirkulation, Temperaturkontrolle und Feuchtigkeitsentfernung. Durch die [&hellip;]<\/p>\n","protected":false},"author":1,"featured_media":0,"parent":4278,"menu_order":4,"comment_status":"closed","ping_status":"closed","template":"","meta":{"_acf_changed":false,"inline_featured_image":false,"footnotes":""},"folder":[38],"class_list":["post-4307","page","type-page","status-publish","hentry"],"acf":[],"_links":{"self":[{"href":"https:\/\/www.anytherm.com\/de\/wp-json\/wp\/v2\/pages\/4307","targetHints":{"allow":["GET"]}}],"collection":[{"href":"https:\/\/www.anytherm.com\/de\/wp-json\/wp\/v2\/pages"}],"about":[{"href":"https:\/\/www.anytherm.com\/de\/wp-json\/wp\/v2\/types\/page"}],"author":[{"embeddable":true,"href":"https:\/\/www.anytherm.com\/de\/wp-json\/wp\/v2\/users\/1"}],"replies":[{"embeddable":true,"href":"https:\/\/www.anytherm.com\/de\/wp-json\/wp\/v2\/comments?post=4307"}],"version-history":[{"count":12,"href":"https:\/\/www.anytherm.com\/de\/wp-json\/wp\/v2\/pages\/4307\/revisions"}],"predecessor-version":[{"id":6162,"href":"https:\/\/www.anytherm.com\/de\/wp-json\/wp\/v2\/pages\/4307\/revisions\/6162"}],"up":[{"embeddable":true,"href":"https:\/\/www.anytherm.com\/de\/wp-json\/wp\/v2\/pages\/4278"}],"wp:attachment":[{"href":"https:\/\/www.anytherm.com\/de\/wp-json\/wp\/v2\/media?parent=4307"}],"wp:term":[{"taxonomy":"folder","embeddable":true,"href":"https:\/\/www.anytherm.com\/de\/wp-json\/wp\/v2\/folder?post=4307"}],"curies":[{"name":"wp","href":"https:\/\/api.w.org\/{rel}","templated":true}]}}