{"id":4305,"date":"2024-07-01T21:50:00","date_gmt":"2024-07-01T21:50:00","guid":{"rendered":"https:\/\/therminators.com\/anwendungen\/prozessindustrien-deepl-all-translate\/"},"modified":"2025-06-09T08:14:50","modified_gmt":"2025-06-09T08:14:50","slug":"prozessindustrien","status":"publish","type":"page","link":"https:\/\/www.anytherm.com\/de\/anwendungen\/prozessindustrien\/","title":{"rendered":"Prozessindustrien"},"content":{"rendered":"\n<div class=\"wp-block-columns is-layout-flex wp-container-core-columns-is-layout-c5150b4a wp-block-columns-is-layout-flex\">\n<div class=\"wp-block-column is-layout-flow wp-block-column-is-layout-flow\" style=\"flex-basis:66.66%\">\n<p><strong><em>Anytherm ist Ihr Spezialist in jeder Industrie, die L\u00f6sungen f\u00fcr den W\u00e4rmeaustausch oder die W\u00e4rmer\u00fcckgewinnung im Produktionsprozess ben\u00f6tigt.<\/em><\/strong><\/p>\n\n\n\n<p><strong><em>Unser Ziel ist es, die beste massgeschneiderte L\u00f6sung f\u00fcr die jeweilige Anwendung und Prozessanforderung zu finden, die unseren Kunden den maximalen technischen und wirtschaftliche Nutzen bietet.<\/em><\/strong><\/p>\n\n\n\n<p>Anytherm bietet ma\u00dfgeschneiderte, qualitativ hochwertige L\u00f6sungen f\u00fcr W\u00e4rmetausch, W\u00e4rmer\u00fcckgewinnung und Edelstahlanlagen. Mit unserer Expertise und unserem Engagement bieten wir optimale L\u00f6sungen, die sowohl die technische Leistung als auch die wirtschaftlichen Vorteile f\u00fcr unsere gesch\u00e4tzten Kunden verbessern. <\/p>\n\n\n\n<p>Wir bei Anytherm kennen die unterschiedlichen Anforderungen der verschiedenen Branchen in der Prozessindustrie. Ganz gleich, ob Sie in der Lebensmittel-\/Molkerei-, Chemie-\/Pharma- oder Zellstoff-\/Papierindustrie t\u00e4tig sind, unsere Produkte sind auf Ihre spezifischen Anwendungen und Prozessanforderungen zugeschnitten. Wir sind darauf spezialisiert, kundenspezifische L\u00f6sungen zu liefern, die sich in diesen wichtigen Prozessindustrien auszeichnen.  <\/p>\n\n\n\n<p>Mit unseren W\u00e4rmeaustausch- und Luftbehandlungssystemen sorgen wir f\u00fcr ein effizientes und effektives W\u00e4rmemanagement in Ihrem Produktionsprozess. Mit unseren L\u00f6sungen zur W\u00e4rmer\u00fcckgewinnung k\u00f6nnen Sie die Energienutzung optimieren &#8211; wertvolle thermische Energie, die sonst verloren ginge &#8211; und so Ihre Gesamtenergieeffizienz verbessern und die CO2-Emissionen erheblich reduzieren. <\/p>\n\n\n\n<p>Dar\u00fcber hinaus gew\u00e4hrleistet unser umfangreiches Angebot an Edelstahlger\u00e4ten Langlebigkeit, Zuverl\u00e4ssigkeit und die Einhaltung von Hygienevorschriften, was insbesondere in Branchen wie der Lebensmittel-\/Milchindustrie und der Chemie-\/Pharmabranche entscheidend ist. Wir bieten eine umfassende Auswahl an Prozessanlagen, die den anspruchsvollen Standards dieser Branchen entsprechen und ein H\u00f6chstma\u00df an Qualit\u00e4t und Sicherheit gew\u00e4hrleisten. <\/p>\n\n\n\n<p>Anytherm hat es sich zur Aufgabe gemacht, ma\u00dfgeschneiderte L\u00f6sungen anzubieten, die Ihren individuellen Anforderungen gerecht werden. Unser Team aus erfahrenen Fachleuten arbeitet eng mit Ihnen zusammen, um Ihre Bed\u00fcrfnisse zu verstehen und ma\u00dfgeschneiderte L\u00f6sungen zu entwickeln, die Ihre Prozesse optimieren, die Produktivit\u00e4t steigern, die Energie- und Betriebskosten sowie die CO2-Emissionen senken.<br\/>\u00dcbersetzt mit DeepL.com (kostenlose Version) <\/p>\n<\/div>\n\n\n\n<div class=\"wp-block-column is-layout-flow wp-container-core-column-is-layout-a93b50a0 wp-block-column-is-layout-flow\" style=\"padding-right:0;padding-left:0;flex-basis:33.33%\">\n<figure class=\"wp-block-image aligncenter size-full\" style=\"margin-bottom:var(--wp--preset--spacing--20)\"><img loading=\"lazy\" decoding=\"async\" width=\"379\" height=\"267\" src=\"https:\/\/www.anytherm.com\/wp-content\/uploads\/2024\/05\/image-22.png\" alt=\"\" class=\"wp-image-1306\" style=\"object-fit:cover\" srcset=\"https:\/\/www.anytherm.com\/wp-content\/uploads\/2024\/05\/image-22.png 379w, https:\/\/www.anytherm.com\/wp-content\/uploads\/2024\/05\/image-22-300x211.png 300w\" sizes=\"auto, (max-width: 379px) 100vw, 379px\" \/><\/figure>\n\n\n<h3 class=\"wp-block-heading\" id=\"cc-m-header-13380039131\">INDUSTRIEN<\/h3>\n\n\n<p>Die wichtigsten Prozessindustrien f\u00fcr unsere Produkte sind:<\/p>\n\n\n\n<ul class=\"wp-block-list\">\n<li>Lebensmittelindustrie<\/li>\n\n\n\n<li>Molkereiindustrie<\/li>\n\n\n\n<li>Chemische\/Pharmazeutische Industrie<\/li>\n\n\n\n<li>Pharmaindustrie<\/li>\n\n\n\n<li>Zellstoff-\/Papierindustrie<\/li>\n<\/ul>\n\n\n<h3 class=\"wp-block-heading\" id=\"cc-m-header-13380038731\">Kontaktieren Sie uns<\/h3>\n\n\n<p>Partner with Anytherm AG and experience the difference our expertise can make in your process industry.\u00a0<a href=\"https:\/\/www.anytherm.com\/contact\/\">Contact us<\/a>\u00a0today to discuss your heat exchange, heat recovery, and stainless steel equipment needs. Let us help you achieve superior energy efficiency, enhanced productivity, reduce CO2 emissions and optimized performance for your production process.<br\/><\/p>\n\n\n\n<div class=\"wp-block-buttons is-layout-flex wp-block-buttons-is-layout-flex\" style=\"padding-top:0;padding-bottom:0\">\n<div class=\"wp-block-button\"><a class=\"wp-block-button__link has-contrast-2-background-color has-background wp-element-button\" href=\"https:\/\/www.anytherm.com\/de\/ueber-uns\/kontakt\/\" style=\"border-radius:32px\">Contact Us<\/a><\/div>\n<\/div>\n<\/div>\n<\/div>\n\n<hr class=\"wp-block-separator has-alpha-channel-opacity\"\/>\n\n<p class=\"has-text-align-center\">Kosteneffiziente und leicht zu reinigende wartungsarme W\u00e4rmeaustausch- und R\u00fcckgewinnungssysteme f\u00fcr die Prozessindustrie<\/p>\n\n<hr class=\"wp-block-separator has-alpha-channel-opacity\"\/>\n","protected":false},"excerpt":{"rendered":"<p>Anytherm ist Ihr Spezialist in jeder Industrie, die L\u00f6sungen f\u00fcr den W\u00e4rmeaustausch oder die W\u00e4rmer\u00fcckgewinnung im Produktionsprozess ben\u00f6tigt. Unser Ziel ist es, die beste massgeschneiderte L\u00f6sung f\u00fcr die jeweilige Anwendung und Prozessanforderung zu finden, die unseren Kunden den maximalen technischen und wirtschaftliche Nutzen bietet. Anytherm bietet ma\u00dfgeschneiderte, qualitativ hochwertige L\u00f6sungen f\u00fcr W\u00e4rmetausch, W\u00e4rmer\u00fcckgewinnung und Edelstahlanlagen. [&hellip;]<\/p>\n","protected":false},"author":1,"featured_media":0,"parent":4278,"menu_order":3,"comment_status":"closed","ping_status":"closed","template":"","meta":{"_acf_changed":false,"inline_featured_image":false,"footnotes":""},"folder":[38],"class_list":["post-4305","page","type-page","status-publish","hentry"],"acf":[],"_links":{"self":[{"href":"https:\/\/www.anytherm.com\/de\/wp-json\/wp\/v2\/pages\/4305","targetHints":{"allow":["GET"]}}],"collection":[{"href":"https:\/\/www.anytherm.com\/de\/wp-json\/wp\/v2\/pages"}],"about":[{"href":"https:\/\/www.anytherm.com\/de\/wp-json\/wp\/v2\/types\/page"}],"author":[{"embeddable":true,"href":"https:\/\/www.anytherm.com\/de\/wp-json\/wp\/v2\/users\/1"}],"replies":[{"embeddable":true,"href":"https:\/\/www.anytherm.com\/de\/wp-json\/wp\/v2\/comments?post=4305"}],"version-history":[{"count":65,"href":"https:\/\/www.anytherm.com\/de\/wp-json\/wp\/v2\/pages\/4305\/revisions"}],"predecessor-version":[{"id":6021,"href":"https:\/\/www.anytherm.com\/de\/wp-json\/wp\/v2\/pages\/4305\/revisions\/6021"}],"up":[{"embeddable":true,"href":"https:\/\/www.anytherm.com\/de\/wp-json\/wp\/v2\/pages\/4278"}],"wp:attachment":[{"href":"https:\/\/www.anytherm.com\/de\/wp-json\/wp\/v2\/media?parent=4305"}],"wp:term":[{"taxonomy":"folder","embeddable":true,"href":"https:\/\/www.anytherm.com\/de\/wp-json\/wp\/v2\/folder?post=4305"}],"curies":[{"name":"wp","href":"https:\/\/api.w.org\/{rel}","templated":true}]}}