{"id":4301,"date":"2024-05-26T22:28:04","date_gmt":"2024-05-26T22:28:04","guid":{"rendered":"https:\/\/therminators.com\/anwendungen\/industrielle-waermerueckgewinnungssysteme-deepl-all-translation\/"},"modified":"2026-01-22T10:45:01","modified_gmt":"2026-01-22T10:45:01","slug":"industrielle-waermerueckgewinnungssysteme","status":"publish","type":"page","link":"https:\/\/www.anytherm.com\/de\/anwendungen\/industrielle-waermerueckgewinnungssysteme\/","title":{"rendered":"Industrielle W\u00e4rmer\u00fcckgewinnungssysteme"},"content":{"rendered":"\n<div class=\"wp-block-columns is-layout-flex wp-container-core-columns-is-layout-28f84493 wp-block-columns-is-layout-flex\">\n<div class=\"wp-block-column is-layout-flow wp-block-column-is-layout-flow\" style=\"flex-basis:80%\">\n<p><em>Unser Angebot erstreckt sich \u00fcber W\u00e4rmer\u00fcckgewinnungszirkulationssysteme (W\u00e4rmer\u00fcckgewinnung und W\u00e4rmeabgabe an verschiedenen Stellen Ihres Standorts)<\/em> <em>sowie direkte R\u00fcckgewinnungssysteme (W\u00e4rmer\u00fcckgewinnung und W\u00e4rmeabgabe innerhalb desselben Ger\u00e4ts).<\/em><\/p>\n<\/div>\n\n\n\n<div class=\"wp-block-column is-layout-flow wp-block-column-is-layout-flow\" style=\"flex-basis:15%\"><\/div>\n<\/div>\n\n<div class=\"wp-block-columns is-layout-flex wp-container-core-columns-is-layout-ae1c1a79 wp-block-columns-is-layout-flex\" style=\"margin-top:0;margin-bottom:var(--wp--preset--spacing--10)\">\n<div class=\"wp-block-column is-layout-flow wp-block-column-is-layout-flow\" style=\"flex-basis:80%\">\n<p><em>Sie wollen erst einmal das gesamte und wirtschaftlichste W\u00e4rmer\u00fcckgewinnungs- und CO2-Reduktionspotenzial Ihres Standortes kennen? Dann ist unsere <a href=\"https:\/\/www.anytherm.com\/de\/dienstleistungen\/\">Energieberatung (z.B. die Pinch-Analyse-Methode) die richtige<\/a> Dienstleistung f\u00fcr Sie: <\/em><\/p>\n<\/div>\n\n\n\n<div class=\"wp-block-column is-layout-flow wp-block-column-is-layout-flow\" style=\"flex-basis:15%\">\n<div class=\"wp-block-buttons is-content-justification-center is-layout-flex wp-container-core-buttons-is-layout-b5994976 wp-block-buttons-is-layout-flex\">\n<div class=\"wp-block-button\"><a class=\"wp-block-button__link has-contrast-2-background-color has-background wp-element-button\" href=\"\/de\/energieberatung\/&lt;br\/&gt;&lt;div id=&quot;simple-translate&quot; class=&quot;simple-translate-system-theme&quot;&gt;&lt;div&gt;&lt;div class=&quot;simple-translate-button isShow&quot; style=&quot;background-image: url('moz-extension:\/\/a74dad8b-5f9c-46ea-a617-84ad21339436\/icons\/512.png'); height: 22px; width: 22px; top: 27px; left: 128px;&quot;&gt; &lt;\/div&gt;&lt;div class=&quot;simple-translate-panel &quot; style=&quot;width: 300px; height: 200px; top: 0px; left: 0px; font-size: 13px;&quot;&gt;&lt;div class=&quot;simple-translate-result-wrapper&quot; style=&quot;overflow: hidden;&quot;&gt;&lt;div class=&quot;simple-translate-move&quot; draggable=&quot;true&quot;&gt; &lt;\/div&gt;&lt;div class=&quot;simple-translate-result-contents&quot;&gt;&lt;p class=&quot;simple-translate-result&quot; dir=&quot;auto&quot;&gt; &lt;br\/&gt;&lt;\/p&gt;&lt;p class=&quot;simple-translate-candidate&quot; dir=&quot;auto&quot;&gt; &lt;br\/&gt;&lt;\/p&gt;&lt;\/div&gt;&lt;\/div&gt;&lt;\/div&gt;&lt;\/div&gt;&lt;\/div&gt;\" style=\"border-radius:32px\">Beratung<\/a><\/div>\n<\/div>\n<\/div>\n<\/div>\n\n<div class=\"wp-block-columns is-layout-flex wp-container-core-columns-is-layout-eea97622 wp-block-columns-is-layout-flex\" style=\"margin-top:var(--wp--preset--spacing--20);margin-bottom:var(--wp--preset--spacing--20);padding-right:0;padding-left:0\">\n<div class=\"wp-block-column is-layout-flow wp-container-core-column-is-layout-fd134cff wp-block-column-is-layout-flow\" style=\"padding-right:0;padding-left:0;flex-basis:66.66%\">\n<figure data-wp-context=\"{&quot;imageId&quot;:&quot;69f5f9142e92b&quot;}\" data-wp-interactive=\"core\/image\" data-wp-key=\"69f5f9142e92b\" class=\"wp-block-image size-large wp-lightbox-container\"><img decoding=\"async\" data-wp-class--hide=\"state.isContentHidden\" data-wp-class--show=\"state.isContentVisible\" data-wp-init=\"callbacks.setButtonStyles\" data-wp-on--click=\"actions.showLightbox\" data-wp-on--load=\"callbacks.setButtonStyles\" data-wp-on-window--resize=\"callbacks.setButtonStyles\" src=\"https:\/\/www.anytherm.com\/wp-content\/uploads\/2024\/05\/ACO-Applications_Heat-Recovery-Systems-_v2-1024x486.png\" alt=\"Custom Heat Recovery Systems\" class=\"wp-image-457\"\/><button\n\t\t\tclass=\"lightbox-trigger\"\n\t\t\ttype=\"button\"\n\t\t\taria-haspopup=\"dialog\"\n\t\t\taria-label=\"Vergr\u00f6\u00dfern\"\n\t\t\tdata-wp-init=\"callbacks.initTriggerButton\"\n\t\t\tdata-wp-on--click=\"actions.showLightbox\"\n\t\t\tdata-wp-style--right=\"state.imageButtonRight\"\n\t\t\tdata-wp-style--top=\"state.imageButtonTop\"\n\t\t>\n\t\t\t<svg xmlns=\"http:\/\/www.w3.org\/2000\/svg\" width=\"12\" height=\"12\" fill=\"none\" viewBox=\"0 0 12 12\">\n\t\t\t\t<path fill=\"#fff\" d=\"M2 0a2 2 0 0 0-2 2v2h1.5V2a.5.5 0 0 1 .5-.5h2V0H2Zm2 10.5H2a.5.5 0 0 1-.5-.5V8H0v2a2 2 0 0 0 2 2h2v-1.5ZM8 12v-1.5h2a.5.5 0 0 0 .5-.5V8H12v2a2 2 0 0 1-2 2H8Zm2-12a2 2 0 0 1 2 2v2h-1.5V2a.5.5 0 0 0-.5-.5H8V0h2Z\" \/>\n\t\t\t<\/svg>\n\t\t<\/button><figcaption class=\"wp-element-caption\">Beispielhafte Ausf\u00fchrung eines industriellen W\u00e4rmer\u00fcckgewinnungs-Kreislaufsystems f\u00fcr eine Spr\u00fchtrocknungsanwendung<\/figcaption><\/figure>\n\n\n<h3 class=\"wp-block-heading\" id=\"cc-m-header-12751073531\" style=\"text-transform:uppercase\">Hauptmerkmale<\/h3>\n\n\n<ul class=\"wp-block-list\">\n<li>System zur R\u00fcckgewinnung von W\u00e4rme aus Abluft und Rauchgas (aus Verbrennungsprozessen &#8211; falls vorhanden) zur Vorw\u00e4rmung von Zuluft, die f\u00fcr Prozessanwendungen aufgeheizt werden soll (z. B. Spr\u00fchtrockner)<\/li>\n\n\n\n<li>Erhebliche Energie- und Nettokosteneinsparungen durch kurze Amortisationszeiten (oft unter 2 oder sogar 1 Jahr) in Verbindung mit der langen Produktlebensdauer von h\u00e4ufig \u00fcber 30 Jahren. <\/li>\n\n\n\n<li>Signifikante CO\u2082-Reduzierung f\u00fcr Ihr Unternehmen<\/li>\n\n\n\n<li>In vielen L\u00e4ndern oder Regionen ist es m\u00f6glich, f\u00fcr W\u00e4rmer\u00fcckgewinnungssysteme Subventionen (\u00f6ffentliche finanzielle Unterst\u00fctzung) zu erhalten, da sie zu weniger Emissionen beitragen. Z\u00f6gern Sie nicht, uns zu <a href=\"https:\/\/www.anytherm.com\/de\/ueber-uns\/kontakt\/\">kontaktieren,<\/a> wenn Sie mehr \u00fcber diese M\u00f6glichkeit erfahren m\u00f6chten. <\/li>\n<\/ul>\n<\/div>\n\n\n\n<div class=\"wp-block-column is-layout-flow wp-block-column-is-layout-flow\" style=\"padding-right:0;padding-left:var(--wp--preset--spacing--20);flex-basis:33.33%\"><h3 class=\"wp-block-heading\" id=\"cc-m-header-12751070731\" style=\"text-transform:uppercase\">Verwendung von W\u00e4rmetauschern<\/h3>\n\n\n<ul class=\"wp-block-list\">\n<li>Einsatz der sehr kosteneffizienten Lamellenrohr-W\u00e4rmetauschereinheiten als Zuluftvorw\u00e4rmer und Abgask\u00fchler<\/li>\n\n\n\n<li>Einsatz von Lamellenrohr-, Glattrohr- oder Kissenplattenw\u00e4rmetauschern (z. B. mit integriertem CIP-System) f\u00fcr stark staubbelastete Abluftanwendungen<\/li>\n\n\n\n<li>An den Wasserkreislauf k\u00f6nnen mehrere W\u00e4rmequellen (z.B. zus\u00e4tzliche Dampfheizungen oder Hei\u00dfwasserger\u00e4te) sowie W\u00e4rmesenken angeschlossen werden<\/li>\n\n\n\n<li>Das gesamte System inklusive <a href=\"https:\/\/www.anytherm.com\/de\/produkte\/pumpstationen\/\">Pumpstation sowie<\/a> Verrohrung und Instrumentierung kann angeboten werden &#8211; alles aus einer Hand<\/li>\n<\/ul>\n\n\n<h3 class=\"wp-block-heading\" id=\"cc-m-header-12785946031\" style=\"text-transform:uppercase\">Wirtschaftliche Analyse \/ Subventionen<\/h3>\n\n\n<p>Auf Wunsch bieten wir Ihnen auch Wirtschaftlichkeitsanalysen (Payback, NPV, IRR) f\u00fcr W\u00e4rmer\u00fcckgewinnungssysteme (die sich oft innerhalb von 1-2 Jahren amortisieren) und unterst\u00fctzen Sie hinsichtlich m\u00f6glicher Subventionen (\u00f6ffentliche finanzielle Unterst\u00fctzung &#8211; da W\u00e4rmer\u00fcckgewinnungssysteme zu weniger Emissionen beitragen).<\/p>\n<\/div>\n<\/div>\n\n<figure class=\"wp-block-image aligncenter size-full is-resized\"><img loading=\"lazy\" decoding=\"async\" width=\"2048\" height=\"1123\" src=\"https:\/\/www.anytherm.com\/wp-content\/uploads\/2024\/05\/image-1.jpg?ver=1720178219\" alt=\"\" class=\"wp-image-1235\" style=\"object-fit:cover;width:1150px;height:500px\" srcset=\"https:\/\/www.anytherm.com\/wp-content\/uploads\/2024\/05\/image-1.jpg 2048w, https:\/\/www.anytherm.com\/wp-content\/uploads\/2024\/05\/image-1-300x165.jpg 300w, https:\/\/www.anytherm.com\/wp-content\/uploads\/2024\/05\/image-1-1024x562.jpg 1024w, https:\/\/www.anytherm.com\/wp-content\/uploads\/2024\/05\/image-1-768x421.jpg 768w, https:\/\/www.anytherm.com\/wp-content\/uploads\/2024\/05\/image-1-1536x842.jpg 1536w\" sizes=\"auto, (max-width: 2048px) 100vw, 2048px\" \/><figcaption class=\"wp-element-caption\">Beispiel einer direkten (Gas-zu-Gas) W\u00e4rmer\u00fcckgewinnungsanlage (Bild zeigt eine ma\u00dfgeschneiderte 30 Tonnen Anlage der ANYTHERM AG, komplett aus Edelstahl)<\/figcaption><\/figure>\n\n<hr class=\"wp-block-separator has-alpha-channel-opacity\"\/>\n\n<p class=\"has-text-align-center\"><em>Kosteneffiziente und leicht zu reinigende \/ wartungsarme W\u00e4rmer\u00fcckgewinnungssysteme<\/em><\/p>\n\n<hr class=\"wp-block-separator has-alpha-channel-opacity\"\/>\n","protected":false},"excerpt":{"rendered":"<p>Unser Angebot erstreckt sich \u00fcber W\u00e4rmer\u00fcckgewinnungszirkulationssysteme (W\u00e4rmer\u00fcckgewinnung und W\u00e4rmeabgabe an verschiedenen Stellen Ihres Standorts) sowie direkte R\u00fcckgewinnungssysteme (W\u00e4rmer\u00fcckgewinnung und W\u00e4rmeabgabe innerhalb desselben Ger\u00e4ts). Sie wollen erst einmal das gesamte und wirtschaftlichste W\u00e4rmer\u00fcckgewinnungs- und CO2-Reduktionspotenzial Ihres Standortes kennen? Dann ist unsere Energieberatung (z.B. die Pinch-Analyse-Methode) die richtige Dienstleistung f\u00fcr Sie: Hauptmerkmale Verwendung von W\u00e4rmetauschern Wirtschaftliche Analyse [&hellip;]<\/p>\n","protected":false},"author":1,"featured_media":0,"parent":4278,"menu_order":2,"comment_status":"closed","ping_status":"closed","template":"","meta":{"_acf_changed":false,"inline_featured_image":false,"footnotes":""},"folder":[38],"class_list":["post-4301","page","type-page","status-publish","hentry"],"acf":[],"_links":{"self":[{"href":"https:\/\/www.anytherm.com\/de\/wp-json\/wp\/v2\/pages\/4301","targetHints":{"allow":["GET"]}}],"collection":[{"href":"https:\/\/www.anytherm.com\/de\/wp-json\/wp\/v2\/pages"}],"about":[{"href":"https:\/\/www.anytherm.com\/de\/wp-json\/wp\/v2\/types\/page"}],"author":[{"embeddable":true,"href":"https:\/\/www.anytherm.com\/de\/wp-json\/wp\/v2\/users\/1"}],"replies":[{"embeddable":true,"href":"https:\/\/www.anytherm.com\/de\/wp-json\/wp\/v2\/comments?post=4301"}],"version-history":[{"count":102,"href":"https:\/\/www.anytherm.com\/de\/wp-json\/wp\/v2\/pages\/4301\/revisions"}],"predecessor-version":[{"id":6853,"href":"https:\/\/www.anytherm.com\/de\/wp-json\/wp\/v2\/pages\/4301\/revisions\/6853"}],"up":[{"embeddable":true,"href":"https:\/\/www.anytherm.com\/de\/wp-json\/wp\/v2\/pages\/4278"}],"wp:attachment":[{"href":"https:\/\/www.anytherm.com\/de\/wp-json\/wp\/v2\/media?parent=4301"}],"wp:term":[{"taxonomy":"folder","embeddable":true,"href":"https:\/\/www.anytherm.com\/de\/wp-json\/wp\/v2\/folder?post=4301"}],"curies":[{"name":"wp","href":"https:\/\/api.w.org\/{rel}","templated":true}]}}