{"id":4297,"date":"2024-08-29T16:07:58","date_gmt":"2024-08-29T16:07:58","guid":{"rendered":"https:\/\/therminators.com\/geschichte-des-unternehmens\/"},"modified":"2025-06-04T13:36:07","modified_gmt":"2025-06-04T13:36:07","slug":"geschichte-des-unternehmens","status":"publish","type":"page","link":"https:\/\/www.anytherm.com\/de\/ueber-uns\/geschichte-des-unternehmens\/","title":{"rendered":"Geschichte des Unternehmens"},"content":{"rendered":"\n<figure class=\"wp-block-image alignwide size-full\"><img loading=\"lazy\" decoding=\"async\" width=\"4332\" height=\"1186\" src=\"https:\/\/www.anytherm.com\/wp-content\/uploads\/2024\/08\/History-Trees-AI-Anytherm_Logo_Claim-2.png\" alt=\"Anytherm Unternehmensgeschichte Trees AI\" class=\"wp-image-3806\" srcset=\"https:\/\/www.anytherm.com\/wp-content\/uploads\/2024\/08\/History-Trees-AI-Anytherm_Logo_Claim-2.png 4332w, https:\/\/www.anytherm.com\/wp-content\/uploads\/2024\/08\/History-Trees-AI-Anytherm_Logo_Claim-2-300x82.png 300w, https:\/\/www.anytherm.com\/wp-content\/uploads\/2024\/08\/History-Trees-AI-Anytherm_Logo_Claim-2-1024x280.png 1024w, https:\/\/www.anytherm.com\/wp-content\/uploads\/2024\/08\/History-Trees-AI-Anytherm_Logo_Claim-2-768x210.png 768w, https:\/\/www.anytherm.com\/wp-content\/uploads\/2024\/08\/History-Trees-AI-Anytherm_Logo_Claim-2-1536x421.png 1536w, https:\/\/www.anytherm.com\/wp-content\/uploads\/2024\/08\/History-Trees-AI-Anytherm_Logo_Claim-2-2048x561.png 2048w\" sizes=\"auto, (max-width: 4332px) 100vw, 4332px\" \/><\/figure>\n<h3 class=\"wp-block-heading\" id=\"die-anfaenge-und-die-vision\">Die Anf\u00e4nge und die Vision<\/h3>\n<p class=\"justify\">Die Geschichte von Anytherm begann bereits viele Jahre vor der offiziellen Gr\u00fcndung des Unternehmens. Die Br\u00fcder und Gr\u00fcnder, Dominic und Nicolas Ettlin, teilten Anfang der 2000er Jahre die Vision, die internationale Prozessindustrie mit kostenoptimierten, hochwertigen W\u00e4rme\u00fcbertragungs- und W\u00e4rmer\u00fcckgewinnungssystemen zu unterst\u00fctzen. Sie erkannten fr\u00fch, dass sich die Herausforderungen der Branche zunehmend auf die kontinuierliche Kostenoptimierung bei gleichzeitiger Einhaltung h\u00f6chster industrieller Qualit\u00e4tsstandards konzentrieren und gleichzeitig die wachsenden \u00f6kologischen Anforderungen und Herausforderungen zu erf\u00fcllen sind.  <\/p>\n\n<p class=\"justify\">Mit ihrer langj\u00e4hrigen Praxiserfahrung in der industriellen W\u00e4rme\u00fcbertragung, Prozesslufttechnik und W\u00e4rmer\u00fcckgewinnung, kombiniert mit fundiertem Know-how in der industriellen Energieberatung, setzten die beiden Gr\u00fcnder ihre Vision in die Tat um. Anfang 2017 nahm Anytherm seine operative T\u00e4tigkeit auf, und einige Monate sp\u00e4ter wurde das Unternehmen offiziell gegr\u00fcndet. <\/p>\n<h3 class=\"wp-block-heading\" id=\"aufbau-und-wachstum\">Aufbau und Wachstum<\/h3>\n<p class=\"justify\">Das Unternehmen befindet sich vollst\u00e4ndig in Familienbesitz und wird von den Gr\u00fcndern und Eigent\u00fcmern Dominic und Nicolas Ettlin geleitet; Anytherm operiert daher v\u00f6llig unabh\u00e4ngig und neutral. Um eine ausgewogene und objektive Entscheidungsfindung zu gew\u00e4hrleisten, haben sie ihren Vater Yves Ettlin &#8211; einen erfahrenen Gesch\u00e4ftsmann &#8211; als unparteiischen Dritten und Berater in den Vorstand berufen. <\/p>\n\n<p class=\"justify\">Von Anfang an st\u00fctzte sich Anytherm auf ein starkes pers\u00f6nliches Netzwerk und einen guten Ruf, bescheidene Ressourcen und ein enormes Engagement. Mit einem leidenschaftlichen Team, das sich dem Wachstum durch offene und ehrliche Gesch\u00e4ftspraktiken verschrieben hat, hat sich Anytherm in nur wenigen Jahren zu einem finanziell stabilen und international etablierten Unternehmen entwickelt. <\/p>\n\n<p class=\"justify\">Dank unserem ehrgeizigen, aber dennoch kollegialen und serviceorientierten Team und unserem starken Fokus auf die Kombination von W\u00e4rme\u00fcbertragungssystemen mit praktischer Energieberatung, ist Anytherm zu einem globalen Marktf\u00fchrer in verschiedenen Bereichen der industriellen Prozessluftbehandlung, W\u00e4rmer\u00fcckgewinnungssysteme und Energieberatung geworden.<\/p>\n\n<p class=\"justify\">Unsere Unternehmensphilosophie ist es, nicht nur herausragende technische L\u00f6sungen und Dienstleistungen zu liefern, sondern auch eine nachhaltige positive Wirkung zu erzielen &#8211; f\u00fcr unsere Kunden, unsere Mitarbeiter und die Gesellschaft als Ganzes.<\/p>\n<h3 class=\"wp-block-heading\" id=\"erfolgsfaktoren-und-partnerschaften\">Erfolgsfaktoren und Partnerschaften<\/h3>\n<p>Der Erfolg von Anytherm basiert auf mehreren Win-Win-Faktoren, die zusammen ein starkes Fundament f\u00fcr Wachstum und kontinuierliche Verbesserung bilden. Bei Anytherm leben wir die <strong>CLIMBING<\/strong> Erfolgsfaktoren: <\/p>\n\n<div class=\"wp-block-columns is-layout-flex wp-container-core-columns-is-layout-28f84493 wp-block-columns-is-layout-flex\">\n<div class=\"wp-block-column is-layout-flow wp-block-column-is-layout-flow\" style=\"flex-basis:27%\">\n<figure class=\"wp-block-image size-full\"><img loading=\"lazy\" decoding=\"async\" width=\"785\" height=\"718\" src=\"https:\/\/www.anytherm.com\/wp-content\/uploads\/2024\/08\/Anytherm-CLIMBING-Success_tb_clean.png\" alt=\"\" class=\"wp-image-3826\" srcset=\"https:\/\/www.anytherm.com\/wp-content\/uploads\/2024\/08\/Anytherm-CLIMBING-Success_tb_clean.png 785w, https:\/\/www.anytherm.com\/wp-content\/uploads\/2024\/08\/Anytherm-CLIMBING-Success_tb_clean-300x274.png 300w, https:\/\/www.anytherm.com\/wp-content\/uploads\/2024\/08\/Anytherm-CLIMBING-Success_tb_clean-768x702.png 768w\" sizes=\"auto, (max-width: 785px) 100vw, 785px\" \/><\/figure>\n<\/div>\n\n\n\n<div class=\"wp-block-column is-vertically-aligned-center is-layout-flow wp-container-core-column-is-layout-bf43075d wp-block-column-is-layout-flow\" style=\"padding-right:var(--wp--preset--spacing--10);padding-left:var(--wp--preset--spacing--10);flex-basis:74%\">\n<ul class=\"wp-block-list\">\n<li><strong>C<\/strong>ombinig: Kombination von W\u00e4rme\u00fcbertragungstechnik mit Energieberatungskompetenz<\/li>\n\n\n\n<li><strong>L<\/strong>everaging: Wirtschaftliche Vorteile mit \u00f6kologischen Vorteilen verbinden<\/li>\n\n\n\n<li><strong>I<\/strong>ntegrating: Schweizer Pr\u00e4zision mit kosteng\u00fcnstiger Qualit\u00e4tsproduktion verbinden<\/li>\n\n\n\n<li><strong>M<\/strong>erging: Verkn\u00fcpfung von praktischem Know-how und wissenschaftlichen Methoden<\/li>\n\n\n\n<li><strong>B<\/strong>alancing: Ehrgeiz und Arbeitswille mit nachhaltigem Leben, Beziehungen und Familie in Einklang bringen<\/li>\n\n\n\n<li><strong>I<\/strong>mplementing: Umsetzung von qualitativ hochwertigen Ausf\u00fchrungen zu international konkurrenzf\u00e4higen Preisen<\/li>\n\n\n\n<li><strong>N<\/strong>avigating: Ehrliches, transparentes Gesch\u00e4ften mit strategischer Weitsicht<\/li>\n\n\n\n<li><strong>G<\/strong>rowing: Wachstum durch kontinuierliche Verbesserung, Innovation und Flexibilit\u00e4t<\/li>\n<\/ul>\n<\/div>\n<\/div>\n\n<p class=\"justify\">Diese Erfolgsfaktoren werden durch ein engagiertes, leistungsf\u00e4higes Team und zuverl\u00e4ssige Produktionspartnerschaften gest\u00fctzt. Anytherm legt besonderen Wert darauf, ein verantwortungsvoller Arbeitgeber zu sein und tief in der Schweizer Kultur verwurzelte Grundwerte wie Fleiss, Integrit\u00e4t, Fairness, Vergebung sowie l\u00f6sungs- und dienstleistungsorientiertes Engagement f\u00fcr Qualit\u00e4t und Eigenverantwortung zu leben. Wir glauben, dass diese Werte f\u00fcr einen langfristigen Gesch\u00e4ftserfolg und ein gesundes, gut funktionierendes Unternehmen unerl\u00e4sslich sind. Zus\u00e4tzlich zu Anytherm&#8217;s eigenen Produktionskapazit\u00e4ten bildet die langj\u00e4hrige Zusammenarbeit mit etablierten Produktionspartnern ein Eckpfeiler unseres Gesch\u00e4ftsmodells.   <\/p>\n<h3 class=\"wp-block-heading\" id=\"eine-zukunft-des-wachstums-und-der-zusammenarbeit\">Eine Zukunft des Wachstums und der Zusammenarbeit<\/h3>\n<p class=\"justify\">Der Erfolg von Anytherm w\u00e4re ohne das Vertrauen unserer treuen Kunden, die Unterst\u00fctzung unserer zuverl\u00e4ssigen Partner und den Einsatz unserer engagierten Mitarbeiter nicht m\u00f6glich. Wir sind der festen \u00dcberzeugung, dass sich harte und ehrliche Arbeit auszahlt &#8211; mit langfristigen Win-Win-Ergebnissen f\u00fcr das Unternehmen, unsere Partner und die Gesellschaft als Ganzes. Unser Handeln ist von dem Bestreben geleitet, positive Werte zu f\u00f6rdern und gemeinsam eine nachhaltige Zukunft zu gestalten.   <\/p>\n\n<p class=\"justify\">Im Namen der Gr\u00fcnder und Gesch\u00e4ftsf\u00fchrer bedanken wir uns ganz herzlich bei allen ehemaligen, aktuellen und zuk\u00fcnftigen Mitarbeitern, bei unseren treuen Kunden und bei unseren vertrauensvollen Partnern. Eine Erfolgsgeschichte wie diese ist nur durch gegenseitiges Vertrauen und hervorragende Teamarbeit m\u00f6glich. <\/p>\n\n<p><strong>Freundlichen Gr\u00fc\u00dfe<br\/>Nicolas Ettlin and Dominic Ettlin<\/strong><\/p>\n\n<figure class=\"wp-block-image alignwide size-full\"><img loading=\"lazy\" decoding=\"async\" width=\"2048\" height=\"1152\" src=\"https:\/\/www.anytherm.com\/wp-content\/uploads\/2024\/08\/9553-edited.jpeg\" alt=\"Nicolas Ettlin and Dominic Ettlin, Gr&#xFC;nder der Anytherm AG\" class=\"wp-image-3799\" srcset=\"https:\/\/www.anytherm.com\/wp-content\/uploads\/2024\/08\/9553-edited.jpeg 2048w, https:\/\/www.anytherm.com\/wp-content\/uploads\/2024\/08\/9553-edited-300x169.jpeg 300w, https:\/\/www.anytherm.com\/wp-content\/uploads\/2024\/08\/9553-edited-1024x576.jpeg 1024w, https:\/\/www.anytherm.com\/wp-content\/uploads\/2024\/08\/9553-edited-768x432.jpeg 768w, https:\/\/www.anytherm.com\/wp-content\/uploads\/2024\/08\/9553-edited-1536x864.jpeg 1536w\" sizes=\"auto, (max-width: 2048px) 100vw, 2048px\" \/><\/figure>\n\n<hr class=\"wp-block-separator has-alpha-channel-opacity\"\/>\n\n<p class=\"has-text-align-center\">W\u00e4rmetauscher. W\u00e4rmer\u00fcckgewinnung. Energieeffizienz. Because Any Therm Matters!   <\/p>\n\n<hr class=\"wp-block-separator has-alpha-channel-opacity\"\/>\n","protected":false},"excerpt":{"rendered":"<p>Die Anf\u00e4nge und die Vision Die Geschichte von Anytherm begann bereits viele Jahre vor der offiziellen Gr\u00fcndung des Unternehmens. Die Br\u00fcder und Gr\u00fcnder, Dominic und Nicolas Ettlin, teilten Anfang der 2000er Jahre die Vision, die internationale Prozessindustrie mit kostenoptimierten, hochwertigen W\u00e4rme\u00fcbertragungs- und W\u00e4rmer\u00fcckgewinnungssystemen zu unterst\u00fctzen. Sie erkannten fr\u00fch, dass sich die Herausforderungen der Branche zunehmend [&hellip;]<\/p>\n","protected":false},"author":1,"featured_media":0,"parent":4367,"menu_order":3,"comment_status":"closed","ping_status":"closed","template":"","meta":{"_acf_changed":false,"inline_featured_image":false,"footnotes":""},"folder":[30],"class_list":["post-4297","page","type-page","status-publish","hentry"],"acf":[],"_links":{"self":[{"href":"https:\/\/www.anytherm.com\/de\/wp-json\/wp\/v2\/pages\/4297","targetHints":{"allow":["GET"]}}],"collection":[{"href":"https:\/\/www.anytherm.com\/de\/wp-json\/wp\/v2\/pages"}],"about":[{"href":"https:\/\/www.anytherm.com\/de\/wp-json\/wp\/v2\/types\/page"}],"author":[{"embeddable":true,"href":"https:\/\/www.anytherm.com\/de\/wp-json\/wp\/v2\/users\/1"}],"replies":[{"embeddable":true,"href":"https:\/\/www.anytherm.com\/de\/wp-json\/wp\/v2\/comments?post=4297"}],"version-history":[{"count":12,"href":"https:\/\/www.anytherm.com\/de\/wp-json\/wp\/v2\/pages\/4297\/revisions"}],"predecessor-version":[{"id":5600,"href":"https:\/\/www.anytherm.com\/de\/wp-json\/wp\/v2\/pages\/4297\/revisions\/5600"}],"up":[{"embeddable":true,"href":"https:\/\/www.anytherm.com\/de\/wp-json\/wp\/v2\/pages\/4367"}],"wp:attachment":[{"href":"https:\/\/www.anytherm.com\/de\/wp-json\/wp\/v2\/media?parent=4297"}],"wp:term":[{"taxonomy":"folder","embeddable":true,"href":"https:\/\/www.anytherm.com\/de\/wp-json\/wp\/v2\/folder?post=4297"}],"curies":[{"name":"wp","href":"https:\/\/api.w.org\/{rel}","templated":true}]}}