{"id":4293,"date":"2024-06-13T21:20:30","date_gmt":"2024-06-13T21:20:30","guid":{"rendered":"https:\/\/therminators.com\/ethik-und-nachhaltigkeitsrichtlinien-anytherm-environmental-social-governance-esg-verpflichtung\/"},"modified":"2025-11-07T16:40:21","modified_gmt":"2025-11-07T16:40:21","slug":"nachhaltigkeit","status":"publish","type":"page","link":"https:\/\/www.anytherm.com\/de\/ueber-uns\/nachhaltigkeit\/","title":{"rendered":"Ethik- und Nachhaltigkeitsrichtlinien Anytherm \/ Environmental Social Governance (ESG)-Verpflichtung"},"content":{"rendered":"\n<p>Anytherm verf\u00fcgt \u00fcber ein fortschrittliches ESG-Managementsystem, das von EcoVadis bewertet wird. Unsere Nachhaltigkeits- und Ethikrichtlinien betonen die Bedeutung von verantwortungsvollem Handeln im Gesch\u00e4ftsleben. Wir sind davon \u00fcberzeugt, dass eine ehrliche und aufrechte Gesch\u00e4ftsphilosophie langfristig den gr\u00f6\u00dften Erfolg bringt. Doch unabh\u00e4ngig von diesem \u201eNutzen\u201c ist es unsere Kultur und \u00dcberzeugung, f\u00fcr das Gute und Ehrliche einzutreten, was unter Anderem eine Nulltoleranz gegen\u00fcber Korruption und die Einhaltung von Gesetzen und Vorschriften voraussetzt.    <\/p>\n\n<p>Bei Anytherm haben wir uns verpflichtet, eine Arbeitsplatzkultur zu f\u00f6rdern, die auf Integrit\u00e4t, Transparenz und ethischem Verhalten beruht. Als junges und dynamisches Unternehmen wissen wir, wie wichtig es ist, die h\u00f6chsten Standards f\u00fcr ethisches Verhalten einzuhalten, um unseren Erfolg und das Vertrauen unserer Stakeholder zu sichern. Im Einklang mit dieser Verpflichtung verpflichten wir uns zu einer Null-Toleranz-Politik gegen\u00fcber Korruption.  <\/p>\n\n<p>Anytherm setzt sich f\u00fcr die F\u00f6rderung der Nachhaltigkeit in unseren Betrieben und den Gemeinden, in denen wir t\u00e4tig sind, ein. Wir sind uns der Auswirkungen bewusst, die unsere Gesch\u00e4ftsaktivit\u00e4ten auf die Umwelt, die Gesellschaft und die Wirtschaft haben. Unsere Nachhaltigkeitsrichtlinie umrei\u00dft unseren Ansatz und unsere Bem\u00fchungen, Nachhaltigkeit zu erreichen.  <\/p>\n\n<figure class=\"wp-block-image aligncenter size-full\"><img loading=\"lazy\" decoding=\"async\" width=\"651\" height=\"586\" src=\"https:\/\/www.anytherm.com\/wp-content\/uploads\/2024\/06\/Anytherm-Tree-PNG.png\" alt=\"\" class=\"wp-image-2366\" srcset=\"https:\/\/www.anytherm.com\/wp-content\/uploads\/2024\/06\/Anytherm-Tree-PNG.png 651w, https:\/\/www.anytherm.com\/wp-content\/uploads\/2024\/06\/Anytherm-Tree-PNG-300x270.png 300w\" sizes=\"auto, (max-width: 651px) 100vw, 651px\" \/><\/figure>\n\n<p>Anytherm hat ein ESG-Managementsystem in seine Gesch\u00e4ftsprozesse integriert. Unsere Bem\u00fchungen werden von <a href=\"https:\/\/ecovadis.com\/\" data-type=\"link\" data-id=\"https:\/\/ecovadis.com\/\" target=\"_blank\" rel=\"noopener\">EcoVadis<\/a> bewertet. Unsere Nachhaltigkeits- und Ethikrichtlinien betonen die Bedeutung von verantwortungsvollem Handeln im Gesch\u00e4ftsleben:  <\/p>\n\n<div class=\"wp-block-columns is-layout-flex wp-container-core-columns-is-layout-28f84493 wp-block-columns-is-layout-flex\">\n<div class=\"wp-block-column is-layout-flow wp-block-column-is-layout-flow\">\n<figure data-wp-context=\"{&quot;imageId&quot;:&quot;69f5f9c069123&quot;}\" data-wp-interactive=\"core\/image\" data-wp-key=\"69f5f9c069123\" class=\"wp-block-image size-full wp-lightbox-container\"><img loading=\"lazy\" decoding=\"async\" width=\"566\" height=\"923\" data-wp-class--hide=\"state.isContentHidden\" data-wp-class--show=\"state.isContentVisible\" data-wp-init=\"callbacks.setButtonStyles\" data-wp-on--click=\"actions.showLightbox\" data-wp-on--load=\"callbacks.setButtonStyles\" data-wp-on-window--resize=\"callbacks.setButtonStyles\" src=\"https:\/\/www.anytherm.com\/wp-content\/uploads\/2024\/06\/1718206255.png\" alt=\"\" class=\"wp-image-2446\" srcset=\"https:\/\/www.anytherm.com\/wp-content\/uploads\/2024\/06\/1718206255.png 566w, https:\/\/www.anytherm.com\/wp-content\/uploads\/2024\/06\/1718206255-184x300.png 184w\" sizes=\"auto, (max-width: 566px) 100vw, 566px\" \/><button\n\t\t\tclass=\"lightbox-trigger\"\n\t\t\ttype=\"button\"\n\t\t\taria-haspopup=\"dialog\"\n\t\t\taria-label=\"Vergr\u00f6\u00dfern\"\n\t\t\tdata-wp-init=\"callbacks.initTriggerButton\"\n\t\t\tdata-wp-on--click=\"actions.showLightbox\"\n\t\t\tdata-wp-style--right=\"state.imageButtonRight\"\n\t\t\tdata-wp-style--top=\"state.imageButtonTop\"\n\t\t>\n\t\t\t<svg xmlns=\"http:\/\/www.w3.org\/2000\/svg\" width=\"12\" height=\"12\" fill=\"none\" viewBox=\"0 0 12 12\">\n\t\t\t\t<path fill=\"#fff\" d=\"M2 0a2 2 0 0 0-2 2v2h1.5V2a.5.5 0 0 1 .5-.5h2V0H2Zm2 10.5H2a.5.5 0 0 1-.5-.5V8H0v2a2 2 0 0 0 2 2h2v-1.5ZM8 12v-1.5h2a.5.5 0 0 0 .5-.5V8H12v2a2 2 0 0 1-2 2H8Zm2-12a2 2 0 0 1 2 2v2h-1.5V2a.5.5 0 0 0-.5-.5H8V0h2Z\" \/>\n\t\t\t<\/svg>\n\t\t<\/button><\/figure>\n<\/div>\n\n\n\n<div class=\"wp-block-column is-layout-flow wp-block-column-is-layout-flow\">\n<figure data-wp-context=\"{&quot;imageId&quot;:&quot;69f5f9c06981d&quot;}\" data-wp-interactive=\"core\/image\" data-wp-key=\"69f5f9c06981d\" class=\"wp-block-image size-full wp-lightbox-container\"><img loading=\"lazy\" decoding=\"async\" width=\"566\" height=\"923\" data-wp-class--hide=\"state.isContentHidden\" data-wp-class--show=\"state.isContentVisible\" data-wp-init=\"callbacks.setButtonStyles\" data-wp-on--click=\"actions.showLightbox\" data-wp-on--load=\"callbacks.setButtonStyles\" data-wp-on-window--resize=\"callbacks.setButtonStyles\" src=\"https:\/\/www.anytherm.com\/wp-content\/uploads\/2024\/06\/1718206254.png\" alt=\"\" class=\"wp-image-2448\" srcset=\"https:\/\/www.anytherm.com\/wp-content\/uploads\/2024\/06\/1718206254.png 566w, https:\/\/www.anytherm.com\/wp-content\/uploads\/2024\/06\/1718206254-184x300.png 184w\" sizes=\"auto, (max-width: 566px) 100vw, 566px\" \/><button\n\t\t\tclass=\"lightbox-trigger\"\n\t\t\ttype=\"button\"\n\t\t\taria-haspopup=\"dialog\"\n\t\t\taria-label=\"Vergr\u00f6\u00dfern\"\n\t\t\tdata-wp-init=\"callbacks.initTriggerButton\"\n\t\t\tdata-wp-on--click=\"actions.showLightbox\"\n\t\t\tdata-wp-style--right=\"state.imageButtonRight\"\n\t\t\tdata-wp-style--top=\"state.imageButtonTop\"\n\t\t>\n\t\t\t<svg xmlns=\"http:\/\/www.w3.org\/2000\/svg\" width=\"12\" height=\"12\" fill=\"none\" viewBox=\"0 0 12 12\">\n\t\t\t\t<path fill=\"#fff\" d=\"M2 0a2 2 0 0 0-2 2v2h1.5V2a.5.5 0 0 1 .5-.5h2V0H2Zm2 10.5H2a.5.5 0 0 1-.5-.5V8H0v2a2 2 0 0 0 2 2h2v-1.5ZM8 12v-1.5h2a.5.5 0 0 0 .5-.5V8H12v2a2 2 0 0 1-2 2H8Zm2-12a2 2 0 0 1 2 2v2h-1.5V2a.5.5 0 0 0-.5-.5H8V0h2Z\" \/>\n\t\t\t<\/svg>\n\t\t<\/button><\/figure>\n<\/div>\n<\/div>\n\n<div style=\"height:16px\" aria-hidden=\"true\" class=\"wp-block-spacer\"><\/div>\n<h2 class=\"wp-block-heading\" id=\"cc-m-header-13427227631\">Verhaltenskodex f\u00fcr Anytherm-Lieferanten<\/h2>\n<p>Bei Anytherm legen wir gr\u00f6\u00dften Wert auf Integrit\u00e4t, Verantwortung und Nachhaltigkeit. Dieser Verhaltenskodex f\u00fcr Lieferanten beschreibt die Grundprinzipien, die wir von allen unseren Partnern erwarten, um sicherzustellen, dass wir gemeinsam einen positiven Beitrag f\u00fcr Gesellschaft und Umwelt leisten. <\/p>\n\n<div class=\"wp-block-columns is-layout-flex wp-container-core-columns-is-layout-28f84493 wp-block-columns-is-layout-flex\">\n<div class=\"wp-block-column is-layout-flow wp-block-column-is-layout-flow\" style=\"flex-basis:54px\">\n<figure class=\"wp-block-image size-full is-resized\"><img loading=\"lazy\" decoding=\"async\" width=\"51\" height=\"51\" src=\"https:\/\/www.anytherm.com\/wp-content\/uploads\/2025\/07\/pdf.png\" alt=\"PDF Logo\" class=\"wp-image-6269\" style=\"width:48px;height:auto\"\/><\/figure>\n<\/div>\n\n\n\n<div class=\"wp-block-column is-layout-flow wp-block-column-is-layout-flow\">\n<p><strong>Verhaltenskodex f\u00fcr Lieferanten von Anytherm<\/strong><br\/>Unsere Lieferanten sind verpflichtet, alle relevanten nationalen und internationalen Gesetze und Vorschriften einzuhalten. Wir erwarten von ihnen, dass sie sich an ethische Gesch\u00e4ftspraktiken halten, soziale Verantwortung \u00fcbernehmen und sich aktiv f\u00fcr den Umweltschutz engagieren. Diese Standards sollten auch in der gesamten Lieferkette unserer Lieferanten umgesetzt werden.  <\/p>\n\n\n\n<p>Adobe Acrobat-Dokument [ 104,9 KB ]<\/p>\n\n\n\n<div class=\"wp-block-buttons is-content-justification-left is-layout-flex wp-container-core-buttons-is-layout-fc4fd283 wp-block-buttons-is-layout-flex\">\n<div class=\"wp-block-button\"><a class=\"wp-block-button__link has-contrast-2-background-color has-background wp-element-button\" href=\"\/wp-content\/uploads\/2025\/07\/Code-of-Conduct-for-Anytherm-Suppliers.pdf\" style=\"border-radius:23px\" target=\"_blank\" rel=\"noreferrer noopener\">Download<\/a><\/div>\n<\/div>\n<\/div>\n<\/div>\n\n<p><\/p>\n\n<hr class=\"wp-block-separator has-alpha-channel-opacity is-style-wide\"\/>\n\n<p class=\"has-text-align-center\">W\u00c4RMETAUSCHER, W\u00c4RMER\u00dcCKGEWINNUNG UND ENERGIEEFFIZIENZ.<br\/>BECAUSE ANY THERM MATTERS!  <\/p>\n\n<hr class=\"wp-block-separator has-alpha-channel-opacity is-style-wide\"\/>\n\n<p><\/p>\n","protected":false},"excerpt":{"rendered":"<p>Anytherm verf\u00fcgt \u00fcber ein fortschrittliches ESG-Managementsystem, das von EcoVadis bewertet wird. Unsere Nachhaltigkeits- und Ethikrichtlinien betonen die Bedeutung von verantwortungsvollem Handeln im Gesch\u00e4ftsleben. Wir sind davon \u00fcberzeugt, dass eine ehrliche und aufrechte Gesch\u00e4ftsphilosophie langfristig den gr\u00f6\u00dften Erfolg bringt. Doch unabh\u00e4ngig von diesem \u201eNutzen\u201c ist es unsere Kultur und \u00dcberzeugung, f\u00fcr das Gute und Ehrliche einzutreten, [&hellip;]<\/p>\n","protected":false},"author":1,"featured_media":0,"parent":4367,"menu_order":4,"comment_status":"closed","ping_status":"closed","template":"","meta":{"_acf_changed":false,"inline_featured_image":false,"footnotes":""},"folder":[30],"class_list":["post-4293","page","type-page","status-publish","hentry"],"acf":[],"_links":{"self":[{"href":"https:\/\/www.anytherm.com\/de\/wp-json\/wp\/v2\/pages\/4293","targetHints":{"allow":["GET"]}}],"collection":[{"href":"https:\/\/www.anytherm.com\/de\/wp-json\/wp\/v2\/pages"}],"about":[{"href":"https:\/\/www.anytherm.com\/de\/wp-json\/wp\/v2\/types\/page"}],"author":[{"embeddable":true,"href":"https:\/\/www.anytherm.com\/de\/wp-json\/wp\/v2\/users\/1"}],"replies":[{"embeddable":true,"href":"https:\/\/www.anytherm.com\/de\/wp-json\/wp\/v2\/comments?post=4293"}],"version-history":[{"count":18,"href":"https:\/\/www.anytherm.com\/de\/wp-json\/wp\/v2\/pages\/4293\/revisions"}],"predecessor-version":[{"id":6273,"href":"https:\/\/www.anytherm.com\/de\/wp-json\/wp\/v2\/pages\/4293\/revisions\/6273"}],"up":[{"embeddable":true,"href":"https:\/\/www.anytherm.com\/de\/wp-json\/wp\/v2\/pages\/4367"}],"wp:attachment":[{"href":"https:\/\/www.anytherm.com\/de\/wp-json\/wp\/v2\/media?parent=4293"}],"wp:term":[{"taxonomy":"folder","embeddable":true,"href":"https:\/\/www.anytherm.com\/de\/wp-json\/wp\/v2\/folder?post=4293"}],"curies":[{"name":"wp","href":"https:\/\/api.w.org\/{rel}","templated":true}]}}