{"id":4289,"date":"2024-05-08T17:11:15","date_gmt":"2024-05-08T17:11:15","guid":{"rendered":"https:\/\/therminators.com\/deepl-unternehmensgrundsaetze\/"},"modified":"2025-06-05T08:14:32","modified_gmt":"2025-06-05T08:14:32","slug":"unternehmensgrundsaetze","status":"publish","type":"page","link":"https:\/\/www.anytherm.com\/de\/ueber-uns\/unternehmensgrundsaetze\/","title":{"rendered":"Unternehmensgrunds\u00e4tze"},"content":{"rendered":"\n<div style=\"height:32px\" aria-hidden=\"true\" class=\"wp-block-spacer\"><\/div>\n\n<div class=\"wp-block-columns is-layout-flex wp-container-core-columns-is-layout-28f84493 wp-block-columns-is-layout-flex\">\n<div class=\"wp-block-column is-layout-flow wp-block-column-is-layout-flow\" style=\"flex-basis:60%\">\n<p><strong>Anytherms Ansatz <\/strong>ist eine team- und serviceorientierte, langfristige Zusammenarbeit mit unseren Kunden, mit unseren Lieferanten und innerhalb unseres Unternehmens, indem wir <strong>neugierig, l\u00f6sungsorientiert, ehrlich und freundlich handeln.<\/strong><\/p>\n\n\n\n<p><strong>Anytherm ist bestrebt<\/strong>, wirkungsvolle Energieberatungsdienste und die kosteneffizientesten Qualit\u00e4tsprodukte f\u00fcr industrielle Anwendungen zu liefern, indem wir <strong>kosteneffizient, qualit\u00e4tsorientiert, leidenschaftlich und intelligent arbeiten.<\/strong><\/p>\n\n\n\n<p><strong>Anytherm zeichnet sich aus <\/strong>durch ma\u00dfgeschneiderte Komplettl\u00f6sungen und Beratungsleistungen, <strong>die<\/strong> <strong>praktisches Know-how mit wissenschaftlichen Methoden verbinden.<\/strong><\/p>\n\n\n\n<p><strong>Anytherm tr\u00e4gt dazu bei<\/strong> mit seinen Produkten und Dienstleistungen eine verbesserte wirtschaftliche und \u00f6kologische Nachhaltigkeit zu erzielen, indem es Investitionen, Wartungskosten, <strong>Energiekosten und Emissionen senkt.<\/strong><\/p>\n<\/div>\n\n\n\n<div class=\"wp-block-column is-layout-flow wp-block-column-is-layout-flow\" style=\"flex-basis:40%\">\n<figure class=\"wp-block-image aligncenter size-full\"><img loading=\"lazy\" decoding=\"async\" width=\"651\" height=\"586\" src=\"https:\/\/www.anytherm.com\/wp-content\/uploads\/2024\/06\/Anytherm-Tree-PNG.png\" alt=\"Baum Illustration Baum mit tiefem Wurzelgeflecht\" class=\"wp-image-2366\" srcset=\"https:\/\/www.anytherm.com\/wp-content\/uploads\/2024\/06\/Anytherm-Tree-PNG.png 651w, https:\/\/www.anytherm.com\/wp-content\/uploads\/2024\/06\/Anytherm-Tree-PNG-300x270.png 300w\" sizes=\"auto, (max-width: 651px) 100vw, 651px\" \/><\/figure>\n<\/div>\n<\/div>\n\n<hr class=\"wp-block-separator has-alpha-channel-opacity\"\/>\n\n<p class=\"has-text-align-center\">W\u00e4rmetauscher, W\u00e4rmer\u00fcckgewinnung und Energieeffizienz &#8211; Because Any Therm Matters<\/p>\n\n<hr class=\"wp-block-separator has-alpha-channel-opacity\"\/>\n","protected":false},"excerpt":{"rendered":"<p>Anytherms Ansatz ist eine team- und serviceorientierte, langfristige Zusammenarbeit mit unseren Kunden, mit unseren Lieferanten und innerhalb unseres Unternehmens, indem wir neugierig, l\u00f6sungsorientiert, ehrlich und freundlich handeln. Anytherm ist bestrebt, wirkungsvolle Energieberatungsdienste und die kosteneffizientesten Qualit\u00e4tsprodukte f\u00fcr industrielle Anwendungen zu liefern, indem wir kosteneffizient, qualit\u00e4tsorientiert, leidenschaftlich und intelligent arbeiten. Anytherm zeichnet sich aus durch ma\u00dfgeschneiderte [&hellip;]<\/p>\n","protected":false},"author":1,"featured_media":0,"parent":4367,"menu_order":3,"comment_status":"closed","ping_status":"closed","template":"","meta":{"_acf_changed":false,"inline_featured_image":false,"footnotes":""},"folder":[30],"class_list":["post-4289","page","type-page","status-publish","hentry"],"acf":[],"_links":{"self":[{"href":"https:\/\/www.anytherm.com\/de\/wp-json\/wp\/v2\/pages\/4289","targetHints":{"allow":["GET"]}}],"collection":[{"href":"https:\/\/www.anytherm.com\/de\/wp-json\/wp\/v2\/pages"}],"about":[{"href":"https:\/\/www.anytherm.com\/de\/wp-json\/wp\/v2\/types\/page"}],"author":[{"embeddable":true,"href":"https:\/\/www.anytherm.com\/de\/wp-json\/wp\/v2\/users\/1"}],"replies":[{"embeddable":true,"href":"https:\/\/www.anytherm.com\/de\/wp-json\/wp\/v2\/comments?post=4289"}],"version-history":[{"count":12,"href":"https:\/\/www.anytherm.com\/de\/wp-json\/wp\/v2\/pages\/4289\/revisions"}],"predecessor-version":[{"id":5798,"href":"https:\/\/www.anytherm.com\/de\/wp-json\/wp\/v2\/pages\/4289\/revisions\/5798"}],"up":[{"embeddable":true,"href":"https:\/\/www.anytherm.com\/de\/wp-json\/wp\/v2\/pages\/4367"}],"wp:attachment":[{"href":"https:\/\/www.anytherm.com\/de\/wp-json\/wp\/v2\/media?parent=4289"}],"wp:term":[{"taxonomy":"folder","embeddable":true,"href":"https:\/\/www.anytherm.com\/de\/wp-json\/wp\/v2\/folder?post=4289"}],"curies":[{"name":"wp","href":"https:\/\/api.w.org\/{rel}","templated":true}]}}