{"id":4278,"date":"2024-05-08T16:04:07","date_gmt":"2024-05-08T16:04:07","guid":{"rendered":"https:\/\/therminators.com\/anwendungen\/"},"modified":"2025-07-04T17:13:11","modified_gmt":"2025-07-04T17:13:11","slug":"anwendungen","status":"publish","type":"page","link":"https:\/\/www.anytherm.com\/de\/anwendungen\/","title":{"rendered":"Anwendungen"},"content":{"rendered":"\n<p class=\"has-text-align-center\"><strong><em><a href=\"https:\/\/www.anytherm.com\/de\/ueber-uns\/kontakt\/\" data-type=\"page\" data-id=\"224\">Kontaktieren<\/a> Sie uns und erfahren Sie mehr \u00fcber unsere weltweiten Projekte und Referenzen.<\/em><\/strong><\/p>\n\n<hr class=\"wp-block-separator has-alpha-channel-opacity\"\/>\n\n<div class=\"wp-block-columns is-layout-flex wp-container-core-columns-is-layout-28f84493 wp-block-columns-is-layout-flex\">\n<div class=\"wp-block-column is-layout-flow wp-block-column-is-layout-flow\" style=\"flex-basis:66.66%\"><h3 class=\"wp-block-heading\" id=\"cc-m-header-12731778531\">PROZESSLUFTAUFBEREITUNG<\/h3>\n\n\n<p>Das Produktportfolio von Anytherm konzentriert sich auf ma\u00dfgeschneiderte L\u00fcftungsanlagen f\u00fcr anspruchsvolle industrielle Prozesse, die weltweit in der Lebensmittel-, Molkerei-, Chemie- und Pharmaindustrie eingesetzt werden. Jeder W\u00e4rmetauscher ist auf die spezifischen Bed\u00fcrfnisse und Anforderungen des Kunden zugeschnitten. <\/p>\n\n\n\n<p>Unsere industriellen Klimatisierungs-L\u00f6sungen sind darauf ausgelegt, die betriebliche Effizienz zu steigern, die Stabilit\u00e4t zu verbessern und die Energiekosten zu senken, w\u00e4hrend sie gleichzeitig die Einhaltung h\u00f6chster Hygiene- und Sicherheitsstandards gew\u00e4hrleisten. Mit dem Schwerpunkt auf Anpassung, Langlebigkeit und Energier\u00fcckgewinnung sind unsere Systeme die ideale Wahl f\u00fcr Industrien, die Produktionsprozesse optimieren und nachhaltiges Wachstum erzielen wollen. <\/p>\n\n\n\n<div class=\"wp-block-buttons is-layout-flex wp-block-buttons-is-layout-flex\">\n<div class=\"wp-block-button\"><a class=\"wp-block-button__link has-contrast-2-background-color has-background wp-element-button\" href=\"https:\/\/www.anytherm.com\/de\/anwendungen\/prozesslufttechnik-produktionsklimatisierung-industrielle-luftmanagementsysteme\/\" style=\"border-radius:32px\">Mehr<\/a><\/div>\n<\/div>\n<\/div>\n\n\n\n<div class=\"wp-block-column is-vertically-aligned-center is-layout-flow wp-block-column-is-layout-flow\" style=\"flex-basis:33.33%\">\n<figure class=\"wp-block-image aligncenter size-full is-resized\"><a href=\"https:\/\/www.anytherm.com\/de\/anwendungen\/prozesslufttechnik-produktionsklimatisierung-industrielle-luftmanagementsysteme\/\"><img loading=\"lazy\" decoding=\"async\" width=\"1920\" height=\"1280\" src=\"https:\/\/www.anytherm.com\/wp-content\/uploads\/2024\/08\/Application-Process-Air-Handling.jpg\" alt=\"\" class=\"wp-image-3719\" style=\"width:376px\" srcset=\"https:\/\/www.anytherm.com\/wp-content\/uploads\/2024\/08\/Application-Process-Air-Handling.jpg 1920w, https:\/\/www.anytherm.com\/wp-content\/uploads\/2024\/08\/Application-Process-Air-Handling-300x200.jpg 300w, https:\/\/www.anytherm.com\/wp-content\/uploads\/2024\/08\/Application-Process-Air-Handling-1024x683.jpg 1024w, https:\/\/www.anytherm.com\/wp-content\/uploads\/2024\/08\/Application-Process-Air-Handling-768x512.jpg 768w, https:\/\/www.anytherm.com\/wp-content\/uploads\/2024\/08\/Application-Process-Air-Handling-1536x1024.jpg 1536w\" sizes=\"auto, (max-width: 1920px) 100vw, 1920px\" \/><\/a><\/figure>\n<\/div>\n<\/div>\n\n<hr class=\"wp-block-separator has-alpha-channel-opacity\"\/>\n\n<div class=\"wp-block-columns is-layout-flex wp-container-core-columns-is-layout-28f84493 wp-block-columns-is-layout-flex\">\n<div class=\"wp-block-column is-layout-flow wp-block-column-is-layout-flow\" style=\"flex-basis:66.66%\"><h3 class=\"wp-block-heading\" id=\"waermerueckgewinnung-und-energieoptimierung\">W\u00c4RMER\u00dcCKGEWINNUNG UND ENERGIEOPTIMIERUNG<\/h3>\n\n\n<p>Wir sind spezialisiert auf W\u00e4rmer\u00fcckgewinnung und Energieoptimierung f\u00fcr Abgas- und Prozessluftstr\u00f6me mit schwierigen Bedingungen, wie z. B. klebrige, staubhaltige oder verschmutzte Medien. Typische Anwendungen sind die Spr\u00fchtrocknung von Abluft und Rauchgas aus Verbrennungsprozessen. <\/p>\n\n\n\n<p>Unsere L\u00f6sungen beruhen auf einer Kombination von W\u00e4rmetauschertechnologien, die je nach den spezifischen Prozessbedingungen ausgew\u00e4hlt werden. Zur Optimierung der Luftvorw\u00e4rmung und Abgasw\u00e4rmer\u00fcckgewinnung k\u00f6nnen Rippenrohr-, Glattrohr- und Kissenplattenw\u00e4rmetauscher integriert werden. Bei Anwendungen mit hoher Partikelbelastung sorgen selbstreinigende CIP-Systeme (Cleaning-in-Place) f\u00fcr langfristige Betriebssicherheit und Effizienz.  <\/p>\n\n\n\n<p>Durch die Kombination von Energieberatung und W\u00e4rme\u00fcbertragungs-Know-how entwickeln wir ma\u00dfgeschneiderte L\u00f6sungen, die sowohl die Energieeffizienz als auch die betriebliche und wirtschaftliche Leistung maximieren.<\/p>\n\n\n\n<div class=\"wp-block-buttons is-layout-flex wp-block-buttons-is-layout-flex\">\n<div class=\"wp-block-button\"><a class=\"wp-block-button__link has-contrast-2-background-color has-background wp-element-button\" href=\"https:\/\/www.anytherm.com\/de\/anwendungen\/industrielle-waermerueckgewinnungssysteme\/\" style=\"border-radius:32px\">Mehr<\/a><\/div>\n<\/div>\n<\/div>\n\n\n\n<div class=\"wp-block-column is-vertically-aligned-center is-layout-flow wp-block-column-is-layout-flow\" style=\"flex-basis:33.33%\">\n<figure class=\"wp-block-image aligncenter size-full is-resized\"><a href=\"https:\/\/www.anytherm.com\/de\/anwendungen\/industrielle-waermerueckgewinnungssysteme\/\"><img loading=\"lazy\" decoding=\"async\" width=\"376\" height=\"259\" src=\"https:\/\/www.anytherm.com\/wp-content\/uploads\/2024\/05\/image-20.png\" alt=\"\" class=\"wp-image-1302\" style=\"width:376px\" srcset=\"https:\/\/www.anytherm.com\/wp-content\/uploads\/2024\/05\/image-20.png 376w, https:\/\/www.anytherm.com\/wp-content\/uploads\/2024\/05\/image-20-300x207.png 300w\" sizes=\"auto, (max-width: 376px) 100vw, 376px\" \/><\/a><\/figure>\n<\/div>\n<\/div>\n\n<hr class=\"wp-block-separator has-alpha-channel-opacity\"\/>\n\n<div class=\"wp-block-columns is-layout-flex wp-container-core-columns-is-layout-28f84493 wp-block-columns-is-layout-flex\">\n<div class=\"wp-block-column is-layout-flow wp-block-column-is-layout-flow\" style=\"flex-basis:66.66%\"><h3 class=\"wp-block-heading\" id=\"cc-m-header-12731779131\">SPR\u00dcHTROCKNUNG<\/h3>\n\n\n<p>Wir sind spezialisiert auf vollverschwei\u00dfte, hygienisch konzipierte und ma\u00dfgeschneiderte W\u00e4rmeaustausch-, Luftaufbereitungs-, Entfeuchtungs- und Prozessanlagen. Dank unserer umfassenden Expertise in Spr\u00fchtrocknungs-W\u00e4rmetauscheranwendungen f\u00fcr Klimatisierung und W\u00e4rmer\u00fcckgewinnung bieten wir ma\u00dfgeschneiderte L\u00f6sungen f\u00fcr mehr Effizienz und Zuverl\u00e4ssigkeit. Unsere kombinierte Expertise in Energieberatung und W\u00e4rme\u00fcbertragung ist besonders wertvoll f\u00fcr Spr\u00fchtrocknungsanwendungen, bei denen hoher Energiebedarf und lange Betriebszeiten kosteneffiziente und energieoptimierte L\u00f6sungen unerl\u00e4sslich machen.  <\/p>\n\n\n\n<div class=\"wp-block-buttons is-layout-flex wp-block-buttons-is-layout-flex\">\n<div class=\"wp-block-button\"><a class=\"wp-block-button__link has-contrast-2-background-color has-background wp-element-button\" href=\"https:\/\/www.anytherm.com\/de\/anwendungen\/spruehtrocknung\/\" style=\"border-radius:32px\">Mehr<\/a><\/div>\n<\/div>\n<\/div>\n\n\n\n<div class=\"wp-block-column is-vertically-aligned-center is-layout-flow wp-block-column-is-layout-flow\" style=\"flex-basis:33.33%\">\n<figure class=\"wp-block-image aligncenter size-full is-resized\"><a href=\"https:\/\/www.anytherm.com\/de\/anwendungen\/spruehtrocknung\/\"><img loading=\"lazy\" decoding=\"async\" width=\"375\" height=\"250\" src=\"https:\/\/www.anytherm.com\/wp-content\/uploads\/2024\/05\/image-21.png\" alt=\"\" class=\"wp-image-1304\" style=\"width:376px\" srcset=\"https:\/\/www.anytherm.com\/wp-content\/uploads\/2024\/05\/image-21.png 375w, https:\/\/www.anytherm.com\/wp-content\/uploads\/2024\/05\/image-21-300x200.png 300w\" sizes=\"auto, (max-width: 375px) 100vw, 375px\" \/><\/a><\/figure>\n<\/div>\n<\/div>\n\n<hr class=\"wp-block-separator has-alpha-channel-opacity\"\/>\n\n<div class=\"wp-block-columns is-layout-flex wp-container-core-columns-is-layout-28f84493 wp-block-columns-is-layout-flex\">\n<div class=\"wp-block-column is-layout-flow wp-block-column-is-layout-flow\" style=\"flex-basis:66.66%\"><h3 class=\"wp-block-heading\" id=\"cc-m-header-12731779731\">PROZESSINDUSTRIE<\/h3>\n\n\n<p>Anytherms ist in allen Branchen t\u00e4tig, die ma\u00dfgeschneiderte, qualitativ hochwertige L\u00f6sungen f\u00fcr den W\u00e4rmeaustausch (als Prozessluftbehandlung) oder die W\u00e4rmer\u00fcckgewinnung (als Abgas- oder Rauchgasr\u00fcckgewinnung) im Produktionsprozess ben\u00f6tigen. Unsere L\u00f6sungen sind branchen\u00fcbergreifend im Einsatz und eignen sich besonders f\u00fcr die folgenden Sektoren: <\/p>\n\n\n\n<ul class=\"wp-block-list\">\n<li>Lebensmittel-\/Milchindustrie<\/li>\n\n\n\n<li>Pharmaindustrie<\/li>\n\n\n\n<li>Chemie- und Petrochemische Industrie<\/li>\n\n\n\n<li>Metall- und Bergbauindustrie<\/li>\n\n\n\n<li>Zellstoff-\/Papierindustrie<\/li>\n<\/ul>\n\n\n\n<p>Unser Ziel ist es, die beste L\u00f6sung &#8211; ma\u00dfgeschneidert f\u00fcr die jeweilige Anwendung und Prozessanforderung zu finden &#8211; die dem Kunden sowohl technisch als auch wirtschaftlich einen optimalen Nutzen bringt.<\/p>\n\n\n\n<div class=\"wp-block-buttons is-layout-flex wp-block-buttons-is-layout-flex\">\n<div class=\"wp-block-button\"><a class=\"wp-block-button__link has-contrast-2-background-color has-background wp-element-button\" href=\"https:\/\/www.anytherm.com\/de\/anwendungen\/prozessindustrien\/\" style=\"border-radius:32px\">Mehr<\/a><\/div>\n<\/div>\n<\/div>\n\n\n\n<div class=\"wp-block-column is-vertically-aligned-center is-layout-flow wp-block-column-is-layout-flow\" style=\"flex-basis:33.33%\">\n<figure class=\"wp-block-image aligncenter size-full is-resized\"><a href=\"\/applications\/industries\/\"><img loading=\"lazy\" decoding=\"async\" width=\"379\" height=\"267\" src=\"https:\/\/www.anytherm.com\/wp-content\/uploads\/2024\/05\/image-22.png\" alt=\"\" class=\"wp-image-1306\" style=\"width:376px\" srcset=\"https:\/\/www.anytherm.com\/wp-content\/uploads\/2024\/05\/image-22.png 379w, https:\/\/www.anytherm.com\/wp-content\/uploads\/2024\/05\/image-22-300x211.png 300w\" sizes=\"auto, (max-width: 379px) 100vw, 379px\" \/><\/a><\/figure>\n<\/div>\n<\/div>\n\n<hr class=\"wp-block-separator has-alpha-channel-opacity\"\/>\n\n<div class=\"wp-block-columns is-layout-flex wp-container-core-columns-is-layout-ec2e7a44 wp-block-columns-is-layout-flex\" style=\"padding-top:0;padding-bottom:0\">\n<div class=\"wp-block-column is-layout-flow wp-block-column-is-layout-flow\" style=\"flex-basis:66.66%\"><h3 class=\"wp-block-heading\" id=\"cc-m-header-13374930931\">BATTERIEVERARBEITUNG<\/h3>\n\n\n<p>Anytherm bietet Technologien f\u00fcr Lithiumbatterie-Prozessschritte (z.B. <a href=\"https:\/\/www.anytherm.com\/de\/anwendungen\/spruehtrocknung\/\">Spr\u00fchtrockner<\/a>) wie <a href=\"https:\/\/www.anytherm.com\/de\/produkte\/trockenmittel-radentfeuchter-sorptionsentfeuchtungsanlagen-adsorptionsentfeuchtung\/\">Sorptionsentfeuchter,<\/a> <a href=\"https:\/\/www.anytherm.com\/de\/anwendungen\/industrielle-waermerueckgewinnungssysteme\/\">W\u00e4rmer\u00fcckgewinnungssysteme<\/a> sowie allgemeine <a href=\"https:\/\/www.anytherm.com\/de\/produkte\/\">Produktionsluft-\/Gasbehandlungsanlagen.<\/a> Dar\u00fcber hinaus k\u00f6nnen wir mit unserem industriellen <a href=\"https:\/\/www.anytherm.com\/de\/dienstleistungen\/\">Energieberatungsservice <\/a>das gesamte W\u00e4rmer\u00fcckgewinnungs- und Energieeinsparungspotenzial Ihrer Produktionsanlage analysieren und technisch machbare Ma\u00dfnahmen zur Energier\u00fcckgewinnung und CO2-Reduzierung ausarbeiten.  <\/p>\n\n\n\n<div class=\"wp-block-buttons is-layout-flex wp-block-buttons-is-layout-flex\">\n<div class=\"wp-block-button\"><a class=\"wp-block-button__link has-contrast-2-background-color has-background wp-element-button\" href=\"https:\/\/www.anytherm.com\/de\/anwendungen\/lithium-batterie-verarbeitung\/\" style=\"border-radius:32px\">Mehr<\/a><\/div>\n<\/div>\n<\/div>\n\n\n\n<div class=\"wp-block-column is-vertically-aligned-center is-layout-flow wp-block-column-is-layout-flow\" style=\"flex-basis:33.33%\">\n<figure class=\"wp-block-image aligncenter size-full is-resized\"><a href=\"https:\/\/www.anytherm.com\/de\/anwendungen\/lithium-batterie-verarbeitung\/\"><img loading=\"lazy\" decoding=\"async\" width=\"379\" height=\"237\" src=\"https:\/\/www.anytherm.com\/wp-content\/uploads\/2024\/05\/image-23.png\" alt=\"\" class=\"wp-image-1308\" style=\"width:376px\" srcset=\"https:\/\/www.anytherm.com\/wp-content\/uploads\/2024\/05\/image-23.png 379w, https:\/\/www.anytherm.com\/wp-content\/uploads\/2024\/05\/image-23-300x188.png 300w\" sizes=\"auto, (max-width: 379px) 100vw, 379px\" \/><\/a><\/figure>\n<\/div>\n<\/div>\n\n<hr class=\"wp-block-separator has-alpha-channel-opacity\"\/>\n\n<div class=\"wp-block-columns is-layout-flex wp-container-core-columns-is-layout-28f84493 wp-block-columns-is-layout-flex\">\n<div class=\"wp-block-column is-layout-flow wp-block-column-is-layout-flow\" style=\"flex-basis:66.66%\"><h3 class=\"wp-block-heading\" id=\"cc-m-header-13383517131\">SPIN FLASH DRYING<\/h3>\n\n\n<p>Wir sind spezialisiert auf vollverschwei\u00dfte, hygienisch konstruierte und ma\u00dfgeschneiderte W\u00e4rmetausch-, Luftbehandlungs-, Entfeuchtungs- und Prozessausr\u00fcstungen und bieten fundierte Kenntnisse \u00fcber W\u00e4rmetauscheranwendungen f\u00fcr die Klimatisierung und W\u00e4rmer\u00fcckgewinnung in Spinntrocknungsprozessen.<\/p>\n\n\n\n<div class=\"wp-block-buttons is-layout-flex wp-block-buttons-is-layout-flex\">\n<div class=\"wp-block-button\"><a class=\"wp-block-button__link has-contrast-2-background-color has-background wp-element-button\" href=\"https:\/\/www.anytherm.com\/de\/anwendungen\/schleuder-blitz-trocknung\/\" style=\"border-radius:32px\">Mehr<\/a><\/div>\n<\/div>\n<\/div>\n\n\n\n<div class=\"wp-block-column is-vertically-aligned-center is-layout-flow wp-block-column-is-layout-flow\" style=\"flex-basis:33.33%\">\n<figure class=\"wp-block-image aligncenter size-full is-resized\"><a href=\"https:\/\/www.anytherm.com\/de\/anwendungen\/schleuder-blitz-trocknung\/\"><img loading=\"lazy\" decoding=\"async\" width=\"375\" height=\"250\" src=\"https:\/\/www.anytherm.com\/wp-content\/uploads\/2024\/05\/image-24.png\" alt=\"\" class=\"wp-image-1310\" style=\"width:376px\" srcset=\"https:\/\/www.anytherm.com\/wp-content\/uploads\/2024\/05\/image-24.png 375w, https:\/\/www.anytherm.com\/wp-content\/uploads\/2024\/05\/image-24-300x200.png 300w\" sizes=\"auto, (max-width: 375px) 100vw, 375px\" \/><\/a><\/figure>\n<\/div>\n<\/div>\n\n<hr class=\"wp-block-separator has-alpha-channel-opacity\"\/>\n\n<div class=\"wp-block-columns is-layout-flex wp-container-core-columns-is-layout-28f84493 wp-block-columns-is-layout-flex\">\n<div class=\"wp-block-column is-layout-flow wp-block-column-is-layout-flow\" style=\"flex-basis:66.66%\"><h3 class=\"wp-block-heading\" id=\"cc-m-header-12773007531\">K\u00dcHLANWENDUNGEN<\/h3>\n\n\n<p>Unser Produktportfolio umfasst auch spezielle K\u00fchlanwendungen, z.B. f\u00fcr Kraftwerke und die Metallindustrie, wie:<\/p>\n\n\n\n<ul class=\"wp-block-list\">\n<li>Generatork\u00fchler f\u00fcr Kraftwerke<\/li>\n\n\n\n<li>Wasserstoffk\u00fchler f\u00fcr die Metallindustrie<\/li>\n\n\n\n<li>Rauchgask\u00fchler f\u00fcr die W\u00e4rmer\u00fcckgewinnung von Verbrennungssystemen (Erdgas, Propan usw.)<\/li>\n<\/ul>\n\n\n\n<div class=\"wp-block-buttons is-layout-flex wp-block-buttons-is-layout-flex\">\n<div class=\"wp-block-button\"><a class=\"wp-block-button__link has-contrast-2-background-color has-background wp-element-button\" href=\"https:\/\/www.anytherm.com\/de\/anwendungen\/kuehlungsanwendungen\/\" style=\"border-radius:32px\">Mehr<\/a><\/div>\n<\/div>\n<\/div>\n\n\n\n<div class=\"wp-block-column is-vertically-aligned-center is-layout-flow wp-block-column-is-layout-flow\" style=\"flex-basis:33.33%\">\n<figure class=\"wp-block-image aligncenter size-full is-resized\"><img loading=\"lazy\" decoding=\"async\" width=\"379\" height=\"259\" src=\"https:\/\/www.anytherm.com\/wp-content\/uploads\/2024\/05\/image-25.png\" alt=\"\" class=\"wp-image-1312\" style=\"width:376px\" srcset=\"https:\/\/www.anytherm.com\/wp-content\/uploads\/2024\/05\/image-25.png 379w, https:\/\/www.anytherm.com\/wp-content\/uploads\/2024\/05\/image-25-300x205.png 300w\" sizes=\"auto, (max-width: 379px) 100vw, 379px\" \/><\/figure>\n<\/div>\n<\/div>\n\n<hr class=\"wp-block-separator has-alpha-channel-opacity\"\/>\n\n<div class=\"wp-block-columns is-layout-flex wp-container-core-columns-is-layout-28f84493 wp-block-columns-is-layout-flex\">\n<div class=\"wp-block-column is-layout-flow wp-block-column-is-layout-flow\" style=\"flex-basis:66.66%\"><h3 class=\"wp-block-heading\" id=\"cc-m-header-12772863531\">MASSGESCHNEIDERTE HLK-L\u00d6SUNGEN<\/h3>\n\n\n<p>Basierend auf unserem fundierten Wissen in der Konstruktion und Produktion von ma\u00dfgeschneiderten, qualitativ hochwertigen W\u00e4rmetauscherl\u00f6sungen f\u00fcr die Prozessindustrie und in Kombination mit unseren kosteneffizienten Produktionsstandorten k\u00f6nnen wir Ihnen auch zuverl\u00e4ssige, ma\u00dfgeschneiderte W\u00e4rmetauscherl\u00f6sungen f\u00fcr anspruchsvolle HLK-Anwendungen anbieten &#8211; dort, wo Standardsysteme den Anforderungen nicht mehr gen\u00fcgen.<br\/>Mehr<\/p>\n\n\n\n<div class=\"wp-block-buttons is-layout-flex wp-block-buttons-is-layout-flex\">\n<div class=\"wp-block-button\"><a class=\"wp-block-button__link has-contrast-2-background-color has-background wp-element-button\" href=\"https:\/\/www.anytherm.com\/de\/anwendungen\/massgeschneiderte-hvac-loesungen\/\" style=\"border-radius:32px\">Mehr<\/a><\/div>\n<\/div>\n<\/div>\n\n\n\n<div class=\"wp-block-column is-vertically-aligned-center is-layout-flow wp-block-column-is-layout-flow\" style=\"flex-basis:33.33%\">\n<figure class=\"wp-block-image aligncenter size-full is-resized\"><a href=\"https:\/\/www.anytherm.com\/de\/anwendungen\/massgeschneiderte-hvac-loesungen\/\"><img loading=\"lazy\" decoding=\"async\" width=\"379\" height=\"251\" src=\"https:\/\/www.anytherm.com\/wp-content\/uploads\/2024\/05\/image-26.png\" alt=\"\" class=\"wp-image-1314\" style=\"width:376px\" srcset=\"https:\/\/www.anytherm.com\/wp-content\/uploads\/2024\/05\/image-26.png 379w, https:\/\/www.anytherm.com\/wp-content\/uploads\/2024\/05\/image-26-300x199.png 300w\" sizes=\"auto, (max-width: 379px) 100vw, 379px\" \/><\/a><\/figure>\n<\/div>\n<\/div>\n\n<hr class=\"wp-block-separator has-alpha-channel-opacity\"\/>\n\n<p class=\"has-text-align-center\"><em>Kosteneffiziente und leicht zu reinigende \/ wartungsarme L\u00f6sungen f\u00fcr die Prozessindustrie.<\/em><\/p>\n\n<hr class=\"wp-block-separator has-alpha-channel-opacity\"\/>\n","protected":false},"excerpt":{"rendered":"<p>Kontaktieren Sie uns und erfahren Sie mehr \u00fcber unsere weltweiten Projekte und Referenzen. PROZESSLUFTAUFBEREITUNG Das Produktportfolio von Anytherm konzentriert sich auf ma\u00dfgeschneiderte L\u00fcftungsanlagen f\u00fcr anspruchsvolle industrielle Prozesse, die weltweit in der Lebensmittel-, Molkerei-, Chemie- und Pharmaindustrie eingesetzt werden. Jeder W\u00e4rmetauscher ist auf die spezifischen Bed\u00fcrfnisse und Anforderungen des Kunden zugeschnitten. Unsere industriellen Klimatisierungs-L\u00f6sungen sind darauf [&hellip;]<\/p>\n","protected":false},"author":1,"featured_media":0,"parent":0,"menu_order":0,"comment_status":"closed","ping_status":"closed","template":"","meta":{"_acf_changed":false,"inline_featured_image":false,"footnotes":""},"folder":[38,32],"class_list":["post-4278","page","type-page","status-publish","hentry"],"acf":[],"_links":{"self":[{"href":"https:\/\/www.anytherm.com\/de\/wp-json\/wp\/v2\/pages\/4278","targetHints":{"allow":["GET"]}}],"collection":[{"href":"https:\/\/www.anytherm.com\/de\/wp-json\/wp\/v2\/pages"}],"about":[{"href":"https:\/\/www.anytherm.com\/de\/wp-json\/wp\/v2\/types\/page"}],"author":[{"embeddable":true,"href":"https:\/\/www.anytherm.com\/de\/wp-json\/wp\/v2\/users\/1"}],"replies":[{"embeddable":true,"href":"https:\/\/www.anytherm.com\/de\/wp-json\/wp\/v2\/comments?post=4278"}],"version-history":[{"count":35,"href":"https:\/\/www.anytherm.com\/de\/wp-json\/wp\/v2\/pages\/4278\/revisions"}],"predecessor-version":[{"id":6158,"href":"https:\/\/www.anytherm.com\/de\/wp-json\/wp\/v2\/pages\/4278\/revisions\/6158"}],"wp:attachment":[{"href":"https:\/\/www.anytherm.com\/de\/wp-json\/wp\/v2\/media?parent=4278"}],"wp:term":[{"taxonomy":"folder","embeddable":true,"href":"https:\/\/www.anytherm.com\/de\/wp-json\/wp\/v2\/folder?post=4278"}],"curies":[{"name":"wp","href":"https:\/\/api.w.org\/{rel}","templated":true}]}}