{"id":4272,"date":"2024-04-24T20:23:53","date_gmt":"2024-04-24T20:23:53","guid":{"rendered":"https:\/\/therminators.com\/dienstleistungen\/"},"modified":"2026-01-31T11:52:06","modified_gmt":"2026-01-31T11:52:06","slug":"energieberatung","status":"publish","type":"page","link":"https:\/\/www.anytherm.com\/de\/energieberatung\/","title":{"rendered":"Energieberatung"},"content":{"rendered":"\n<p class=\"has-text-align-center\">Anytherm kombiniert fundiertes praktisches Know-how im Bereich <a href=\"\/heat-exchange-services\/\">industrieller W\u00e4rmeaustausch- und W\u00e4rmer\u00fcckgewinnungsanwendungen<\/a> mit wissenschaftlich fundierten Methoden, um das Potenzial Ihrer Anlage in Bezug auf <a href=\"\/heat-recovery-pinch\/\">W\u00e4rmer\u00fcckgewinnung, Effizienzsteigerung und CO2-Reduzierung<\/a> zu erschlie\u00dfen. Unsere <a href=\"https:\/\/www.anytherm.com\/de\/energieberatung\/energieanalyse\/\">Energieanalyse-<\/a> und <a href=\"https:\/\/www.anytherm.com\/de\/energieberatung\/energiemanagement\/\">Energiemanagementdienstleistungen <\/a>runden unser vielseitiges Angebot an Dienstleistungen und Beratungsaktivit\u00e4ten ab.<\/p>\n\n\n\n<figure data-wp-context=\"{&quot;imageId&quot;:&quot;69f5f76c8de8c&quot;}\" data-wp-interactive=\"core\/image\" data-wp-key=\"69f5f76c8de8c\" class=\"wp-block-image aligncenter size-full is-resized wp-lightbox-container\"><img decoding=\"async\" data-wp-class--hide=\"state.isContentHidden\" data-wp-class--show=\"state.isContentVisible\" data-wp-init=\"callbacks.setButtonStyles\" data-wp-on--click=\"actions.showLightbox\" data-wp-on--load=\"callbacks.setButtonStyles\" data-wp-on-window--resize=\"callbacks.setButtonStyles\" src=\"https:\/\/www.anytherm.com\/wp-content\/uploads\/2026\/01\/Anytherm-Energy-Consulting-Services-Key-Figures_v4.png\" alt=\"\" class=\"wp-image-7053\" style=\"width:656px\"\/><button\n\t\t\tclass=\"lightbox-trigger\"\n\t\t\ttype=\"button\"\n\t\t\taria-haspopup=\"dialog\"\n\t\t\taria-label=\"Vergr\u00f6\u00dfern\"\n\t\t\tdata-wp-init=\"callbacks.initTriggerButton\"\n\t\t\tdata-wp-on--click=\"actions.showLightbox\"\n\t\t\tdata-wp-style--right=\"state.imageButtonRight\"\n\t\t\tdata-wp-style--top=\"state.imageButtonTop\"\n\t\t>\n\t\t\t<svg xmlns=\"http:\/\/www.w3.org\/2000\/svg\" width=\"12\" height=\"12\" fill=\"none\" viewBox=\"0 0 12 12\">\n\t\t\t\t<path fill=\"#fff\" d=\"M2 0a2 2 0 0 0-2 2v2h1.5V2a.5.5 0 0 1 .5-.5h2V0H2Zm2 10.5H2a.5.5 0 0 1-.5-.5V8H0v2a2 2 0 0 0 2 2h2v-1.5ZM8 12v-1.5h2a.5.5 0 0 0 .5-.5V8H12v2a2 2 0 0 1-2 2H8Zm2-12a2 2 0 0 1 2 2v2h-1.5V2a.5.5 0 0 0-.5-.5H8V0h2Z\" \/>\n\t\t\t<\/svg>\n\t\t<\/button><\/figure>\n\n\n\n<hr class=\"wp-block-separator has-alpha-channel-opacity\"\/>\n\n\n\n<div class=\"wp-block-columns is-layout-flex wp-container-core-columns-is-layout-28f84493 wp-block-columns-is-layout-flex\">\n<div class=\"wp-block-column is-layout-flow wp-block-column-is-layout-flow\" style=\"flex-basis:65%\"><h2 class=\"wp-block-heading\" id=\"cc-m-header-13218900631\" style=\"font-size:clamp(0.875rem, 0.875rem + ((1vw - 0.2rem) * 0.708), 1.3rem);text-transform:uppercase\">W\u00c4RMER\u00dcCKGEWINNGUNGS-ANALYSE \/ PINCH-ANALYSE<\/h2>\n\n\n<p class=\"justify\">In der Industrie wird oft mehr als die H\u00e4lfte der Energie f\u00fcr Heiz- und K\u00fchlprozesse verwendet. Es ist daher wichtig, diese Prozesse anlagen\u00fcbergreifend zu analysieren und hinsichtlich Energieverbrauch, (CO2-)Emissionen sowie Investitions- und Betriebskosten zu optimieren. Bei der Pinch-Analyse wird deshalb das Gesamtsystem (Prozess, Produktionsanlagen und Energieversorgung) systematisch untersucht und die wirtschaftlich und energetisch ideale Kombination von Prozessschritten mit W\u00e4rmebedarf und Prozessschritten mit W\u00e4rmeabgabe ermittelt. Anschlie\u00dfend wird ein technisch machbares und wirtschaftlich optimiertes Anlagendesign erstellt. Mit den empfohlenen Massnahmen kann der Energiebedarf von Industrieprozessen um \u00fcblicherweise 10 bis 40 oder mehr Prozent reduziert werden &#8211; Die Amortisationszeit liegt in der Regel im Bereich von null bis vier Jahren.     <\/p>\n\n\n\n<div class=\"wp-block-buttons is-layout-flex wp-block-buttons-is-layout-flex\">\n<div class=\"wp-block-button\"><a class=\"wp-block-button__link wp-element-button\" href=\"\/heat-recovery-pinch\/\" style=\"border-radius:25px\">Mehr<\/a><\/div>\n<\/div>\n<\/div>\n\n\n\n<div class=\"wp-block-column is-layout-flow wp-block-column-is-layout-flow\">\n<figure data-wp-context=\"{&quot;imageId&quot;:&quot;69f5f76c8f95d&quot;}\" data-wp-interactive=\"core\/image\" data-wp-key=\"69f5f76c8f95d\" class=\"wp-block-image aligncenter size-full is-resized wp-lightbox-container\"><img loading=\"lazy\" decoding=\"async\" width=\"708\" height=\"594\" data-wp-class--hide=\"state.isContentHidden\" data-wp-class--show=\"state.isContentVisible\" data-wp-init=\"callbacks.setButtonStyles\" data-wp-on--click=\"actions.showLightbox\" data-wp-on--load=\"callbacks.setButtonStyles\" data-wp-on-window--resize=\"callbacks.setButtonStyles\" src=\"https:\/\/www.anytherm.com\/wp-content\/uploads\/2024\/05\/image-11.png\" alt=\"Exemplarische hei\u00dfe und kalte Composite Curves. Das Verschieben der kalten Composite Curve nach links reduziert die minimale Temperaturdifferenz (\u0394Tmin), erh\u00f6ht das W\u00e4rmer\u00fcckgewinnungspotenzial (WR-Potenzial) und verringert den Bedarf an K\u00e4lte- und W\u00e4rmeversorgung (KV bzw. WV).\u201c \" class=\"wp-image-245\" style=\"aspect-ratio:1.1919470753414878;width:362px;height:auto\" srcset=\"https:\/\/www.anytherm.com\/wp-content\/uploads\/2024\/05\/image-11.png 708w, https:\/\/www.anytherm.com\/wp-content\/uploads\/2024\/05\/image-11-300x252.png 300w\" sizes=\"auto, (max-width: 708px) 100vw, 708px\" \/><button\n\t\t\tclass=\"lightbox-trigger\"\n\t\t\ttype=\"button\"\n\t\t\taria-haspopup=\"dialog\"\n\t\t\taria-label=\"Vergr\u00f6\u00dfern\"\n\t\t\tdata-wp-init=\"callbacks.initTriggerButton\"\n\t\t\tdata-wp-on--click=\"actions.showLightbox\"\n\t\t\tdata-wp-style--right=\"state.imageButtonRight\"\n\t\t\tdata-wp-style--top=\"state.imageButtonTop\"\n\t\t>\n\t\t\t<svg xmlns=\"http:\/\/www.w3.org\/2000\/svg\" width=\"12\" height=\"12\" fill=\"none\" viewBox=\"0 0 12 12\">\n\t\t\t\t<path fill=\"#fff\" d=\"M2 0a2 2 0 0 0-2 2v2h1.5V2a.5.5 0 0 1 .5-.5h2V0H2Zm2 10.5H2a.5.5 0 0 1-.5-.5V8H0v2a2 2 0 0 0 2 2h2v-1.5ZM8 12v-1.5h2a.5.5 0 0 0 .5-.5V8H12v2a2 2 0 0 1-2 2H8Zm2-12a2 2 0 0 1 2 2v2h-1.5V2a.5.5 0 0 0-.5-.5H8V0h2Z\" \/>\n\t\t\t<\/svg>\n\t\t<\/button><\/figure>\n<\/div>\n<\/div>\n\n\n\n<hr class=\"wp-block-separator has-alpha-channel-opacity\"\/>\n\n\n\n<div class=\"wp-block-columns is-layout-flex wp-container-core-columns-is-layout-28f84493 wp-block-columns-is-layout-flex\">\n<div class=\"wp-block-column is-layout-flow wp-block-column-is-layout-flow\" style=\"flex-basis:65%\"><h2 class=\"wp-block-heading\" id=\"cc-m-header-13221410131\" style=\"font-size:clamp(0.875rem, 0.875rem + ((1vw - 0.2rem) * 0.708), 1.3rem);text-transform:uppercase\">Energieanalyse<\/h2>\n\n\n<p class=\"justify\">Sie wollen Ihre Energieeffizienz steigern und die CO2-Emissionen reduzieren? Oder sind Sie an einer nachhaltigen, kosteng\u00fcnstigen Energieversorgung interessiert?<br>Die Energieanalyse gibt Ihnen einen \u00dcberblick \u00fcber die aktuelle Energiesituation und eine grobe Absch\u00e4tzung des Energieeinsparpotenzials.<br>Weitere Bed\u00fcrfnisse k\u00f6nnen individuell ber\u00fccksichtigt werden. <\/p>\n\n\n\n<div class=\"wp-block-buttons is-layout-flex wp-block-buttons-is-layout-flex\">\n<div class=\"wp-block-button\"><a class=\"wp-block-button__link wp-element-button\" href=\"https:\/\/www.anytherm.com\/de\/energieberatung\/energieanalyse\/\" style=\"border-radius:25px\">Mehr<\/a><\/div>\n<\/div>\n<\/div>\n\n\n\n<div class=\"wp-block-column is-layout-flow wp-block-column-is-layout-flow\">\n<figure class=\"wp-block-image aligncenter size-full is-resized\"><img loading=\"lazy\" decoding=\"async\" width=\"854\" height=\"476\" src=\"https:\/\/www.anytherm.com\/wp-content\/uploads\/2026\/01\/Energieflussdiagramm_BSP_fuer_Webseite_v4.png\" alt=\"\" class=\"wp-image-7056\" style=\"aspect-ratio:1.7942398624444762;width:375px;height:auto\" srcset=\"https:\/\/www.anytherm.com\/wp-content\/uploads\/2026\/01\/Energieflussdiagramm_BSP_fuer_Webseite_v4.png 854w, https:\/\/www.anytherm.com\/wp-content\/uploads\/2026\/01\/Energieflussdiagramm_BSP_fuer_Webseite_v4-300x167.png 300w, https:\/\/www.anytherm.com\/wp-content\/uploads\/2026\/01\/Energieflussdiagramm_BSP_fuer_Webseite_v4-768x428.png 768w\" sizes=\"auto, (max-width: 854px) 100vw, 854px\" \/><\/figure>\n<\/div>\n<\/div>\n\n\n\n<hr class=\"wp-block-separator has-alpha-channel-opacity\"\/>\n\n\n\n<div class=\"wp-block-columns is-layout-flex wp-container-core-columns-is-layout-28f84493 wp-block-columns-is-layout-flex\">\n<div class=\"wp-block-column is-layout-flow wp-block-column-is-layout-flow\" style=\"flex-basis:65%\"><h2 class=\"wp-block-heading\" id=\"cc-m-header-13380583931\" style=\"font-size:clamp(0.875rem, 0.875rem + ((1vw - 0.2rem) * 0.708), 1.3rem);text-transform:uppercase\">Netto-Null-Fahrpl\u00e4ne<\/h2>\n\n\n<p class=\"justify\">Wie kann Ihr Weg zur CO2-Neutralit\u00e4t in Bezug auf Energie und Kosten optimiert werden?<br>Mit unserem Netto-Null-Fahrplan liefern wir eine klare Vision f\u00fcr Ihr Unternehmen.<br>Dieser besteht aus einem Ma\u00dfnahmenplan, der auch die bereits geplanten oder zuk\u00fcnftig erforderlichen technischen \u00c4nderungen an Ihrem Standort ber\u00fccksichtigt (z. B. geplante Anlagenerweiterungen oder Prozessanpassungen). Der Fahrplan zeigt einen Reduktionspfad mit konkreten CO2-Einsparungsma\u00dfnahmen und den jeweiligen Investitionskosten und CO2-Einsparungen. <\/p>\n\n\n\n<div class=\"wp-block-buttons is-layout-flex wp-block-buttons-is-layout-flex\">\n<div class=\"wp-block-button\"><a class=\"wp-block-button__link wp-element-button\" href=\"https:\/\/www.anytherm.com\/de\/energieberatung\/fahrplan-zu-netto-null\/\" style=\"border-radius:27px\">Mehr<\/a><\/div>\n<\/div>\n<\/div>\n\n\n\n<div class=\"wp-block-column is-layout-flow wp-block-column-is-layout-flow\">\n<figure class=\"wp-block-image aligncenter size-full is-resized\"><img loading=\"lazy\" decoding=\"async\" width=\"330\" height=\"196\" src=\"https:\/\/www.anytherm.com\/wp-content\/uploads\/2024\/05\/image-13.png\" alt=\"\" class=\"wp-image-251\" style=\"width:365px;height:auto\" srcset=\"https:\/\/www.anytherm.com\/wp-content\/uploads\/2024\/05\/image-13.png 330w, https:\/\/www.anytherm.com\/wp-content\/uploads\/2024\/05\/image-13-300x178.png 300w\" sizes=\"auto, (max-width: 330px) 100vw, 330px\" \/><\/figure>\n<\/div>\n<\/div>\n\n\n\n<hr class=\"wp-block-separator has-alpha-channel-opacity\"\/>\n\n\n\n<div class=\"wp-block-columns is-layout-flex wp-container-core-columns-is-layout-28f84493 wp-block-columns-is-layout-flex\">\n<div class=\"wp-block-column is-layout-flow wp-block-column-is-layout-flow\" style=\"flex-basis:65%\"><h2 class=\"wp-block-heading\" id=\"cc-m-header-13221565931\" style=\"font-size:clamp(0.875rem, 0.875rem + ((1vw - 0.2rem) * 0.708), 1.3rem);text-transform:uppercase\">Energiemanagement<\/h2>\n\n\n<p>Unsere Energiemanagement-Beratungsleistungen decken die folgenden Themen ab:<\/p>\n\n\n\n<ul class=\"wp-block-list\">\n<li>Verbesserungen von Energiemanagementsystemen<\/li>\n\n\n\n<li>Einf\u00fchrung und Zertifizierung von ISO 50001 Managementsystemen<\/li>\n\n\n\n<li>Entwicklung von Energiezielen und -strategien<\/li>\n\n\n\n<li>Analyse und Vorschl\u00e4ge f\u00fcr Energiesparma\u00dfnahmen<\/li>\n\n\n\n<li>Ma\u00dfnahmen zur Kommunikation und Mitarbeitersensibilisierung<\/li>\n\n\n\n<li>Abkl\u00e4rungen und Antragserarbeitungen zu F\u00f6rdermitteln<\/li>\n\n\n\n<li>Implementierungen von Energiedaten-Messsystemen<br><\/li>\n<\/ul>\n<\/div>\n\n\n\n<div class=\"wp-block-column is-vertically-aligned-center is-layout-flow wp-block-column-is-layout-flow\">\n<figure data-wp-context=\"{&quot;imageId&quot;:&quot;69f5f76c917a0&quot;}\" data-wp-interactive=\"core\/image\" data-wp-key=\"69f5f76c917a0\" class=\"wp-block-image aligncenter size-full is-resized wp-lightbox-container\"><img loading=\"lazy\" decoding=\"async\" width=\"1323\" height=\"1015\" data-wp-class--hide=\"state.isContentHidden\" data-wp-class--show=\"state.isContentVisible\" data-wp-init=\"callbacks.setButtonStyles\" data-wp-on--click=\"actions.showLightbox\" data-wp-on--load=\"callbacks.setButtonStyles\" data-wp-on-window--resize=\"callbacks.setButtonStyles\" src=\"https:\/\/www.anytherm.com\/wp-content\/uploads\/2024\/05\/image-14.png\" alt=\"\" class=\"wp-image-253\" style=\"aspect-ratio:1.3035251581801748;width:291px;height:auto\" srcset=\"https:\/\/www.anytherm.com\/wp-content\/uploads\/2024\/05\/image-14.png 1323w, https:\/\/www.anytherm.com\/wp-content\/uploads\/2024\/05\/image-14-300x230.png 300w, https:\/\/www.anytherm.com\/wp-content\/uploads\/2024\/05\/image-14-1024x786.png 1024w, https:\/\/www.anytherm.com\/wp-content\/uploads\/2024\/05\/image-14-768x589.png 768w\" sizes=\"auto, (max-width: 1323px) 100vw, 1323px\" \/><button\n\t\t\tclass=\"lightbox-trigger\"\n\t\t\ttype=\"button\"\n\t\t\taria-haspopup=\"dialog\"\n\t\t\taria-label=\"Vergr\u00f6\u00dfern\"\n\t\t\tdata-wp-init=\"callbacks.initTriggerButton\"\n\t\t\tdata-wp-on--click=\"actions.showLightbox\"\n\t\t\tdata-wp-style--right=\"state.imageButtonRight\"\n\t\t\tdata-wp-style--top=\"state.imageButtonTop\"\n\t\t>\n\t\t\t<svg xmlns=\"http:\/\/www.w3.org\/2000\/svg\" width=\"12\" height=\"12\" fill=\"none\" viewBox=\"0 0 12 12\">\n\t\t\t\t<path fill=\"#fff\" d=\"M2 0a2 2 0 0 0-2 2v2h1.5V2a.5.5 0 0 1 .5-.5h2V0H2Zm2 10.5H2a.5.5 0 0 1-.5-.5V8H0v2a2 2 0 0 0 2 2h2v-1.5ZM8 12v-1.5h2a.5.5 0 0 0 .5-.5V8H12v2a2 2 0 0 1-2 2H8Zm2-12a2 2 0 0 1 2 2v2h-1.5V2a.5.5 0 0 0-.5-.5H8V0h2Z\" \/>\n\t\t\t<\/svg>\n\t\t<\/button><\/figure>\n<\/div>\n<\/div>\n\n\n\n<hr class=\"wp-block-separator has-alpha-channel-opacity\"\/>\n\n\n\n<p class=\"has-text-align-center\">Ma\u00dfgeschneiderte W\u00e4rmetausch-, W\u00e4rmer\u00fcckgewinnungs- und Energieberatungsdienste &#8211; Because Any Therm Matters<\/p>\n\n\n\n<hr class=\"wp-block-separator has-alpha-channel-opacity\"\/>\n","protected":false},"excerpt":{"rendered":"<p>Anytherm kombiniert fundiertes praktisches Know-how im Bereich industrieller W\u00e4rmeaustausch- und W\u00e4rmer\u00fcckgewinnungsanwendungen mit wissenschaftlich fundierten Methoden, um das Potenzial Ihrer Anlage in Bezug auf W\u00e4rmer\u00fcckgewinnung, Effizienzsteigerung und CO2-Reduzierung zu erschlie\u00dfen. Unsere Energieanalyse- und Energiemanagementdienstleistungen runden unser vielseitiges Angebot an Dienstleistungen und Beratungsaktivit\u00e4ten ab. W\u00c4RMER\u00dcCKGEWINNGUNGS-ANALYSE \/ PINCH-ANALYSE In der Industrie wird oft mehr als die H\u00e4lfte der [&hellip;]<\/p>\n","protected":false},"author":1,"featured_media":0,"parent":0,"menu_order":0,"comment_status":"closed","ping_status":"closed","template":"","meta":{"_acf_changed":false,"inline_featured_image":false,"footnotes":""},"folder":[39,32],"class_list":["post-4272","page","type-page","status-publish","hentry"],"acf":[],"_links":{"self":[{"href":"https:\/\/www.anytherm.com\/de\/wp-json\/wp\/v2\/pages\/4272","targetHints":{"allow":["GET"]}}],"collection":[{"href":"https:\/\/www.anytherm.com\/de\/wp-json\/wp\/v2\/pages"}],"about":[{"href":"https:\/\/www.anytherm.com\/de\/wp-json\/wp\/v2\/types\/page"}],"author":[{"embeddable":true,"href":"https:\/\/www.anytherm.com\/de\/wp-json\/wp\/v2\/users\/1"}],"replies":[{"embeddable":true,"href":"https:\/\/www.anytherm.com\/de\/wp-json\/wp\/v2\/comments?post=4272"}],"version-history":[{"count":53,"href":"https:\/\/www.anytherm.com\/de\/wp-json\/wp\/v2\/pages\/4272\/revisions"}],"predecessor-version":[{"id":7066,"href":"https:\/\/www.anytherm.com\/de\/wp-json\/wp\/v2\/pages\/4272\/revisions\/7066"}],"wp:attachment":[{"href":"https:\/\/www.anytherm.com\/de\/wp-json\/wp\/v2\/media?parent=4272"}],"wp:term":[{"taxonomy":"folder","embeddable":true,"href":"https:\/\/www.anytherm.com\/de\/wp-json\/wp\/v2\/folder?post=4272"}],"curies":[{"name":"wp","href":"https:\/\/api.w.org\/{rel}","templated":true}]}}